{"id":44,"date":"2025-01-03T12:12:05","date_gmt":"2025-01-03T12:12:05","guid":{"rendered":"https:\/\/emlegis.com\/?page_id=44"},"modified":"2025-02-24T11:47:12","modified_gmt":"2025-02-24T11:47:12","slug":"kim-jestesmy","status":"publish","type":"page","link":"https:\/\/emlegis.com\/pl\/kim-jestesmy\/","title":{"rendered":"Kim jeste\u015bmy"},"content":{"rendered":"<div data-elementor-type=\"wp-page\" data-elementor-id=\"44\" class=\"elementor elementor-44\" data-elementor-post-type=\"page\">\n\t\t\t\t<div class=\"elementor-element elementor-element-07ca58a e-con-full e-flex e-con e-parent\" data-id=\"07ca58a\" data-element_type=\"container\">\n\t\t<div class=\"elementor-element elementor-element-3b93ee2 e-con-full e-flex e-con e-child\" data-id=\"3b93ee2\" data-element_type=\"container\" data-settings=\"{&quot;background_background&quot;:&quot;classic&quot;}\">\n\t\t\t\t<\/div>\n\t\t<div class=\"elementor-element elementor-element-cb6c41e e-con-full elementor-hidden-mobile e-flex e-con e-child\" data-id=\"cb6c41e\" data-element_type=\"container\" data-settings=\"{&quot;background_background&quot;:&quot;classic&quot;}\">\n\t\t\t\t<div class=\"elementor-element elementor-element-89b72d1 elementor-widget elementor-widget-heading\" data-id=\"89b72d1\" data-element_type=\"widget\" data-widget_type=\"heading.default\">\n\t\t\t\t<div class=\"elementor-widget-container\">\n\t\t\t\t\t<h1 class=\"elementor-heading-title elementor-size-default\">Kim jeste\u015bmy<\/h1>\t\t\t\t<\/div>\n\t\t\t\t<\/div>\n\t\t\t\t<\/div>\n\t\t\t\t<\/div>\n\t\t<div class=\"elementor-element elementor-element-52a23a9 e-flex e-con-boxed e-con e-parent\" data-id=\"52a23a9\" data-element_type=\"container\" data-settings=\"{&quot;background_background&quot;:&quot;classic&quot;}\">\n\t\t\t\t\t<div class=\"e-con-inner\">\n\t\t\t\t<div class=\"elementor-element elementor-element-6491ba4 elementor-widget elementor-widget-heading\" data-id=\"6491ba4\" data-element_type=\"widget\" data-widget_type=\"heading.default\">\n\t\t\t\t<div class=\"elementor-widget-container\">\n\t\t\t\t\t<h1 class=\"elementor-heading-title elementor-size-default\">Kim jeste\u015bmy<\/h1>\t\t\t\t<\/div>\n\t\t\t\t<\/div>\n\t\t\t\t\t<\/div>\n\t\t\t\t<\/div>\n\t\t<div class=\"elementor-element elementor-element-7149cec e-con-full e-flex e-con e-parent\" data-id=\"7149cec\" data-element_type=\"container\" data-settings=\"{&quot;background_background&quot;:&quot;classic&quot;}\">\n\t\t<div class=\"elementor-element elementor-element-44a94ce e-con-full e-flex e-con e-child\" data-id=\"44a94ce\" data-element_type=\"container\">\n\t\t\t\t<div class=\"elementor-element elementor-element-b28768d elementor-widget elementor-widget-text-editor\" data-id=\"b28768d\" data-element_type=\"widget\" data-widget_type=\"text-editor.default\">\n\t\t\t\t<div class=\"elementor-widget-container\">\n\t\t\t\t\t\t\t\t\t<p>EM LEGIS tiene su sede en el Puerto de Alcudia en Mallorca. Fundado por Ewelina Majcherek una abogada de nacionalidad polaca con la formaci\u00f3n acad\u00e9mica y profesional recibida tanto en Polonia como en Espa\u00f1a. La combinaci\u00f3n de sus habilidades ling\u00fc\u00edsticas (conocimiento de espa\u00f1ol, polaco e ingl\u00e9s) con sus licenciaturas en derecho y sociolog\u00eda le permite abordar cada caso con una perspectiva integral, entendiendo tanto los aspectos legales como los contextos culturales que pueden influir en la situaci\u00f3n de sus clientes.<\/p><p>Ta perspektywa ma fundamentalne znaczenie dla zrozumienia wyzwa\u0144, przed jakimi staj\u0105 klienci na drodze zwi\u0105zanej z zawi\u0142o\u015bciami prawnymi. EM LEGIS zobowi\u0105zuje si\u0119 do \u015bwiadczenia us\u0142ug, kt\u00f3re opieraj\u0105 si\u0119 nie tylko na rozleg\u0142ej wiedzy prawnej, ale tak\u017ce na g\u0142\u0119bokim zrozumieniu dynamiki spo\u0142ecznej, zapewniaj\u0105c w ten spos\u00f3b skuteczne doradztwo dostosowane do indywidualnych potrzeb.<\/p><p>Towarzyszymy naszym klientom w procesach prawnych kupna i sprzeda\u017cy nieruchomo\u015bci w Hiszpanii, ze szczeg\u00f3lnym uwzgl\u0119dnieniem transakcji na Majorce. Ponadto oferujemy porady prawne i reprezentacj\u0119 w sporach s\u0105dowych z zakresu prawa pracy i prawa cywilnego.<\/p>\t\t\t\t\t\t\t\t<\/div>\n\t\t\t\t<\/div>\n\t\t\t\t<div class=\"elementor-element elementor-element-4329449 elementor-widget elementor-widget-button\" data-id=\"4329449\" data-element_type=\"widget\" data-widget_type=\"button.default\">\n\t\t\t\t<div class=\"elementor-widget-container\">\n\t\t\t\t\t\t\t\t\t<div class=\"elementor-button-wrapper\">\n\t\t\t\t\t<a class=\"elementor-button elementor-button-link elementor-size-sm\" href=\"https:\/\/emlegis.com\/pl\/specjalizacje\/\">\n\t\t\t\t\t\t<span class=\"elementor-button-content-wrapper\">\n\t\t\t\t\t\t\t\t\t<span class=\"elementor-button-text\">Specjalizacje<\/span>\n\t\t\t\t\t<\/span>\n\t\t\t\t\t<\/a>\n\t\t\t\t<\/div>\n\t\t\t\t\t\t\t\t<\/div>\n\t\t\t\t<\/div>\n\t\t\t\t<\/div>\n\t\t<div class=\"elementor-element elementor-element-402b521 e-con-full e-flex e-con e-child\" data-id=\"402b521\" data-element_type=\"container\" data-settings=\"{&quot;background_background&quot;:&quot;classic&quot;}\">\n\t\t\t\t<\/div>\n\t\t\t\t<\/div>\n\t\t<div class=\"elementor-element elementor-element-3082d9e e-flex e-con-boxed e-con e-parent\" data-id=\"3082d9e\" data-element_type=\"container\" data-settings=\"{&quot;background_background&quot;:&quot;classic&quot;}\">\n\t\t\t\t\t<div class=\"e-con-inner\">\n\t\t\t\t<div class=\"elementor-element elementor-element-58ed921 elementor-widget elementor-widget-heading\" data-id=\"58ed921\" data-element_type=\"widget\" data-widget_type=\"heading.default\">\n\t\t\t\t<div class=\"elementor-widget-container\">\n\t\t\t\t\t<h1 class=\"elementor-heading-title elementor-size-default\">O adwokat Ewelinie Majcherek \n<\/h1>\t\t\t\t<\/div>\n\t\t\t\t<\/div>\n\t\t\t\t\t<\/div>\n\t\t\t\t<\/div>\n\t\t<div class=\"elementor-element elementor-element-87b1fb6 e-con-full e-flex e-con e-parent\" data-id=\"87b1fb6\" data-element_type=\"container\" data-settings=\"{&quot;background_background&quot;:&quot;classic&quot;}\">\n\t\t<div class=\"elementor-element elementor-element-60d464c e-con-full e-flex e-con e-child\" data-id=\"60d464c\" data-element_type=\"container\">\n\t\t\t\t<div class=\"elementor-element elementor-element-18a495c elementor-widget elementor-widget-image\" data-id=\"18a495c\" data-element_type=\"widget\" data-widget_type=\"image.default\">\n\t\t\t\t<div class=\"elementor-widget-container\">\n\t\t\t\t\t\t\t\t\t\t\t\t\t\t\t<img fetchpriority=\"high\" decoding=\"async\" width=\"768\" height=\"1152\" src=\"https:\/\/emlegis.com\/wp-content\/uploads\/2025\/01\/Ewelina--768x1152.jpg\" class=\"attachment-medium_large size-medium_large wp-image-195\" alt=\"\" srcset=\"https:\/\/emlegis.com\/wp-content\/uploads\/2025\/01\/Ewelina--768x1152.jpg 768w, https:\/\/emlegis.com\/wp-content\/uploads\/2025\/01\/Ewelina--200x300.jpg 200w, https:\/\/emlegis.com\/wp-content\/uploads\/2025\/01\/Ewelina--683x1024.jpg 683w, https:\/\/emlegis.com\/wp-content\/uploads\/2025\/01\/Ewelina--1024x1536.jpg 1024w, https:\/\/emlegis.com\/wp-content\/uploads\/2025\/01\/Ewelina--1366x2048.jpg 1366w, https:\/\/emlegis.com\/wp-content\/uploads\/2025\/01\/Ewelina--scaled.jpg 1707w\" sizes=\"(max-width: 768px) 100vw, 768px\" \/>\t\t\t\t\t\t\t\t\t\t\t\t\t\t\t<\/div>\n\t\t\t\t<\/div>\n\t\t<div class=\"elementor-element elementor-element-4bd2def e-grid e-con-full e-con e-child\" data-id=\"4bd2def\" data-element_type=\"container\">\n\t\t\t\t<div class=\"elementor-element elementor-element-c1e8f18 elementor-widget elementor-widget-heading\" data-id=\"c1e8f18\" data-element_type=\"widget\" data-widget_type=\"heading.default\">\n\t\t\t\t<div class=\"elementor-widget-container\">\n\t\t\t\t\t<h3 class=\"elementor-heading-title elementor-size-default\">Poruszaj\u0105c si\u0119 w zawi\u0142o\u015bciach proceduralnych z integralno\u015bci\u0105 i do\u015bwiadczeniem, jeste\u015bmy tutaj, aby sta\u0107 na stra\u017cy Twoich interes\u00f3w prawnych.<\/h3>\t\t\t\t<\/div>\n\t\t\t\t<\/div>\n\t\t\t\t<\/div>\n\t\t\t\t<\/div>\n\t\t<div class=\"elementor-element elementor-element-3843d5b e-con-full e-flex e-con e-child\" data-id=\"3843d5b\" data-element_type=\"container\">\n\t\t\t\t<div class=\"elementor-element elementor-element-e4a9e3c elementor-widget elementor-widget-text-editor\" data-id=\"e4a9e3c\" data-element_type=\"widget\" data-widget_type=\"text-editor.default\">\n\t\t\t\t<div class=\"elementor-widget-container\">\n\t\t\t\t\t\t\t\t\t<p>Nazywam si\u0119 Ewelina Majcherek i jestem adwokatem zrzeszonym w Izbie Adwokackiej Wysp Balear\u00f3w z numerem 7312.\n\nPochodz\u0119 z Polski, gdzie w 2010 roku uko\u0144czy\u0142am studia magisterskie z zakresu socjologii ze specjalizacj\u0105 socjologia kultury na Uniwersytecie Szczeci\u0144skim. R\u00f3wnolegle studiowalam drugi kierunek \u2013 prawo, ktory uko\u0144czy\u0142am, uzyskuj\u0105c dyplom w 2011 roku na tym samym uniwersytecie.<\/p><p>Zaraz po uko\u0144czeniu studi\u00f3w mia\u0142am okazj\u0119 pracowa\u0107 jako wyk\u0142adowca i socjolog na Uniwersytecie Szczeci\u0144skim. W tym czasie prowadzi\u0142am badania, rozpocz\u0119te jeszcze na studiach, dotycz\u0105ce procesu akulturacji Polak\u00f3w mieszkaj\u0105cych za granic\u0105, w tym w Hiszpanii. Zaw\u00f3d socjologa pozwoli\u0142 mi zg\u0142\u0119bi\u0107 wiedz\u0119 na temat dynamiki kulturowej i spo\u0142ecznej w \u015brodowisku mi\u0119dzynarodowym.<\/p><p>Ch\u0119\u0107 wykorzystania wiedzy teoretycznej w praktyce sk\u0142oni\u0142a mnie do wyjazdu z Polski, najpierw do Grecji, a nast\u0119pnie do Hiszpanii, gdzie od 2014 roku mieszkam na Majorce.<\/p><p>Poczucie silnej wi\u0119zi ze \u015bwiatem akademickim sk\u0142oni\u0142o mnie do podj\u0119cia studi\u00f3w prawniczych na Uniwersytecie Wysp Balear\u00f3w, kt\u00f3re uko\u0144czy\u0142am w 2023 roku. Jest to szczeg\u00f3lnie istotne w moim obecnym zawodzie, poniewa\u017c uko\u0144czenie studi\u00f3w prawniczych zar\u00f3wno w Polsce, jak i w Hiszpanii pozwoli\u0142o mi zdoby\u0107 dog\u0142\u0119bn\u0105 wiedz\u0119 na temat obu system\u00f3w prawnych. Wykszta\u0142cenie z zakresu socjologii i prawa zdobyte w Polsce i w Hiszpanii daje mi mo\u017cliwo\u015b\u0107 zastosowania wiedzy w praktyce i oferowania kompleksowych i specjalistycznych porad moim klientom.<\/p><p>W 2024 roku uko\u0144czy\u0142am studia master z zakresu adwokatury i prokury na Uniwersytecie Balear\u00f3w przy Izbie Adwokackiej Wysp Balear\u00f3w, z zamiarem wzbogacenia swoich umiej\u0119tno\u015bci zawodowych i nabycia uprawnie\u0144 do wykonywania zawodu adwokata w Hiszpanii. W tym samym roku zda\u0142am egzamin pa\u0144stwowy, co pozwoli\u0142o mi na zrzeczenie si\u0119 jako adwokat w Izbie Adwokackiej Wysp Balear\u00f3w. W moim zawodzie staram si\u0119 \u0142\u0105czy\u0107 wykszta\u0142cenie socjologiczne i prawnicze ze zrozumieniem r\u00f3\u017cnorodno\u015bci kulturowej i znajomo\u015bci\u0105 j\u0119zyk\u00f3w (hiszpa\u0144ski, polski, angielski na poziomie p\u0142ynnym i komunikatywny niemiecki).<\/p><p>Postrzegam si\u0119 jako osob\u0119 empatyczn\u0105, wyrozumia\u0142\u0105, z umiej\u0119tno\u015bci\u0105 s\u0142uchania, co pozwala mi zrozumie\u0107 sytuacje spo\u0142eczne i konteksty kulturowe, zw\u0142aszcza w \u015brodowisku mi\u0119dzynarodowym. Moim celem jest pomoc osobom, kt\u00f3re chc\u0105 mieszka\u0107 w Hiszpanii i potrzebuj\u0105 wsparcia prawnego, aby dostosowa\u0107 si\u0119 do nowej rzeczywisto\u015bci, zapewniaj\u0105c im niezb\u0119dne porady prawne, aby u\u0142atwi\u0107 integracj\u0119 i adaptacj\u0119 w nowym \u015brodowisku.<\/p><p>Pasjonuj\u0119 si\u0119 prawem nieruchomo\u015bci oraz prawem pracy, zw\u0142aszcza w kontek\u015bcie mi\u0119dzynarodowym, gdzie mog\u0119 wykorzysta\u0107 swoje do\u015bwiadczenie i umiej\u0119tno\u015bci komunikacyjne, aby zaoferowa\u0107 kompleksow\u0105 obs\u0142ug\u0119 dostosowan\u0105 do potrzeb moich klient\u00f3w.<\/p>\t\t\t\t\t\t\t\t<\/div>\n\t\t\t\t<\/div>\n\t\t\t\t<div class=\"elementor-element elementor-element-67a32c6 elementor-view-default elementor-widget elementor-widget-icon\" data-id=\"67a32c6\" data-element_type=\"widget\" data-widget_type=\"icon.default\">\n\t\t\t\t<div class=\"elementor-widget-container\">\n\t\t\t\t\t\t\t<div class=\"elementor-icon-wrapper\">\n\t\t\t<a class=\"elementor-icon\" href=\"https:\/\/www.linkedin.com\/in\/ewelina-majcherek-95525a8a\/\">\n\t\t\t<svg xmlns=\"http:\/\/www.w3.org\/2000\/svg\" id=\"OBJECTS\" viewbox=\"0 0 75.98 75.98\"><defs><style>      .cls-1 {        fill: #fff;        stroke-width: 0px;      }    <\/style><\/defs><path class=\"cls-1\" d=\"m39.47,70.92c-18.16,0-32.94-14.78-32.94-32.94S21.31,5.05,39.47,5.05s32.94,14.78,32.94,32.94-14.78,32.94-32.94,32.94Zm0-64.87c-17.61,0-31.94,14.33-31.94,31.94s14.33,31.94,31.94,31.94,31.94-14.33,31.94-31.94S57.08,6.05,39.47,6.05Z\"><\/path><path class=\"cls-1\" d=\"m54.28,41.19v10.95h-6.35v-10.22c0-2.57-.92-4.32-3.22-4.32-1.75,0-2.8,1.18-3.26,2.32-.17.41-.21.97-.21,1.55v10.66h-6.35s.09-17.3,0-19.09h6.35v2.71s-.03.04-.04.06h.04v-.06c.84-1.3,2.35-3.15,5.72-3.15,4.18,0,7.31,2.73,7.31,8.59h0Zm-26.02-17.35c-2.17,0-3.59,1.43-3.59,3.3s1.38,3.3,3.51,3.3h.04c2.21,0,3.59-1.47,3.59-3.3-.04-1.87-1.38-3.3-3.55-3.3h0Zm-3.22,28.3h6.35v-19.1h-6.35v19.1Z\"><\/path><\/svg>\t\t\t<\/a>\n\t\t<\/div>\n\t\t\t\t\t\t<\/div>\n\t\t\t\t<\/div>\n\t\t\t\t<\/div>\n\t\t\t\t<\/div>\n\t\t<div class=\"elementor-element elementor-element-32a724a e-con-full e-flex e-con e-parent\" data-id=\"32a724a\" data-element_type=\"container\" data-settings=\"{&quot;background_background&quot;:&quot;classic&quot;}\">\n\t\t\t\t<\/div>\n\t\t<div class=\"elementor-element elementor-element-ce7cbaf e-flex e-con-boxed e-con e-parent\" data-id=\"ce7cbaf\" data-element_type=\"container\" data-settings=\"{&quot;background_background&quot;:&quot;classic&quot;}\">\n\t\t\t\t\t<div class=\"e-con-inner\">\n\t\t\t\t<div class=\"elementor-element elementor-element-ad4987d elementor-widget elementor-widget-heading\" data-id=\"ad4987d\" data-element_type=\"widget\" data-widget_type=\"heading.default\">\n\t\t\t\t<div class=\"elementor-widget-container\">\n\t\t\t\t\t<h1 class=\"elementor-heading-title elementor-size-default\">Nasza Filozofia<\/h1>\t\t\t\t<\/div>\n\t\t\t\t<\/div>\n\t\t\t\t\t<\/div>\n\t\t\t\t<\/div>\n\t\t<div class=\"elementor-element elementor-element-c07fc64 e-con-full e-flex e-con e-parent\" data-id=\"c07fc64\" data-element_type=\"container\" data-settings=\"{&quot;background_background&quot;:&quot;classic&quot;}\">\n\t\t<div class=\"elementor-element elementor-element-5a37dda e-con-full e-flex e-con e-child\" data-id=\"5a37dda\" data-element_type=\"container\">\n\t\t\t\t<div class=\"elementor-element elementor-element-16cc6c7 elementor-widget elementor-widget-heading\" data-id=\"16cc6c7\" data-element_type=\"widget\" data-widget_type=\"heading.default\">\n\t\t\t\t<div class=\"elementor-widget-container\">\n\t\t\t\t\t<h2 class=\"elementor-heading-title elementor-size-default\">Zaufanie<\/h2>\t\t\t\t<\/div>\n\t\t\t\t<\/div>\n\t\t\t\t<div class=\"elementor-element elementor-element-96f6214 elementor-widget elementor-widget-text-editor\" data-id=\"96f6214\" data-element_type=\"widget\" data-widget_type=\"text-editor.default\">\n\t\t\t\t<div class=\"elementor-widget-container\">\n\t\t\t\t\t\t\t\t\t<p>Wspieramy relacje oparte na przejrzysto\u015bci i otwartej komunikacji. Naszym priorytetem jest zapewnienie bezpiecze\u0144stwa, zrozumienia i wsparcia naszym klientom na ka\u017cdym etapie procesu prawnego, tworz\u0105c \u015brodowisko, w kt\u00f3rym mog\u0105 wyrazi\u0107 swoje obawy i otrzyma\u0107 uczciw\u0105 porad\u0119 opart\u0105 na wiedzy prawnej.<\/p>\t\t\t\t\t\t\t\t<\/div>\n\t\t\t\t<\/div>\n\t\t\t\t<\/div>\n\t\t<div class=\"elementor-element elementor-element-b2a91d4 e-con-full e-flex e-con e-child\" data-id=\"b2a91d4\" data-element_type=\"container\">\n\t\t\t\t<div class=\"elementor-element elementor-element-6c636cd elementor-widget elementor-widget-heading\" data-id=\"6c636cd\" data-element_type=\"widget\" data-widget_type=\"heading.default\">\n\t\t\t\t<div class=\"elementor-widget-container\">\n\t\t\t\t\t<h2 class=\"elementor-heading-title elementor-size-default\">Zrozumienie kulturowe i prawne<\/h2>\t\t\t\t<\/div>\n\t\t\t\t<\/div>\n\t\t\t\t<div class=\"elementor-element elementor-element-e39002d elementor-widget elementor-widget-text-editor\" data-id=\"e39002d\" data-element_type=\"widget\" data-widget_type=\"text-editor.default\">\n\t\t\t\t<div class=\"elementor-widget-container\">\n\t\t\t\t\t\t\t\t\t<p>Valoramos la diversidad de nuestros clientes internacionales. Estamos formados en conocer no solamente las normas del ordenamiento jur\u00eddico espa\u00f1ol, sino tambi\u00e9n polaco y las normas de derecho internacional p\u00fablico. Esto nos permite ofrecer un asesoramiento que se alinea con las expectativas y necesidades espec\u00edficas de nuestros clientes.<\/p>\t\t\t\t\t\t\t\t<\/div>\n\t\t\t\t<\/div>\n\t\t\t\t<\/div>\n\t\t<div class=\"elementor-element elementor-element-a7c7a09 e-con-full e-flex e-con e-child\" data-id=\"a7c7a09\" data-element_type=\"container\">\n\t\t\t\t<div class=\"elementor-element elementor-element-91e90af elementor-widget elementor-widget-heading\" data-id=\"91e90af\" data-element_type=\"widget\" data-widget_type=\"heading.default\">\n\t\t\t\t<div class=\"elementor-widget-container\">\n\t\t\t\t\t<h2 class=\"elementor-heading-title elementor-size-default\">W\u0142\u0105czenie w proces prawny<\/h2>\t\t\t\t<\/div>\n\t\t\t\t<\/div>\n\t\t\t\t<div class=\"elementor-element elementor-element-72b315a elementor-widget elementor-widget-text-editor\" data-id=\"72b315a\" data-element_type=\"widget\" data-widget_type=\"text-editor.default\">\n\t\t\t\t<div class=\"elementor-widget-container\">\n\t\t\t\t\t\t\t\t\t<p>Wierzymy w znaczenie budowania silnych i pe\u0142nych szacunku relacji. Tworzymy \u015brodowisko, w kt\u00f3rym ka\u017cdy g\u0142os jest s\u0142yszany i ka\u017cda sytuacja jest brana pod uwag\u0119, zapewniaj\u0105c, \u017ce wszyscy nasi klienci czuj\u0105 si\u0119 rozumiani i wspierani w swoich potrzebach prawnych.<\/p>\t\t\t\t\t\t\t\t<\/div>\n\t\t\t\t<\/div>\n\t\t\t\t<\/div>\n\t\t\t\t<\/div>\n\t\t\t\t<\/div>","protected":false},"excerpt":{"rendered":"<p>Qui\u00e9nes Somos Qui\u00e9nes Somos EM LEGIS tiene su sede en el Puerto de Alcudia en Mallorca. Fundado por Ewelina Majcherek una abogada de nacionalidad polaca con la formaci\u00f3n acad\u00e9mica y profesional recibida tanto en Polonia como en Espa\u00f1a. La combinaci\u00f3n de sus habilidades ling\u00fc\u00edsticas (conocimiento de espa\u00f1ol, polaco e ingl\u00e9s) con sus licenciaturas en derecho [&hellip;]<\/p>","protected":false},"author":1,"featured_media":0,"parent":0,"menu_order":0,"comment_status":"closed","ping_status":"closed","template":"elementor_header_footer","meta":{"inline_featured_image":false,"footnotes":""},"class_list":["post-44","page","type-page","status-publish","hentry"],"yoast_head":"<!-- This site is optimized with the Yoast SEO plugin v24.6 - https:\/\/yoast.com\/wordpress\/plugins\/seo\/ -->\n<title>Qui\u00e9nes Somos - emlegis.com<\/title>\n<meta name=\"robots\" content=\"index, follow, max-snippet:-1, max-image-preview:large, max-video-preview:-1\" \/>\n<link rel=\"canonical\" href=\"https:\/\/emlegis.com\/pl\/kim-jestesmy\/\" \/>\n<meta property=\"og:locale\" content=\"pl_PL\" \/>\n<meta property=\"og:type\" content=\"article\" \/>\n<meta property=\"og:title\" content=\"Qui\u00e9nes Somos - emlegis.com\" \/>\n<meta property=\"og:description\" content=\"Qui\u00e9nes Somos Qui\u00e9nes Somos EM LEGIS tiene su sede en el Puerto de Alcudia en Mallorca. Fundado por Ewelina Majcherek una abogada de nacionalidad polaca con la formaci\u00f3n acad\u00e9mica y profesional recibida tanto en Polonia como en Espa\u00f1a. La combinaci\u00f3n de sus habilidades ling\u00fc\u00edsticas (conocimiento de espa\u00f1ol, polaco e ingl\u00e9s) con sus licenciaturas en derecho [&hellip;]\" \/>\n<meta property=\"og:url\" content=\"https:\/\/emlegis.com\/pl\/kim-jestesmy\/\" \/>\n<meta property=\"og:site_name\" content=\"emlegis.com\" \/>\n<meta property=\"article:modified_time\" content=\"2025-02-24T11:47:12+00:00\" \/>\n<meta property=\"og:image\" content=\"https:\/\/emlegis.com\/wp-content\/uploads\/2025\/01\/Ewelina--scaled.jpg\" \/>\n\t<meta property=\"og:image:width\" content=\"1707\" \/>\n\t<meta property=\"og:image:height\" content=\"2560\" \/>\n\t<meta property=\"og:image:type\" content=\"image\/jpeg\" \/>\n<meta name=\"twitter:card\" content=\"summary_large_image\" \/>\n<meta name=\"twitter:label1\" content=\"Szacowany czas czytania\" \/>\n\t<meta name=\"twitter:data1\" content=\"4 minuty\" \/>\n<script type=\"application\/ld+json\" class=\"yoast-schema-graph\">{\"@context\":\"https:\/\/schema.org\",\"@graph\":[{\"@type\":\"WebPage\",\"@id\":\"https:\/\/emlegis.com\/quienes-somos\/\",\"url\":\"https:\/\/emlegis.com\/quienes-somos\/\",\"name\":\"Qui\u00e9nes Somos - emlegis.com\",\"isPartOf\":{\"@id\":\"https:\/\/emlegis.com\/#website\"},\"primaryImageOfPage\":{\"@id\":\"https:\/\/emlegis.com\/quienes-somos\/#primaryimage\"},\"image\":{\"@id\":\"https:\/\/emlegis.com\/quienes-somos\/#primaryimage\"},\"thumbnailUrl\":\"https:\/\/emlegis.com\/wp-content\/uploads\/2025\/01\/Ewelina--768x1152.jpg\",\"datePublished\":\"2025-01-03T12:12:05+00:00\",\"dateModified\":\"2025-02-24T11:47:12+00:00\",\"breadcrumb\":{\"@id\":\"https:\/\/emlegis.com\/quienes-somos\/#breadcrumb\"},\"inLanguage\":\"pl-PL\",\"potentialAction\":[{\"@type\":\"ReadAction\",\"target\":[\"https:\/\/emlegis.com\/quienes-somos\/\"]}]},{\"@type\":\"ImageObject\",\"inLanguage\":\"pl-PL\",\"@id\":\"https:\/\/emlegis.com\/quienes-somos\/#primaryimage\",\"url\":\"https:\/\/emlegis.com\/wp-content\/uploads\/2025\/01\/Ewelina--768x1152.jpg\",\"contentUrl\":\"https:\/\/emlegis.com\/wp-content\/uploads\/2025\/01\/Ewelina--768x1152.jpg\"},{\"@type\":\"BreadcrumbList\",\"@id\":\"https:\/\/emlegis.com\/quienes-somos\/#breadcrumb\",\"itemListElement\":[{\"@type\":\"ListItem\",\"position\":1,\"name\":\"Portada\",\"item\":\"https:\/\/emlegis.com\/\"},{\"@type\":\"ListItem\",\"position\":2,\"name\":\"Qui\u00e9nes Somos\"}]},{\"@type\":\"WebSite\",\"@id\":\"https:\/\/emlegis.com\/#website\",\"url\":\"https:\/\/emlegis.com\/\",\"name\":\"emlegis.com\",\"description\":\"\",\"potentialAction\":[{\"@type\":\"SearchAction\",\"target\":{\"@type\":\"EntryPoint\",\"urlTemplate\":\"https:\/\/emlegis.com\/?s={search_term_string}\"},\"query-input\":{\"@type\":\"PropertyValueSpecification\",\"valueRequired\":true,\"valueName\":\"search_term_string\"}}],\"inLanguage\":\"pl-PL\"}]}<\/script>\n<!-- \/ Yoast SEO plugin. -->","yoast_head_json":{"title":"Qui\u00e9nes Somos - emlegis.com","robots":{"index":"index","follow":"follow","max-snippet":"max-snippet:-1","max-image-preview":"max-image-preview:large","max-video-preview":"max-video-preview:-1"},"canonical":"https:\/\/emlegis.com\/pl\/kim-jestesmy\/","og_locale":"pl_PL","og_type":"article","og_title":"Qui\u00e9nes Somos - emlegis.com","og_description":"Qui\u00e9nes Somos Qui\u00e9nes Somos EM LEGIS tiene su sede en el Puerto de Alcudia en Mallorca. Fundado por Ewelina Majcherek una abogada de nacionalidad polaca con la formaci\u00f3n acad\u00e9mica y profesional recibida tanto en Polonia como en Espa\u00f1a. La combinaci\u00f3n de sus habilidades ling\u00fc\u00edsticas (conocimiento de espa\u00f1ol, polaco e ingl\u00e9s) con sus licenciaturas en derecho [&hellip;]","og_url":"https:\/\/emlegis.com\/pl\/kim-jestesmy\/","og_site_name":"emlegis.com","article_modified_time":"2025-02-24T11:47:12+00:00","og_image":[{"width":1707,"height":2560,"url":"https:\/\/emlegis.com\/wp-content\/uploads\/2025\/01\/Ewelina--scaled.jpg","type":"image\/jpeg"}],"twitter_card":"summary_large_image","twitter_misc":{"Szacowany czas czytania":"4 minuty"},"schema":{"@context":"https:\/\/schema.org","@graph":[{"@type":"WebPage","@id":"https:\/\/emlegis.com\/quienes-somos\/","url":"https:\/\/emlegis.com\/quienes-somos\/","name":"Qui\u00e9nes Somos - emlegis.com","isPartOf":{"@id":"https:\/\/emlegis.com\/#website"},"primaryImageOfPage":{"@id":"https:\/\/emlegis.com\/quienes-somos\/#primaryimage"},"image":{"@id":"https:\/\/emlegis.com\/quienes-somos\/#primaryimage"},"thumbnailUrl":"https:\/\/emlegis.com\/wp-content\/uploads\/2025\/01\/Ewelina--768x1152.jpg","datePublished":"2025-01-03T12:12:05+00:00","dateModified":"2025-02-24T11:47:12+00:00","breadcrumb":{"@id":"https:\/\/emlegis.com\/quienes-somos\/#breadcrumb"},"inLanguage":"pl-PL","potentialAction":[{"@type":"ReadAction","target":["https:\/\/emlegis.com\/quienes-somos\/"]}]},{"@type":"ImageObject","inLanguage":"pl-PL","@id":"https:\/\/emlegis.com\/quienes-somos\/#primaryimage","url":"https:\/\/emlegis.com\/wp-content\/uploads\/2025\/01\/Ewelina--768x1152.jpg","contentUrl":"https:\/\/emlegis.com\/wp-content\/uploads\/2025\/01\/Ewelina--768x1152.jpg"},{"@type":"BreadcrumbList","@id":"https:\/\/emlegis.com\/quienes-somos\/#breadcrumb","itemListElement":[{"@type":"ListItem","position":1,"name":"Portada","item":"https:\/\/emlegis.com\/"},{"@type":"ListItem","position":2,"name":"Qui\u00e9nes Somos"}]},{"@type":"WebSite","@id":"https:\/\/emlegis.com\/#website","url":"https:\/\/emlegis.com\/","name":"emlegis.com","description":"","potentialAction":[{"@type":"SearchAction","target":{"@type":"EntryPoint","urlTemplate":"https:\/\/emlegis.com\/?s={search_term_string}"},"query-input":{"@type":"PropertyValueSpecification","valueRequired":true,"valueName":"search_term_string"}}],"inLanguage":"pl-PL"}]}},"_links":{"self":[{"href":"https:\/\/emlegis.com\/pl\/wp-json\/wp\/v2\/pages\/44","targetHints":{"allow":["GET"]}}],"collection":[{"href":"https:\/\/emlegis.com\/pl\/wp-json\/wp\/v2\/pages"}],"about":[{"href":"https:\/\/emlegis.com\/pl\/wp-json\/wp\/v2\/types\/page"}],"author":[{"embeddable":true,"href":"https:\/\/emlegis.com\/pl\/wp-json\/wp\/v2\/users\/1"}],"replies":[{"embeddable":true,"href":"https:\/\/emlegis.com\/pl\/wp-json\/wp\/v2\/comments?post=44"}],"version-history":[{"count":130,"href":"https:\/\/emlegis.com\/pl\/wp-json\/wp\/v2\/pages\/44\/revisions"}],"predecessor-version":[{"id":1003,"href":"https:\/\/emlegis.com\/pl\/wp-json\/wp\/v2\/pages\/44\/revisions\/1003"}],"wp:attachment":[{"href":"https:\/\/emlegis.com\/pl\/wp-json\/wp\/v2\/media?parent=44"}],"curies":[{"name":"wp","href":"https:\/\/api.w.org\/{rel}","templated":true}]}}