{"id":28,"date":"2025-01-03T11:31:36","date_gmt":"2025-01-03T11:31:36","guid":{"rendered":"https:\/\/emlegis.com\/?page_id=28"},"modified":"2025-02-22T12:57:29","modified_gmt":"2025-02-22T12:57:29","slug":"kontakt","status":"publish","type":"page","link":"https:\/\/emlegis.com\/pl\/kontakt\/","title":{"rendered":"Kontakt"},"content":{"rendered":"<div data-elementor-type=\"wp-page\" data-elementor-id=\"28\" class=\"elementor elementor-28\" data-elementor-post-type=\"page\">\n\t\t\t\t<div class=\"elementor-element elementor-element-947e14d e-flex e-con-boxed e-con e-parent\" data-id=\"947e14d\" data-element_type=\"container\" data-settings=\"{&quot;background_background&quot;:&quot;classic&quot;}\">\n\t\t\t\t\t<div class=\"e-con-inner\">\n\t\t\t\t<div class=\"elementor-element elementor-element-34f2df5 elementor-widget elementor-widget-heading\" data-id=\"34f2df5\" data-element_type=\"widget\" data-widget_type=\"heading.default\">\n\t\t\t\t<div class=\"elementor-widget-container\">\n\t\t\t\t\t<h1 class=\"elementor-heading-title elementor-size-default\">Kontakt<\/h1>\t\t\t\t<\/div>\n\t\t\t\t<\/div>\n\t\t\t\t\t<\/div>\n\t\t\t\t<\/div>\n\t\t<div class=\"elementor-element elementor-element-3abd86f e-con-full e-flex e-con e-parent\" data-id=\"3abd86f\" data-element_type=\"container\">\n\t\t<div class=\"elementor-element elementor-element-0712a70 e-con-full e-flex e-con e-child\" data-id=\"0712a70\" data-element_type=\"container\" data-settings=\"{&quot;background_background&quot;:&quot;classic&quot;}\">\n\t\t\t\t<\/div>\n\t\t<div class=\"elementor-element elementor-element-0a3f946 e-con-full e-flex e-con e-child\" data-id=\"0a3f946\" data-element_type=\"container\" data-settings=\"{&quot;background_background&quot;:&quot;classic&quot;}\">\n\t\t\t\t<div class=\"elementor-element elementor-element-c6d85d1 elementor-widget elementor-widget-text-editor\" data-id=\"c6d85d1\" data-element_type=\"widget\" data-widget_type=\"text-editor.default\">\n\t\t\t\t<div class=\"elementor-widget-container\">\n\t\t\t\t\t\t\t\t\t<p>W EM LEGIS rozumiemy, \u017ce czas naszych klient\u00f3w jest cenny, a odleg\u0142o\u015b\u0107 mo\u017ce by\u0107 niedogodno\u015bci\u0105, aby otrzyma\u0107 porad\u0119 prawn\u0105. Z tego wzgl\u0119du oferujemy us\u0142ug\u0119 konsultacji prawnych online. Po nawi\u0105zaniu z nami pierwszego kontaktu, wsp\u00f3lnie ustalimy dat\u0119 konsultacji w dost\u0119pnym dniu roboczym. W ten spos\u00f3b gwarantujemy spersonalizowan\u0105 uwag\u0119 i rozwi\u0105zania dostosowane do konkretnej sytuacji.<\/p>\t\t\t\t\t\t\t\t<\/div>\n\t\t\t\t<\/div>\n\t\t\t\t<\/div>\n\t\t\t\t<\/div>\n\t\t<div class=\"elementor-element elementor-element-b417390 e-flex e-con-boxed e-con e-parent\" data-id=\"b417390\" data-element_type=\"container\" data-settings=\"{&quot;background_background&quot;:&quot;classic&quot;}\">\n\t\t\t\t\t<div class=\"e-con-inner\">\n\t\t\t\t<div class=\"elementor-element elementor-element-cd78bcf elementor-widget elementor-widget-heading\" data-id=\"cd78bcf\" data-element_type=\"widget\" data-widget_type=\"heading.default\">\n\t\t\t\t<div class=\"elementor-widget-container\">\n\t\t\t\t\t<h1 class=\"elementor-heading-title elementor-size-default\">\u00bfJak to dzia\u0142a?<\/h1>\t\t\t\t<\/div>\n\t\t\t\t<\/div>\n\t\t\t\t\t<\/div>\n\t\t\t\t<\/div>\n\t\t<div class=\"elementor-element elementor-element-a5e5912 e-con-full e-flex e-con e-parent\" data-id=\"a5e5912\" data-element_type=\"container\" data-settings=\"{&quot;background_background&quot;:&quot;classic&quot;}\">\n\t\t<div class=\"elementor-element elementor-element-3b26260 e-con-full e-flex e-con e-child\" data-id=\"3b26260\" data-element_type=\"container\">\n\t\t\t\t<div class=\"elementor-element elementor-element-379d335 elementor-widget elementor-widget-heading\" data-id=\"379d335\" data-element_type=\"widget\" data-widget_type=\"heading.default\">\n\t\t\t\t<div class=\"elementor-widget-container\">\n\t\t\t\t\t<h2 class=\"elementor-heading-title elementor-size-default\">Zaplanuj konsultacj\u0119<\/h2>\t\t\t\t<\/div>\n\t\t\t\t<\/div>\n\t\t\t\t<div class=\"elementor-element elementor-element-9cea7f2 elementor-widget elementor-widget-text-editor\" data-id=\"9cea7f2\" data-element_type=\"widget\" data-widget_type=\"text-editor.default\">\n\t\t\t\t<div class=\"elementor-widget-container\">\n\t\t\t\t\t\t\t\t\t<p>Zapraszamy do kontaktu telefonicznego  (poprzez po\u0142\u0105czenie telefoniczne, Whatsapp) lub mailowego, aby um\u00f3wi\u0107 si\u0119 na spotkanie.  Odpowied\u017a zostanie udzielona pierwszego dnia roboczego w godzinach od 9:00 do 18:00.<\/p>\t\t\t\t\t\t\t\t<\/div>\n\t\t\t\t<\/div>\n\t\t<div class=\"elementor-element elementor-element-87523d3 e-grid e-con-full e-con e-child\" data-id=\"87523d3\" data-element_type=\"container\">\n\t\t\t\t<div class=\"elementor-element elementor-element-e037e07 elementor-view-default elementor-widget elementor-widget-icon\" data-id=\"e037e07\" data-element_type=\"widget\" data-widget_type=\"icon.default\">\n\t\t\t\t<div class=\"elementor-widget-container\">\n\t\t\t\t\t\t\t<div class=\"elementor-icon-wrapper\">\n\t\t\t<a class=\"elementor-icon\" href=\"https:\/\/wa.me\/674811728\">\n\t\t\t<svg xmlns=\"http:\/\/www.w3.org\/2000\/svg\" id=\"OBJECTS\" viewbox=\"0 0 75.98 75.98\"><defs><style>      .cls-1 {        fill-rule: evenodd;      }      .cls-1, .cls-2 {        fill: #222221;        stroke-width: 0px;      }    <\/style><\/defs><path class=\"cls-2\" d=\"m37.99,70.92c-18.16,0-32.94-14.78-32.94-32.94S19.83,5.05,37.99,5.05s32.94,14.78,32.94,32.94-14.78,32.94-32.94,32.94Zm0-64.87c-17.61,0-31.94,14.33-31.94,31.94s14.33,31.94,31.94,31.94,31.94-14.33,31.94-31.94S55.6,6.05,37.99,6.05Z\"><\/path><g><path class=\"cls-1\" d=\"m53.45,37.19c-.21-8.34-7.08-15.04-15.54-15.04s-15.17,6.54-15.53,14.75c0,.23-.01.45-.01.68,0,2.92.81,5.64,2.23,7.97l-2.8,8.28,8.61-2.74c2.23,1.22,4.79,1.92,7.51,1.92,8.59,0,15.55-6.91,15.55-15.43,0-.13,0-.26,0-.39Zm-15.54,13.36c-2.66,0-5.12-.79-7.19-2.15l-5.02,1.6,1.63-4.82c-1.56-2.14-2.49-4.77-2.49-7.61,0-.42.02-.84.07-1.26.64-6.57,6.23-11.71,13.01-11.71s12.5,5.28,13.03,11.96c.03.34.04.67.04,1.01,0,7.15-5.87,12.97-13.07,12.97Z\"><\/path><path class=\"cls-1\" d=\"m45.03,40.69c-.39-.19-2.26-1.11-2.61-1.23-.35-.13-.6-.19-.86.19-.25.38-.99,1.23-1.21,1.48-.23.25-.44.28-.83.09-.38-.19-1.61-.58-3.06-1.88-1.13-1-1.9-2.23-2.12-2.61-.22-.38-.02-.58.17-.77.17-.17.38-.44.57-.66.05-.07.09-.12.14-.18.09-.14.15-.27.24-.45.13-.25.07-.47-.03-.66-.09-.19-.86-2.05-1.18-2.81-.31-.76-.63-.63-.86-.63s-.47-.04-.73-.04-.67.09-1.02.47c-.35.38-1.33,1.3-1.33,3.16,0,.44.08.87.2,1.29.39,1.33,1.22,2.43,1.36,2.62.19.25,2.63,4.19,6.51,5.71,3.88,1.51,3.88,1,4.58.94.7-.06,2.26-.91,2.57-1.8.32-.88.32-1.64.23-1.8-.09-.15-.35-.25-.73-.44Z\"><\/path><\/g><\/svg>\t\t\t<\/a>\n\t\t<\/div>\n\t\t\t\t\t\t<\/div>\n\t\t\t\t<\/div>\n\t\t\t\t<div class=\"elementor-element elementor-element-6ed4761 elementor-view-default elementor-widget elementor-widget-icon\" data-id=\"6ed4761\" data-element_type=\"widget\" data-widget_type=\"icon.default\">\n\t\t\t\t<div class=\"elementor-widget-container\">\n\t\t\t\t\t\t\t<div class=\"elementor-icon-wrapper\">\n\t\t\t<a class=\"elementor-icon\" href=\"mailto:abogada@emlegis.com\">\n\t\t\t<svg xmlns=\"http:\/\/www.w3.org\/2000\/svg\" viewbox=\"0 0 75.98 75.98\"><defs><style>      .cls-1 {        fill: #222221;        stroke-width: 0px;      }    <\/style><\/defs><g id=\"OBJECTS\"><path class=\"cls-1\" d=\"m38.73,70.92c-18.16,0-32.94-14.78-32.94-32.94S20.57,5.05,38.73,5.05s32.94,14.78,32.94,32.94-14.78,32.94-32.94,32.94Zm0-64.87c-17.61,0-31.94,14.33-31.94,31.94s14.33,31.94,31.94,31.94,31.94-14.33,31.94-31.94S56.34,6.05,38.73,6.05Z\"><\/path><\/g><g id=\"DESIGNED_BY_FREEPIK\" data-name=\"DESIGNED BY FREEPIK\"><path class=\"cls-1\" d=\"m25.17,50.3c-.39,0-.75-.08-1.08-.23l10.82-10.94,1.41,1.43c.64.65,1.5,1.01,2.41,1.01s1.77-.36,2.41-1.01l1.41-1.43,10.82,10.94c-.33.15-.7.23-1.08.23h-27.11Zm-2.27-1.31c-.23-.39-.36-.84-.36-1.32v-19.37c0-.48.13-.93.36-1.32l10.88,11-10.88,11h0Zm29.38-23.31c.39,0,.75.08,1.08.23l-11.38,11.51s0,0,0,0c0,0,0,0,0,0l-1.98,2.01c-.34.34-.79.53-1.28.53s-.94-.19-1.28-.53l-1.98-2s0,0,0,0c0,0,0,0,0,0l-11.38-11.51c.33-.15.7-.23,1.08-.23h27.11Zm-8.61,12.31l10.88-11c.23.39.36.84.36,1.32v19.37c0,.48-.13.93-.36,1.32l-10.88-11h0Zm11.52-12.74s-.02-.02-.02-.03c-.02-.02-.04-.04-.07-.06-.75-.67-1.74-1.08-2.82-1.08h-27.11c-1.08,0-2.07.41-2.82,1.08-.02.02-.05.04-.07.06,0,0-.02.02-.02.03-.81.77-1.31,1.85-1.31,3.05v19.37c0,1.2.5,2.28,1.31,3.05,0,0,.02.02.02.03.02.02.04.04.07.06.75.67,1.74,1.08,2.82,1.08h27.11c1.08,0,2.07-.41,2.82-1.08.02-.02.05-.04.07-.06,0,0,.02-.02.02-.03.81-.77,1.31-1.85,1.31-3.05v-19.37c0-1.2-.5-2.28-1.31-3.05h0Z\"><\/path><\/g><\/svg>\t\t\t<\/a>\n\t\t<\/div>\n\t\t\t\t\t\t<\/div>\n\t\t\t\t<\/div>\n\t\t\t\t<\/div>\n\t\t\t\t<\/div>\n\t\t<div class=\"elementor-element elementor-element-e1f60a9 e-con-full e-flex e-con e-child\" data-id=\"e1f60a9\" data-element_type=\"container\">\n\t\t\t\t<div class=\"elementor-element elementor-element-83ef35f elementor-widget elementor-widget-heading\" data-id=\"83ef35f\" data-element_type=\"widget\" data-widget_type=\"heading.default\">\n\t\t\t\t<div class=\"elementor-widget-container\">\n\t\t\t\t\t<h2 class=\"elementor-heading-title elementor-size-default\">Zrealizuj konsultacj\u0119<\/h2>\t\t\t\t<\/div>\n\t\t\t\t<\/div>\n\t\t\t\t<div class=\"elementor-element elementor-element-42975d2 elementor-widget elementor-widget-text-editor\" data-id=\"42975d2\" data-element_type=\"widget\" data-widget_type=\"text-editor.default\">\n\t\t\t\t<div class=\"elementor-widget-container\">\n\t\t\t\t\t\t\t\t\t<p>Uzyskanie dost\u0119pu do konsultacji w formie wideokonferencji lub rozmowy telefonicznej, w zale\u017cno\u015bci od preferencji. Mo\u017cemy r\u00f3wnie\u017c zaplanowa\u0107 konsultacje w kancelarii na Majorce. Z przyjemno\u015bci\u0105 spotkamy si\u0119 osobi\u015bcie i udzielimy niezb\u0119dnych porad prawnych.<\/p>\t\t\t\t\t\t\t\t<\/div>\n\t\t\t\t<\/div>\n\t\t\t\t<\/div>\n\t\t<div class=\"elementor-element elementor-element-11cf93b e-con-full e-flex e-con e-child\" data-id=\"11cf93b\" data-element_type=\"container\">\n\t\t\t\t<div class=\"elementor-element elementor-element-19a25e8 elementor-widget elementor-widget-heading\" data-id=\"19a25e8\" data-element_type=\"widget\" data-widget_type=\"heading.default\">\n\t\t\t\t<div class=\"elementor-widget-container\">\n\t\t\t\t\t<h2 class=\"elementor-heading-title elementor-size-default\">Otrzymaj spersonalizowan\u0105 porad\u0119 prawn\u0105<\/h2>\t\t\t\t<\/div>\n\t\t\t\t<\/div>\n\t\t\t\t<div class=\"elementor-element elementor-element-4e57545 elementor-widget elementor-widget-text-editor\" data-id=\"4e57545\" data-element_type=\"widget\" data-widget_type=\"text-editor.default\">\n\t\t\t\t<div class=\"elementor-widget-container\">\n\t\t\t\t\t\t\t\t\t<p>Ka\u017cda sprawa jest jedyna w swoim rodzaju, dlatego niezb\u0119dne jest dog\u0142\u0119bne zrozumienie konkretnych okoliczno\u015bci i zmiennych, kt\u00f3re wp\u0142ywaj\u0105 na dan\u0105 sytuacj\u0119 prawn\u0105. Porady s\u0105 dostosowane do indywidualnych potrzeb z zachowaniem najwy\u017cszej przejrzysto\u015bci i zaanga\u017cowania.<\/p>\t\t\t\t\t\t\t\t<\/div>\n\t\t\t\t<\/div>\n\t\t\t\t<\/div>\n\t\t\t\t<\/div>\n\t\t\t\t<\/div>","protected":false},"excerpt":{"rendered":"<p>Contacto En EM LEGIS entendemos que el tiempo de nuestros clientes es valioso y la distancia puede ser un inconveniente para recibir asesor\u00eda legal. Por ello, ofrecemos el servicio de consultas legales online. Una vez que se establezca el primer contacto con nosotros, nos pondremos en contacto para agendar la consulta en un d\u00eda laboral [&hellip;]<\/p>","protected":false},"author":1,"featured_media":0,"parent":0,"menu_order":0,"comment_status":"closed","ping_status":"closed","template":"elementor_header_footer","meta":{"inline_featured_image":false,"footnotes":""},"class_list":["post-28","page","type-page","status-publish","hentry"],"yoast_head":"<!-- This site is optimized with the Yoast SEO plugin v24.6 - https:\/\/yoast.com\/wordpress\/plugins\/seo\/ -->\n<title>Contacto - emlegis.com<\/title>\n<meta name=\"robots\" content=\"index, follow, max-snippet:-1, max-image-preview:large, max-video-preview:-1\" \/>\n<link rel=\"canonical\" href=\"https:\/\/emlegis.com\/pl\/kontakt\/\" \/>\n<meta property=\"og:locale\" content=\"pl_PL\" \/>\n<meta property=\"og:type\" content=\"article\" \/>\n<meta property=\"og:title\" content=\"Contacto - emlegis.com\" \/>\n<meta property=\"og:description\" content=\"Contacto En EM LEGIS entendemos que el tiempo de nuestros clientes es valioso y la distancia puede ser un inconveniente para recibir asesor\u00eda legal. Por ello, ofrecemos el servicio de consultas legales online. Una vez que se establezca el primer contacto con nosotros, nos pondremos en contacto para agendar la consulta en un d\u00eda laboral [&hellip;]\" \/>\n<meta property=\"og:url\" content=\"https:\/\/emlegis.com\/pl\/kontakt\/\" \/>\n<meta property=\"og:site_name\" content=\"emlegis.com\" \/>\n<meta property=\"article:modified_time\" content=\"2025-02-22T12:57:29+00:00\" \/>\n<meta name=\"twitter:card\" content=\"summary_large_image\" \/>\n<meta name=\"twitter:label1\" content=\"Szacowany czas czytania\" \/>\n\t<meta name=\"twitter:data1\" content=\"1 minuta\" \/>\n<script type=\"application\/ld+json\" class=\"yoast-schema-graph\">{\"@context\":\"https:\/\/schema.org\",\"@graph\":[{\"@type\":\"WebPage\",\"@id\":\"https:\/\/emlegis.com\/contacto\/\",\"url\":\"https:\/\/emlegis.com\/contacto\/\",\"name\":\"Contacto - emlegis.com\",\"isPartOf\":{\"@id\":\"https:\/\/emlegis.com\/#website\"},\"datePublished\":\"2025-01-03T11:31:36+00:00\",\"dateModified\":\"2025-02-22T12:57:29+00:00\",\"breadcrumb\":{\"@id\":\"https:\/\/emlegis.com\/contacto\/#breadcrumb\"},\"inLanguage\":\"pl-PL\",\"potentialAction\":[{\"@type\":\"ReadAction\",\"target\":[\"https:\/\/emlegis.com\/contacto\/\"]}]},{\"@type\":\"BreadcrumbList\",\"@id\":\"https:\/\/emlegis.com\/contacto\/#breadcrumb\",\"itemListElement\":[{\"@type\":\"ListItem\",\"position\":1,\"name\":\"Portada\",\"item\":\"https:\/\/emlegis.com\/\"},{\"@type\":\"ListItem\",\"position\":2,\"name\":\"Contacto\"}]},{\"@type\":\"WebSite\",\"@id\":\"https:\/\/emlegis.com\/#website\",\"url\":\"https:\/\/emlegis.com\/\",\"name\":\"emlegis.com\",\"description\":\"\",\"potentialAction\":[{\"@type\":\"SearchAction\",\"target\":{\"@type\":\"EntryPoint\",\"urlTemplate\":\"https:\/\/emlegis.com\/?s={search_term_string}\"},\"query-input\":{\"@type\":\"PropertyValueSpecification\",\"valueRequired\":true,\"valueName\":\"search_term_string\"}}],\"inLanguage\":\"pl-PL\"}]}<\/script>\n<!-- \/ Yoast SEO plugin. -->","yoast_head_json":{"title":"Contacto - emlegis.com","robots":{"index":"index","follow":"follow","max-snippet":"max-snippet:-1","max-image-preview":"max-image-preview:large","max-video-preview":"max-video-preview:-1"},"canonical":"https:\/\/emlegis.com\/pl\/kontakt\/","og_locale":"pl_PL","og_type":"article","og_title":"Contacto - emlegis.com","og_description":"Contacto En EM LEGIS entendemos que el tiempo de nuestros clientes es valioso y la distancia puede ser un inconveniente para recibir asesor\u00eda legal. Por ello, ofrecemos el servicio de consultas legales online. Una vez que se establezca el primer contacto con nosotros, nos pondremos en contacto para agendar la consulta en un d\u00eda laboral [&hellip;]","og_url":"https:\/\/emlegis.com\/pl\/kontakt\/","og_site_name":"emlegis.com","article_modified_time":"2025-02-22T12:57:29+00:00","twitter_card":"summary_large_image","twitter_misc":{"Szacowany czas czytania":"1 minuta"},"schema":{"@context":"https:\/\/schema.org","@graph":[{"@type":"WebPage","@id":"https:\/\/emlegis.com\/contacto\/","url":"https:\/\/emlegis.com\/contacto\/","name":"Contacto - emlegis.com","isPartOf":{"@id":"https:\/\/emlegis.com\/#website"},"datePublished":"2025-01-03T11:31:36+00:00","dateModified":"2025-02-22T12:57:29+00:00","breadcrumb":{"@id":"https:\/\/emlegis.com\/contacto\/#breadcrumb"},"inLanguage":"pl-PL","potentialAction":[{"@type":"ReadAction","target":["https:\/\/emlegis.com\/contacto\/"]}]},{"@type":"BreadcrumbList","@id":"https:\/\/emlegis.com\/contacto\/#breadcrumb","itemListElement":[{"@type":"ListItem","position":1,"name":"Portada","item":"https:\/\/emlegis.com\/"},{"@type":"ListItem","position":2,"name":"Contacto"}]},{"@type":"WebSite","@id":"https:\/\/emlegis.com\/#website","url":"https:\/\/emlegis.com\/","name":"emlegis.com","description":"","potentialAction":[{"@type":"SearchAction","target":{"@type":"EntryPoint","urlTemplate":"https:\/\/emlegis.com\/?s={search_term_string}"},"query-input":{"@type":"PropertyValueSpecification","valueRequired":true,"valueName":"search_term_string"}}],"inLanguage":"pl-PL"}]}},"_links":{"self":[{"href":"https:\/\/emlegis.com\/pl\/wp-json\/wp\/v2\/pages\/28","targetHints":{"allow":["GET"]}}],"collection":[{"href":"https:\/\/emlegis.com\/pl\/wp-json\/wp\/v2\/pages"}],"about":[{"href":"https:\/\/emlegis.com\/pl\/wp-json\/wp\/v2\/types\/page"}],"author":[{"embeddable":true,"href":"https:\/\/emlegis.com\/pl\/wp-json\/wp\/v2\/users\/1"}],"replies":[{"embeddable":true,"href":"https:\/\/emlegis.com\/pl\/wp-json\/wp\/v2\/comments?post=28"}],"version-history":[{"count":89,"href":"https:\/\/emlegis.com\/pl\/wp-json\/wp\/v2\/pages\/28\/revisions"}],"predecessor-version":[{"id":974,"href":"https:\/\/emlegis.com\/pl\/wp-json\/wp\/v2\/pages\/28\/revisions\/974"}],"wp:attachment":[{"href":"https:\/\/emlegis.com\/pl\/wp-json\/wp\/v2\/media?parent=28"}],"curies":[{"name":"wp","href":"https:\/\/api.w.org\/{rel}","templated":true}]}}