{"id":20,"date":"2025-01-03T11:30:14","date_gmt":"2025-01-03T11:30:14","guid":{"rendered":"https:\/\/emlegis.com\/?page_id=20"},"modified":"2025-02-24T09:43:58","modified_gmt":"2025-02-24T09:43:58","slug":"home","status":"publish","type":"page","link":"https:\/\/emlegis.com\/pl","title":{"rendered":"Home"},"content":{"rendered":"<div data-elementor-type=\"wp-page\" data-elementor-id=\"20\" class=\"elementor elementor-20\" data-elementor-post-type=\"page\">\n\t\t\t\t<div class=\"elementor-element elementor-element-aec7dde e-con-full e-grid e-con e-parent\" data-id=\"aec7dde\" data-element_type=\"container\" data-settings=\"{&quot;background_background&quot;:&quot;classic&quot;}\">\n\t\t\t\t<div class=\"elementor-element elementor-element-6e6e4be elementor-hidden-mobile elementor-widget elementor-widget-text-editor\" data-id=\"6e6e4be\" data-element_type=\"widget\" data-widget_type=\"text-editor.default\">\n\t\t\t\t<div class=\"elementor-widget-container\">\n\t\t\t\t\t\t\t\t\t<p><strong>Ewelina Majcherek<\/strong> \u2013 Adwokat polskiej narodowo\u015bci z wykszta\u0142ceniem prawniczym i socjologicznym zdobytym w Polsce i w Hiszpanii, zrzeszona w Izbie Adwokackiej Wysp Balear\u00f3w z numerem 7312.<\/p>\t\t\t\t\t\t\t\t<\/div>\n\t\t\t\t<\/div>\n\t\t\t\t<div class=\"elementor-element elementor-element-eee63d1 elementor-widget elementor-widget-spacer\" data-id=\"eee63d1\" data-element_type=\"widget\" data-widget_type=\"spacer.default\">\n\t\t\t\t<div class=\"elementor-widget-container\">\n\t\t\t\t\t\t\t<div class=\"elementor-spacer\">\n\t\t\t<div class=\"elementor-spacer-inner\"><\/div>\n\t\t<\/div>\n\t\t\t\t\t\t<\/div>\n\t\t\t\t<\/div>\n\t\t\t\t<div class=\"elementor-element elementor-element-f51a0f0 elementor-align-left elementor-hidden-mobile elementor-widget elementor-widget-button\" data-id=\"f51a0f0\" data-element_type=\"widget\" data-widget_type=\"button.default\">\n\t\t\t\t<div class=\"elementor-widget-container\">\n\t\t\t\t\t\t\t\t\t<div class=\"elementor-button-wrapper\">\n\t\t\t\t\t<a class=\"elementor-button elementor-button-link elementor-size-sm\" href=\"https:\/\/emlegis.com\/pl\/kontakt\/\">\n\t\t\t\t\t\t<span class=\"elementor-button-content-wrapper\">\n\t\t\t\t\t\t\t\t\t<span class=\"elementor-button-text\">Kontakt<\/span>\n\t\t\t\t\t<\/span>\n\t\t\t\t\t<\/a>\n\t\t\t\t<\/div>\n\t\t\t\t\t\t\t\t<\/div>\n\t\t\t\t<\/div>\n\t\t\t\t<div class=\"elementor-element elementor-element-373e5d8 elementor-widget elementor-widget-spacer\" data-id=\"373e5d8\" data-element_type=\"widget\" data-widget_type=\"spacer.default\">\n\t\t\t\t<div class=\"elementor-widget-container\">\n\t\t\t\t\t\t\t<div class=\"elementor-spacer\">\n\t\t\t<div class=\"elementor-spacer-inner\"><\/div>\n\t\t<\/div>\n\t\t\t\t\t\t<\/div>\n\t\t\t\t<\/div>\n\t\t\t\t<\/div>\n\t\t<div class=\"elementor-element elementor-element-616a274 elementor-hidden-desktop elementor-hidden-tablet e-flex e-con-boxed e-con e-parent\" data-id=\"616a274\" data-element_type=\"container\" data-settings=\"{&quot;background_background&quot;:&quot;classic&quot;}\">\n\t\t\t\t\t<div class=\"e-con-inner\">\n\t\t\t\t<div class=\"elementor-element elementor-element-87d3b4d elementor-widget-mobile__width-inherit elementor-widget elementor-widget-text-editor\" data-id=\"87d3b4d\" data-element_type=\"widget\" data-widget_type=\"text-editor.default\">\n\t\t\t\t<div class=\"elementor-widget-container\">\n\t\t\t\t\t\t\t\t\t<p><strong>Ewelina Majcherek<\/strong> \u2013 Adwokat polskiej narodowo\u015bci z wykszta\u0142ceniem prawniczym i socjologicznym zdobytym w Polsce i w Hiszpanii, zrzeszona w Izbie Adwokackiej Wysp Balear\u00f3w z numerem 7312.<\/p>\t\t\t\t\t\t\t\t<\/div>\n\t\t\t\t<\/div>\n\t\t\t\t<div class=\"elementor-element elementor-element-d21eb50 elementor-align-left elementor-mobile-align-left elementor-widget elementor-widget-button\" data-id=\"d21eb50\" data-element_type=\"widget\" data-widget_type=\"button.default\">\n\t\t\t\t<div class=\"elementor-widget-container\">\n\t\t\t\t\t\t\t\t\t<div class=\"elementor-button-wrapper\">\n\t\t\t\t\t<a class=\"elementor-button elementor-button-link elementor-size-sm\" href=\"https:\/\/emlegis.com\/pl\/kontakt\/\">\n\t\t\t\t\t\t<span class=\"elementor-button-content-wrapper\">\n\t\t\t\t\t\t\t\t\t<span class=\"elementor-button-text\">Kontakt<\/span>\n\t\t\t\t\t<\/span>\n\t\t\t\t\t<\/a>\n\t\t\t\t<\/div>\n\t\t\t\t\t\t\t\t<\/div>\n\t\t\t\t<\/div>\n\t\t\t\t\t<\/div>\n\t\t\t\t<\/div>\n\t\t<div class=\"elementor-element elementor-element-f1782d8 e-flex e-con-boxed e-con e-parent\" data-id=\"f1782d8\" data-element_type=\"container\" data-settings=\"{&quot;background_background&quot;:&quot;classic&quot;}\">\n\t\t\t\t\t<div class=\"e-con-inner\">\n\t\t\t\t<div class=\"elementor-element elementor-element-0ff4853 elementor-widget elementor-widget-heading\" data-id=\"0ff4853\" data-element_type=\"widget\" data-widget_type=\"heading.default\">\n\t\t\t\t<div class=\"elementor-widget-container\">\n\t\t\t\t\t<h1 class=\"elementor-heading-title elementor-size-default\">Kim jeste\u015bmy<\/h1>\t\t\t\t<\/div>\n\t\t\t\t<\/div>\n\t\t\t\t\t<\/div>\n\t\t\t\t<\/div>\n\t\t<div class=\"elementor-element elementor-element-9abb078 e-con-full e-flex e-con e-parent\" data-id=\"9abb078\" data-element_type=\"container\" data-settings=\"{&quot;background_background&quot;:&quot;classic&quot;}\">\n\t\t<div class=\"elementor-element elementor-element-1a6567e e-con-full e-flex e-con e-child\" data-id=\"1a6567e\" data-element_type=\"container\" data-settings=\"{&quot;background_background&quot;:&quot;classic&quot;}\">\n\t\t\t\t<\/div>\n\t\t<div class=\"elementor-element elementor-element-032e7d0 e-con-full e-flex e-con e-child\" data-id=\"032e7d0\" data-element_type=\"container\">\n\t\t\t\t<div class=\"elementor-element elementor-element-7e4c16a elementor-widget elementor-widget-text-editor\" data-id=\"7e4c16a\" data-element_type=\"widget\" data-widget_type=\"text-editor.default\">\n\t\t\t\t<div class=\"elementor-widget-container\">\n\t\t\t\t\t\t\t\t\t<p>EM LEGIS ma siedzib\u0119 w Puerto de Alcudia na Majorce, kt\u00f3rej za\u0142o\u017cycielk\u0105 jest Ewelina Majcherek, adwokat narodowo\u015bci polskiej z wykszta\u0142ceniem akademickim i zawodowym zdobytym zar\u00f3wno w Polsce, jak i w Hiszpanii. Po\u0142\u0105czenie umiej\u0119tno\u015bci j\u0119zykowych (znajomo\u015b\u0107 hiszpa\u0144skiego, polskiego i angielskiego) z wykszta\u0142ceniem prawniczym i socjologicznym pozwala jej podchodzi\u0107 do ka\u017cdej sprawy z holistyczn\u0105 perspektyw\u0105, rozumiej\u0105c zar\u00f3wno aspekty prawne, jak i konteksty kulturowe, kt\u00f3re mog\u0105 wp\u0142ywa\u0107 na sytuacj\u0119 jej klient\u00f3w.<\/p>\n<p>Ta perspektywa ma fundamentalne znaczenie dla zrozumienia wyzwa\u0144, przed jakimi staj\u0105 klienci na drodze zwi\u0105zanej z zawi\u0142o\u015bciami prawnymi. EM LEGIS zobowi\u0105zuje si\u0119 do \u015bwiadczenia us\u0142ug, kt\u00f3re opieraj\u0105 si\u0119 nie tylko na rozleg\u0142ej wiedzy prawnej, ale tak\u017ce na g\u0142\u0119bokim zrozumieniu dynamiki spo\u0142ecznej, zapewniaj\u0105c w ten spos\u00f3b skuteczne doradztwo dostosowane do indywidualnych potrzeb.<\/p>\n<p>Towarzyszymy naszym klientom w procesach prawnych kupna i sprzeda\u017cy nieruchomo\u015bci w Hiszpanii, ze szczeg\u00f3lnym uwzgl\u0119dnieniem transakcji na Majorce. Ponadto oferujemy porady prawne i reprezentacj\u0119 w sporach s\u0105dowych z zakresu prawa pracy i prawa cywilnego.<\/p>\t\t\t\t\t\t\t\t<\/div>\n\t\t\t\t<\/div>\n\t\t\t\t<div class=\"elementor-element elementor-element-c3e084c elementor-mobile-align-center elementor-widget elementor-widget-button\" data-id=\"c3e084c\" data-element_type=\"widget\" data-widget_type=\"button.default\">\n\t\t\t\t<div class=\"elementor-widget-container\">\n\t\t\t\t\t\t\t\t\t<div class=\"elementor-button-wrapper\">\n\t\t\t\t\t<a class=\"elementor-button elementor-button-link elementor-size-sm\" href=\"https:\/\/emlegis.com\/pl\/kim-jestesmy\/\">\n\t\t\t\t\t\t<span class=\"elementor-button-content-wrapper\">\n\t\t\t\t\t\t\t\t\t<span class=\"elementor-button-text\">Czytaj wi\u0119cej<\/span>\n\t\t\t\t\t<\/span>\n\t\t\t\t\t<\/a>\n\t\t\t\t<\/div>\n\t\t\t\t\t\t\t\t<\/div>\n\t\t\t\t<\/div>\n\t\t\t\t<\/div>\n\t\t\t\t<\/div>\n\t\t<div class=\"elementor-element elementor-element-ed24c0b e-flex e-con-boxed e-con e-parent\" data-id=\"ed24c0b\" data-element_type=\"container\" data-settings=\"{&quot;background_background&quot;:&quot;classic&quot;}\">\n\t\t\t\t\t<div class=\"e-con-inner\">\n\t\t\t\t<div class=\"elementor-element elementor-element-3152aa4 elementor-widget elementor-widget-heading\" data-id=\"3152aa4\" data-element_type=\"widget\" data-widget_type=\"heading.default\">\n\t\t\t\t<div class=\"elementor-widget-container\">\n\t\t\t\t\t<h1 class=\"elementor-heading-title elementor-size-default\">Specjalizacje<\/h1>\t\t\t\t<\/div>\n\t\t\t\t<\/div>\n\t\t\t\t\t<\/div>\n\t\t\t\t<\/div>\n\t\t<div class=\"elementor-element elementor-element-26c58dd e-con-full e-flex e-con e-parent\" data-id=\"26c58dd\" data-element_type=\"container\" data-settings=\"{&quot;background_background&quot;:&quot;classic&quot;}\">\n\t\t<div class=\"elementor-element elementor-element-555af7e e-con-full e-flex e-con e-child\" data-id=\"555af7e\" data-element_type=\"container\">\n\t\t\t\t<div class=\"elementor-element elementor-element-a54ea23 elementor-widget elementor-widget-text-editor\" data-id=\"a54ea23\" data-element_type=\"widget\" data-widget_type=\"text-editor.default\">\n\t\t\t\t<div class=\"elementor-widget-container\">\n\t\t\t\t\t\t\t\t\t<p>\u015awiadczymy szeroki zakres us\u0142ug prawnych, dostosowanych do oczekiwa\u0144 naszych klient\u00f3w. Koncentrujemy si\u0119 g\u0142\u00f3wnie na prawie nieruchomo\u015bci, ale dzia\u0142amy r\u00f3wnie\u017c w zakresie prawa pracy i prawa cywilnego. Nasz\u0105 misj\u0105 jest zapewnianie spersonalizowanych us\u0142ug, przy zachowaniu etycznego i profesjonalnego podej\u015bcia.<\/p>\t\t\t\t\t\t\t\t<\/div>\n\t\t\t\t<\/div>\n\t\t\t\t<div class=\"elementor-element elementor-element-3147865 elementor-align-left elementor-widget elementor-widget-button\" data-id=\"3147865\" data-element_type=\"widget\" data-widget_type=\"button.default\">\n\t\t\t\t<div class=\"elementor-widget-container\">\n\t\t\t\t\t\t\t\t\t<div class=\"elementor-button-wrapper\">\n\t\t\t\t\t<a class=\"elementor-button elementor-button-link elementor-size-sm\" href=\"https:\/\/emlegis.com\/pl\/kim-jestesmy\/\">\n\t\t\t\t\t\t<span class=\"elementor-button-content-wrapper\">\n\t\t\t\t\t\t\t\t\t<span class=\"elementor-button-text\">Czytaj wi\u0119cej<\/span>\n\t\t\t\t\t<\/span>\n\t\t\t\t\t<\/a>\n\t\t\t\t<\/div>\n\t\t\t\t\t\t\t\t<\/div>\n\t\t\t\t<\/div>\n\t\t\t\t<\/div>\n\t\t<div class=\"elementor-element elementor-element-18b82f8 e-grid e-con-full e-con e-child\" data-id=\"18b82f8\" data-element_type=\"container\">\n\t\t\t\t<div class=\"elementor-element elementor-element-7a414ae elementor-widget elementor-widget-heading\" data-id=\"7a414ae\" data-element_type=\"widget\" data-widget_type=\"heading.default\">\n\t\t\t\t<div class=\"elementor-widget-container\">\n\t\t\t\t\t<h2 class=\"elementor-heading-title elementor-size-default\">PRAWO NIERUCHOMO\u015aCI<\/h2>\t\t\t\t<\/div>\n\t\t\t\t<\/div>\n\t\t\t\t<div class=\"elementor-element elementor-element-e3bc5d0 elementor-widget elementor-widget-heading\" data-id=\"e3bc5d0\" data-element_type=\"widget\" data-widget_type=\"heading.default\">\n\t\t\t\t<div class=\"elementor-widget-container\">\n\t\t\t\t\t<h2 class=\"elementor-heading-title elementor-size-default\">PRAWO PRACY<\/h2>\t\t\t\t<\/div>\n\t\t\t\t<\/div>\n\t\t\t\t<div class=\"elementor-element elementor-element-b3e98dc elementor-widget elementor-widget-heading\" data-id=\"b3e98dc\" data-element_type=\"widget\" data-widget_type=\"heading.default\">\n\t\t\t\t<div class=\"elementor-widget-container\">\n\t\t\t\t\t<h2 class=\"elementor-heading-title elementor-size-default\">PRAWO CYWILNE<\/h2>\t\t\t\t<\/div>\n\t\t\t\t<\/div>\n\t\t\t\t<div class=\"elementor-element elementor-element-198be45 elementor-widget elementor-widget-heading\" data-id=\"198be45\" data-element_type=\"widget\" data-widget_type=\"heading.default\">\n\t\t\t\t<div class=\"elementor-widget-container\">\n\t\t\t\t\t<h2 class=\"elementor-heading-title elementor-size-default\">J\u0118ZYKI<\/h2>\t\t\t\t<\/div>\n\t\t\t\t<\/div>\n\t\t\t\t<div class=\"elementor-element elementor-element-95a3483 elementor-widget elementor-widget-heading\" data-id=\"95a3483\" data-element_type=\"widget\" data-widget_type=\"heading.default\">\n\t\t\t\t<div class=\"elementor-widget-container\">\n\t\t\t\t\t<h2 class=\"elementor-heading-title elementor-size-default\">KONSULTACJE<\/h2>\t\t\t\t<\/div>\n\t\t\t\t<\/div>\n\t\t\t\t<\/div>\n\t\t\t\t<\/div>\n\t\t<div class=\"elementor-element elementor-element-b2395f4 e-con-full e-flex e-con e-parent\" data-id=\"b2395f4\" data-element_type=\"container\" data-settings=\"{&quot;background_background&quot;:&quot;classic&quot;}\">\n\t\t<div class=\"elementor-element elementor-element-7b96377 e-con-full e-flex e-con e-child\" data-id=\"7b96377\" data-element_type=\"container\" data-settings=\"{&quot;background_background&quot;:&quot;slideshow&quot;,&quot;background_slideshow_gallery&quot;:[],&quot;background_slideshow_loop&quot;:&quot;yes&quot;,&quot;background_slideshow_slide_duration&quot;:5000,&quot;background_slideshow_slide_transition&quot;:&quot;fade&quot;,&quot;background_slideshow_transition_duration&quot;:500}\">\n\t\t\t\t<div class=\"elementor-element elementor-element-f3504dd elementor-widget elementor-widget-heading\" data-id=\"f3504dd\" data-element_type=\"widget\" data-widget_type=\"heading.default\">\n\t\t\t\t<div class=\"elementor-widget-container\">\n\t\t\t\t\t<h2 class=\"elementor-heading-title elementor-size-default\">Z pasj\u0105 do sprawiedliwo\u015bci i zaanga\u017cowaniem w Tw\u00f3j sukces, jeste\u015bmy przy Tobie, oferuj\u0105c fachowe porady prawne dostosowane do Twoich unikalnych okoliczno\u015bci.<\/h2>\t\t\t\t<\/div>\n\t\t\t\t<\/div>\n\t\t\t\t<\/div>\n\t\t<div class=\"elementor-element elementor-element-aca6e4c e-flex e-con-boxed e-con e-child\" data-id=\"aca6e4c\" data-element_type=\"container\" data-settings=\"{&quot;background_background&quot;:&quot;classic&quot;}\">\n\t\t\t\t\t<div class=\"e-con-inner\">\n\t\t\t\t<div class=\"elementor-element elementor-element-c8676d5 elementor-widget elementor-widget-spacer\" data-id=\"c8676d5\" data-element_type=\"widget\" data-widget_type=\"spacer.default\">\n\t\t\t\t<div class=\"elementor-widget-container\">\n\t\t\t\t\t\t\t<div class=\"elementor-spacer\">\n\t\t\t<div class=\"elementor-spacer-inner\"><\/div>\n\t\t<\/div>\n\t\t\t\t\t\t<\/div>\n\t\t\t\t<\/div>\n\t\t\t\t\t<\/div>\n\t\t\t\t<\/div>\n\t\t\t\t<\/div>\n\t\t\t\t<\/div>","protected":false},"excerpt":{"rendered":"<p>Ewelina Majcherek &#8211; Abogada polaca con la formaci\u00f3n jur\u00eddica y sociol\u00f3gica recibida en Espa\u00f1a y Polonia, colegiada en el Ilustre Colegio de Abogados de las Islas Baleares (ICAIB) con el n\u00famero 7312 Contacto Ewelina Majcherek &#8211; Abogada polaca con la formaci\u00f3n jur\u00eddica y sociol\u00f3gica recibida en Espa\u00f1a y Polonia, colegiada en el Ilustre Colegio de [&hellip;]<\/p>","protected":false},"author":1,"featured_media":0,"parent":0,"menu_order":0,"comment_status":"closed","ping_status":"closed","template":"elementor_header_footer","meta":{"inline_featured_image":false,"footnotes":""},"class_list":["post-20","page","type-page","status-publish","hentry"],"yoast_head":"<!-- This site is optimized with the Yoast SEO plugin v24.6 - https:\/\/yoast.com\/wordpress\/plugins\/seo\/ -->\n<title>Home - emlegis.com<\/title>\n<meta name=\"robots\" content=\"index, follow, max-snippet:-1, max-image-preview:large, max-video-preview:-1\" \/>\n<link rel=\"canonical\" href=\"https:\/\/emlegis.com\/pl\" \/>\n<meta property=\"og:locale\" content=\"pl_PL\" \/>\n<meta property=\"og:type\" content=\"article\" \/>\n<meta property=\"og:title\" content=\"Home - emlegis.com\" \/>\n<meta property=\"og:description\" content=\"Ewelina Majcherek &#8211; Abogada polaca con la formaci\u00f3n jur\u00eddica y sociol\u00f3gica recibida en Espa\u00f1a y Polonia, colegiada en el Ilustre Colegio de Abogados de las Islas Baleares (ICAIB) con el n\u00famero 7312 Contacto Ewelina Majcherek &#8211; Abogada polaca con la formaci\u00f3n jur\u00eddica y sociol\u00f3gica recibida en Espa\u00f1a y Polonia, colegiada en el Ilustre Colegio de [&hellip;]\" \/>\n<meta property=\"og:url\" content=\"https:\/\/emlegis.com\/pl\" \/>\n<meta property=\"og:site_name\" content=\"emlegis.com\" \/>\n<meta property=\"article:modified_time\" content=\"2025-02-24T09:43:58+00:00\" \/>\n<meta name=\"twitter:card\" content=\"summary_large_image\" \/>\n<meta name=\"twitter:label1\" content=\"Szacowany czas czytania\" \/>\n\t<meta name=\"twitter:data1\" content=\"2 minuty\" \/>\n<script type=\"application\/ld+json\" class=\"yoast-schema-graph\">{\"@context\":\"https:\/\/schema.org\",\"@graph\":[{\"@type\":\"WebPage\",\"@id\":\"https:\/\/emlegis.com\/\",\"url\":\"https:\/\/emlegis.com\/\",\"name\":\"Home - emlegis.com\",\"isPartOf\":{\"@id\":\"https:\/\/emlegis.com\/#website\"},\"datePublished\":\"2025-01-03T11:30:14+00:00\",\"dateModified\":\"2025-02-24T09:43:58+00:00\",\"breadcrumb\":{\"@id\":\"https:\/\/emlegis.com\/#breadcrumb\"},\"inLanguage\":\"pl-PL\",\"potentialAction\":[{\"@type\":\"ReadAction\",\"target\":[\"https:\/\/emlegis.com\/\"]}]},{\"@type\":\"BreadcrumbList\",\"@id\":\"https:\/\/emlegis.com\/#breadcrumb\",\"itemListElement\":[{\"@type\":\"ListItem\",\"position\":1,\"name\":\"Portada\",\"item\":\"https:\/\/emlegis.com\/\"},{\"@type\":\"ListItem\",\"position\":2,\"name\":\"Home\"}]},{\"@type\":\"WebSite\",\"@id\":\"https:\/\/emlegis.com\/#website\",\"url\":\"https:\/\/emlegis.com\/\",\"name\":\"emlegis.com\",\"description\":\"\",\"potentialAction\":[{\"@type\":\"SearchAction\",\"target\":{\"@type\":\"EntryPoint\",\"urlTemplate\":\"https:\/\/emlegis.com\/?s={search_term_string}\"},\"query-input\":{\"@type\":\"PropertyValueSpecification\",\"valueRequired\":true,\"valueName\":\"search_term_string\"}}],\"inLanguage\":\"pl-PL\"}]}<\/script>\n<!-- \/ Yoast SEO plugin. -->","yoast_head_json":{"title":"Home - emlegis.com","robots":{"index":"index","follow":"follow","max-snippet":"max-snippet:-1","max-image-preview":"max-image-preview:large","max-video-preview":"max-video-preview:-1"},"canonical":"https:\/\/emlegis.com\/pl","og_locale":"pl_PL","og_type":"article","og_title":"Home - emlegis.com","og_description":"Ewelina Majcherek &#8211; Abogada polaca con la formaci\u00f3n jur\u00eddica y sociol\u00f3gica recibida en Espa\u00f1a y Polonia, colegiada en el Ilustre Colegio de Abogados de las Islas Baleares (ICAIB) con el n\u00famero 7312 Contacto Ewelina Majcherek &#8211; Abogada polaca con la formaci\u00f3n jur\u00eddica y sociol\u00f3gica recibida en Espa\u00f1a y Polonia, colegiada en el Ilustre Colegio de [&hellip;]","og_url":"https:\/\/emlegis.com\/pl","og_site_name":"emlegis.com","article_modified_time":"2025-02-24T09:43:58+00:00","twitter_card":"summary_large_image","twitter_misc":{"Szacowany czas czytania":"2 minuty"},"schema":{"@context":"https:\/\/schema.org","@graph":[{"@type":"WebPage","@id":"https:\/\/emlegis.com\/","url":"https:\/\/emlegis.com\/","name":"Home - emlegis.com","isPartOf":{"@id":"https:\/\/emlegis.com\/#website"},"datePublished":"2025-01-03T11:30:14+00:00","dateModified":"2025-02-24T09:43:58+00:00","breadcrumb":{"@id":"https:\/\/emlegis.com\/#breadcrumb"},"inLanguage":"pl-PL","potentialAction":[{"@type":"ReadAction","target":["https:\/\/emlegis.com\/"]}]},{"@type":"BreadcrumbList","@id":"https:\/\/emlegis.com\/#breadcrumb","itemListElement":[{"@type":"ListItem","position":1,"name":"Portada","item":"https:\/\/emlegis.com\/"},{"@type":"ListItem","position":2,"name":"Home"}]},{"@type":"WebSite","@id":"https:\/\/emlegis.com\/#website","url":"https:\/\/emlegis.com\/","name":"emlegis.com","description":"","potentialAction":[{"@type":"SearchAction","target":{"@type":"EntryPoint","urlTemplate":"https:\/\/emlegis.com\/?s={search_term_string}"},"query-input":{"@type":"PropertyValueSpecification","valueRequired":true,"valueName":"search_term_string"}}],"inLanguage":"pl-PL"}]}},"_links":{"self":[{"href":"https:\/\/emlegis.com\/pl\/wp-json\/wp\/v2\/pages\/20","targetHints":{"allow":["GET"]}}],"collection":[{"href":"https:\/\/emlegis.com\/pl\/wp-json\/wp\/v2\/pages"}],"about":[{"href":"https:\/\/emlegis.com\/pl\/wp-json\/wp\/v2\/types\/page"}],"author":[{"embeddable":true,"href":"https:\/\/emlegis.com\/pl\/wp-json\/wp\/v2\/users\/1"}],"replies":[{"embeddable":true,"href":"https:\/\/emlegis.com\/pl\/wp-json\/wp\/v2\/comments?post=20"}],"version-history":[{"count":283,"href":"https:\/\/emlegis.com\/pl\/wp-json\/wp\/v2\/pages\/20\/revisions"}],"predecessor-version":[{"id":985,"href":"https:\/\/emlegis.com\/pl\/wp-json\/wp\/v2\/pages\/20\/revisions\/985"}],"wp:attachment":[{"href":"https:\/\/emlegis.com\/pl\/wp-json\/wp\/v2\/media?parent=20"}],"curies":[{"name":"wp","href":"https:\/\/api.w.org\/{rel}","templated":true}]}}