{"id":705,"date":"2025-01-31T16:22:22","date_gmt":"2025-01-31T16:22:22","guid":{"rendered":"https:\/\/emlegis.com\/?page_id=705"},"modified":"2025-01-31T16:23:44","modified_gmt":"2025-01-31T16:23:44","slug":"privacy-policy","status":"publish","type":"page","link":"https:\/\/emlegis.com\/en\/privacy-policy\/","title":{"rendered":"Politica de privacidad"},"content":{"rendered":"<div data-elementor-type=\"wp-page\" data-elementor-id=\"705\" class=\"elementor elementor-705\" data-elementor-post-type=\"page\">\n\t\t\t\t<div class=\"elementor-element elementor-element-ae25384 e-flex e-con-boxed e-con e-parent\" data-id=\"ae25384\" data-element_type=\"container\">\n\t\t\t\t\t<div class=\"e-con-inner\">\n\t\t\t\t<div class=\"elementor-element elementor-element-5080961 elementor-widget elementor-widget-text-editor\" data-id=\"5080961\" data-element_type=\"widget\" data-widget_type=\"text-editor.default\">\n\t\t\t\t<div class=\"elementor-widget-container\">\n\t\t\t\t\t\t\t\t\t<p><span style=\"font-weight: 400;\">En EM LEGIS estamos comprometidos a proteger sus datos personales. Esta Pol\u00edtica de Privacidad describe c\u00f3mo recopilamos, utilizamos, almacenamos y protegemos su informaci\u00f3n de acuerdo con la legislaci\u00f3n vigente y el Reglamento General de Protecci\u00f3n de Datos (GDPR).<\/span><\/p><p><span style=\"font-weight: 400;\">A los efectos de lo dispuesto en el art. 13 y el art. 14 del RGPD se le facilita la siguiente informaci\u00f3n:<\/span><\/p><p><span style=\"font-weight: 400;\">RESPONSABLE: Ewelina Majcherek<\/span><\/p><p><span style=\"font-weight: 400;\">NIE: X8962644G<\/span><\/p><p><span style=\"font-weight: 400;\">DIRECCI\u00d3N: Carrer Pescadors n\u00famero 9, piso 7, segunda planta; 07-400 Puerto de Alcudia, Mallorca\u00a0<\/span><\/p><p><span style=\"font-weight: 400;\">TEL\u00c9FONO: + 34 674 811 728<\/span><\/p><p><span style=\"font-weight: 400;\">EMAIL: <\/span><span style=\"font-weight: 400;\">abogada@emlegis.com<\/span><\/p><p><b>DATOS QUE RECOPILAMOS<\/b><span style=\"font-weight: 400;\"><br \/><\/span><span style=\"font-weight: 400;\"><br \/><\/span><span style=\"font-weight: 400;\">Recopilamos los siguientes tipos de datos personales:<\/span><span style=\"font-weight: 400;\"><br \/><\/span><span style=\"font-weight: 400;\"><br \/><\/span><span style=\"font-weight: 400;\">&#8211; Informaci\u00f3n de contacto: nombre, direcci\u00f3n, correo electr\u00f3nico, n\u00famero de tel\u00e9fono.<\/span><span style=\"font-weight: 400;\"><br \/><\/span><span style=\"font-weight: 400;\">&#8211; Informaci\u00f3n profesional: cargo, empresa, sector.<\/span><span style=\"font-weight: 400;\"><br \/><\/span><span style=\"font-weight: 400;\">&#8211; Datos relacionados con la prestaci\u00f3n de servicios legales: informaci\u00f3n sobre casos, documentos y comunicaciones.<\/span><\/p><p><span style=\"font-weight: 400;\">Los datos personales proporcionados se conservar\u00e1n, mientras se mantenga la relaci\u00f3n comercial y no se solicite su supresi\u00f3n por el interesado, durante un plazo de 5 a\u00f1os a partir de la \u00faltima contrataci\u00f3n y\/o compra efectuada por usted. Los datos proporcionados se conservar\u00e1n mientras no solicite el cese de la actividad.<\/span><\/p><p><b>FINALIDADES DE TRATAMIENTO<\/b><span style=\"font-weight: 400;\"><br \/><\/span><span style=\"font-weight: 400;\"><br \/><\/span><span style=\"font-weight: 400;\">Sus datos personales ser\u00e1n tratados con las siguientes finalidades:<\/span><span style=\"font-weight: 400;\"><br \/><\/span><span style=\"font-weight: 400;\"><br \/><\/span><span style=\"font-weight: 400;\">&#8211; Proveer servicios legales y asesoramiento jur\u00eddico.<\/span><span style=\"font-weight: 400;\"><br \/><\/span><span style=\"font-weight: 400;\">&#8211; Gestionar la relaci\u00f3n con nuestros clientes y mantener la comunicaci\u00f3n.<\/span><span style=\"font-weight: 400;\"><br \/><\/span><span style=\"font-weight: 400;\">&#8211; Cumplir con obligaciones legales y normativas.<\/span><span style=\"font-weight: 400;\"><br \/><\/span><span style=\"font-weight: 400;\">&#8211; Mejorar nuestros servicios y realizar an\u00e1lisis internos.<\/span><span style=\"font-weight: 400;\"><br \/><br \/><\/span><\/p><p><span style=\"font-weight: 400;\">Sus datos s\u00f3lo ser\u00e1n comunicados a terceros por obligaci\u00f3n legal, con su consentimiento o cuando su petici\u00f3n implique tal comunicaci\u00f3n.\u00a0<\/span><\/p><p>\u00a0<\/p><p><b>BASE LEGAL PARA EL TRATAMIENTO<\/b><span style=\"font-weight: 400;\"><br \/><\/span><span style=\"font-weight: 400;\"><br \/><\/span><span style=\"font-weight: 400;\">El tratamiento de sus datos se basa en las siguientes bases legales:<\/span><\/p><ul><li style=\"font-weight: 400;\" aria-level=\"1\"><span style=\"font-weight: 400;\">Reglamento (UE) 2016\/679 del Parlamento y del Consejo relativo a la protecci\u00f3n de las personas f\u00edsicas en lo que respecta al tratamiento de datos personales.<\/span><\/li><li style=\"font-weight: 400;\" aria-level=\"1\"><span style=\"font-weight: 400;\">Ley Org\u00e1nica 3\/2018, de 5 de diciembre, de protecci\u00f3n de datos personales y\u00a0<\/span><b>garant\u00eda de los derechos digitales<\/b><span style=\"font-weight: 400;\">.<\/span><\/li><li style=\"font-weight: 400;\" aria-level=\"1\"><span style=\"font-weight: 400;\">C\u00f3digo Civil Espa\u00f1ol<\/span><\/li><\/ul><p>\u00a0<\/p><p><b>DERECHOS DE LOS INTERESADOS<\/b><span style=\"font-weight: 400;\"><br \/><\/span><span style=\"font-weight: 400;\"><br \/><\/span><span style=\"font-weight: 400;\">Las personas interesadas tienen derecho a:<\/span><span style=\"font-weight: 400;\"><br \/><\/span><span style=\"font-weight: 400;\"><br \/><\/span><span style=\"font-weight: 400;\">&#8211; Acceder a sus datos personales.<\/span><span style=\"font-weight: 400;\"><br \/><\/span><span style=\"font-weight: 400;\">&#8211; Rectificar datos inexactos o incompletos.<\/span><span style=\"font-weight: 400;\"><br \/><\/span><span style=\"font-weight: 400;\">&#8211; Solicitar la supresi\u00f3n de sus datos.<\/span><span style=\"font-weight: 400;\"><br \/><\/span><span style=\"font-weight: 400;\">&#8211; Limitar el tratamiento de sus datos.<\/span><span style=\"font-weight: 400;\"><br \/><\/span><span style=\"font-weight: 400;\">&#8211; Oponerse al tratamiento de sus datos.<\/span><span style=\"font-weight: 400;\"><br \/><\/span><span style=\"font-weight: 400;\">&#8211; Solicitar la portabilidad de sus datos.<\/span><span style=\"font-weight: 400;\"><br \/><\/span><span style=\"font-weight: 400;\"><br \/><\/span><span style=\"font-weight: 400;\">Puede revocar el consentimiento que hubiese prestado para determinadas finalidades, sin que ello afecte a la licitud del tratamiento basado en el consentimiento previo a su retirada, y presentar una reclamaci\u00f3n ante la Agencia Espa\u00f1ola de Protecci\u00f3n de Datos.\u00a0<\/span><\/p><p><span style=\"font-weight: 400;\">M\u00e1s informaci\u00f3n en web de la Agencia Espa\u00f1ola de Protecci\u00f3n de Datos en <\/span><span style=\"font-weight: 400;\">www.aepd.es<\/span><a href=\"http:\/\/www.aepd.es\"><span style=\"font-weight: 400;\"><br \/><\/span><\/a><\/p>\t\t\t\t\t\t\t\t<\/div>\n\t\t\t\t<\/div>\n\t\t\t\t\t<\/div>\n\t\t\t\t<\/div>\n\t\t\t\t<\/div>","protected":false},"excerpt":{"rendered":"<p>En EM LEGIS estamos comprometidos a proteger sus datos personales. Esta Pol\u00edtica de Privacidad describe c\u00f3mo recopilamos, utilizamos, almacenamos y protegemos su informaci\u00f3n de acuerdo con la legislaci\u00f3n vigente y el Reglamento General de Protecci\u00f3n de Datos (GDPR). A los efectos de lo dispuesto en el art. 13 y el art. 14 del RGPD se [&hellip;]<\/p>","protected":false},"author":1,"featured_media":0,"parent":0,"menu_order":0,"comment_status":"closed","ping_status":"closed","template":"elementor_header_footer","meta":{"inline_featured_image":false,"footnotes":""},"class_list":["post-705","page","type-page","status-publish","hentry"],"yoast_head":"<!-- This site is optimized with the Yoast SEO plugin v24.6 - https:\/\/yoast.com\/wordpress\/plugins\/seo\/ -->\n<title>Politica de privacidad - emlegis.com<\/title>\n<meta name=\"robots\" content=\"index, follow, max-snippet:-1, max-image-preview:large, max-video-preview:-1\" \/>\n<link rel=\"canonical\" href=\"https:\/\/emlegis.com\/en\/privacy-policy\/\" \/>\n<meta property=\"og:locale\" content=\"en_GB\" \/>\n<meta property=\"og:type\" content=\"article\" \/>\n<meta property=\"og:title\" content=\"Politica de privacidad - emlegis.com\" \/>\n<meta property=\"og:description\" content=\"En EM LEGIS estamos comprometidos a proteger sus datos personales. Esta Pol\u00edtica de Privacidad describe c\u00f3mo recopilamos, utilizamos, almacenamos y protegemos su informaci\u00f3n de acuerdo con la legislaci\u00f3n vigente y el Reglamento General de Protecci\u00f3n de Datos (GDPR). A los efectos de lo dispuesto en el art. 13 y el art. 14 del RGPD se [&hellip;]\" \/>\n<meta property=\"og:url\" content=\"https:\/\/emlegis.com\/en\/privacy-policy\/\" \/>\n<meta property=\"og:site_name\" content=\"emlegis.com\" \/>\n<meta property=\"article:modified_time\" content=\"2025-01-31T16:23:44+00:00\" \/>\n<meta name=\"twitter:card\" content=\"summary_large_image\" \/>\n<meta name=\"twitter:label1\" content=\"Estimated reading time\" \/>\n\t<meta name=\"twitter:data1\" content=\"2 minutes\" \/>\n<script type=\"application\/ld+json\" class=\"yoast-schema-graph\">{\"@context\":\"https:\/\/schema.org\",\"@graph\":[{\"@type\":\"WebPage\",\"@id\":\"https:\/\/emlegis.com\/politica-de-privacidad\/\",\"url\":\"https:\/\/emlegis.com\/politica-de-privacidad\/\",\"name\":\"Politica de privacidad - emlegis.com\",\"isPartOf\":{\"@id\":\"https:\/\/emlegis.com\/#website\"},\"datePublished\":\"2025-01-31T16:22:22+00:00\",\"dateModified\":\"2025-01-31T16:23:44+00:00\",\"breadcrumb\":{\"@id\":\"https:\/\/emlegis.com\/politica-de-privacidad\/#breadcrumb\"},\"inLanguage\":\"en-GB\",\"potentialAction\":[{\"@type\":\"ReadAction\",\"target\":[\"https:\/\/emlegis.com\/politica-de-privacidad\/\"]}]},{\"@type\":\"BreadcrumbList\",\"@id\":\"https:\/\/emlegis.com\/politica-de-privacidad\/#breadcrumb\",\"itemListElement\":[{\"@type\":\"ListItem\",\"position\":1,\"name\":\"Portada\",\"item\":\"https:\/\/emlegis.com\/\"},{\"@type\":\"ListItem\",\"position\":2,\"name\":\"Politica de privacidad\"}]},{\"@type\":\"WebSite\",\"@id\":\"https:\/\/emlegis.com\/#website\",\"url\":\"https:\/\/emlegis.com\/\",\"name\":\"emlegis.com\",\"description\":\"\",\"potentialAction\":[{\"@type\":\"SearchAction\",\"target\":{\"@type\":\"EntryPoint\",\"urlTemplate\":\"https:\/\/emlegis.com\/?s={search_term_string}\"},\"query-input\":{\"@type\":\"PropertyValueSpecification\",\"valueRequired\":true,\"valueName\":\"search_term_string\"}}],\"inLanguage\":\"en-GB\"}]}<\/script>\n<!-- \/ Yoast SEO plugin. -->","yoast_head_json":{"title":"Politica de privacidad - emlegis.com","robots":{"index":"index","follow":"follow","max-snippet":"max-snippet:-1","max-image-preview":"max-image-preview:large","max-video-preview":"max-video-preview:-1"},"canonical":"https:\/\/emlegis.com\/en\/privacy-policy\/","og_locale":"en_GB","og_type":"article","og_title":"Politica de privacidad - emlegis.com","og_description":"En EM LEGIS estamos comprometidos a proteger sus datos personales. Esta Pol\u00edtica de Privacidad describe c\u00f3mo recopilamos, utilizamos, almacenamos y protegemos su informaci\u00f3n de acuerdo con la legislaci\u00f3n vigente y el Reglamento General de Protecci\u00f3n de Datos (GDPR). A los efectos de lo dispuesto en el art. 13 y el art. 14 del RGPD se [&hellip;]","og_url":"https:\/\/emlegis.com\/en\/privacy-policy\/","og_site_name":"emlegis.com","article_modified_time":"2025-01-31T16:23:44+00:00","twitter_card":"summary_large_image","twitter_misc":{"Estimated reading time":"2 minutes"},"schema":{"@context":"https:\/\/schema.org","@graph":[{"@type":"WebPage","@id":"https:\/\/emlegis.com\/politica-de-privacidad\/","url":"https:\/\/emlegis.com\/politica-de-privacidad\/","name":"Politica de privacidad - emlegis.com","isPartOf":{"@id":"https:\/\/emlegis.com\/#website"},"datePublished":"2025-01-31T16:22:22+00:00","dateModified":"2025-01-31T16:23:44+00:00","breadcrumb":{"@id":"https:\/\/emlegis.com\/politica-de-privacidad\/#breadcrumb"},"inLanguage":"en-GB","potentialAction":[{"@type":"ReadAction","target":["https:\/\/emlegis.com\/politica-de-privacidad\/"]}]},{"@type":"BreadcrumbList","@id":"https:\/\/emlegis.com\/politica-de-privacidad\/#breadcrumb","itemListElement":[{"@type":"ListItem","position":1,"name":"Portada","item":"https:\/\/emlegis.com\/"},{"@type":"ListItem","position":2,"name":"Politica de privacidad"}]},{"@type":"WebSite","@id":"https:\/\/emlegis.com\/#website","url":"https:\/\/emlegis.com\/","name":"emlegis.com","description":"","potentialAction":[{"@type":"SearchAction","target":{"@type":"EntryPoint","urlTemplate":"https:\/\/emlegis.com\/?s={search_term_string}"},"query-input":{"@type":"PropertyValueSpecification","valueRequired":true,"valueName":"search_term_string"}}],"inLanguage":"en-GB"}]}},"_links":{"self":[{"href":"https:\/\/emlegis.com\/en\/wp-json\/wp\/v2\/pages\/705","targetHints":{"allow":["GET"]}}],"collection":[{"href":"https:\/\/emlegis.com\/en\/wp-json\/wp\/v2\/pages"}],"about":[{"href":"https:\/\/emlegis.com\/en\/wp-json\/wp\/v2\/types\/page"}],"author":[{"embeddable":true,"href":"https:\/\/emlegis.com\/en\/wp-json\/wp\/v2\/users\/1"}],"replies":[{"embeddable":true,"href":"https:\/\/emlegis.com\/en\/wp-json\/wp\/v2\/comments?post=705"}],"version-history":[{"count":4,"href":"https:\/\/emlegis.com\/en\/wp-json\/wp\/v2\/pages\/705\/revisions"}],"predecessor-version":[{"id":710,"href":"https:\/\/emlegis.com\/en\/wp-json\/wp\/v2\/pages\/705\/revisions\/710"}],"wp:attachment":[{"href":"https:\/\/emlegis.com\/en\/wp-json\/wp\/v2\/media?parent=705"}],"curies":[{"name":"wp","href":"https:\/\/api.w.org\/{rel}","templated":true}]}}