{"id":699,"date":"2025-01-31T16:19:41","date_gmt":"2025-01-31T16:19:41","guid":{"rendered":"https:\/\/emlegis.com\/?page_id=699"},"modified":"2025-01-31T16:21:25","modified_gmt":"2025-01-31T16:21:25","slug":"cookie-policy","status":"publish","type":"page","link":"https:\/\/emlegis.com\/en\/cookie-policy\/","title":{"rendered":"Politica de Cookies"},"content":{"rendered":"<div data-elementor-type=\"wp-page\" data-elementor-id=\"699\" class=\"elementor elementor-699\" data-elementor-post-type=\"page\">\n\t\t\t\t<div class=\"elementor-element elementor-element-199d5a4 e-flex e-con-boxed e-con e-parent\" data-id=\"199d5a4\" data-element_type=\"container\">\n\t\t\t\t\t<div class=\"e-con-inner\">\n\t\t\t\t<div class=\"elementor-element elementor-element-061fde7 elementor-widget elementor-widget-text-editor\" data-id=\"061fde7\" data-element_type=\"widget\" data-widget_type=\"text-editor.default\">\n\t\t\t\t<div class=\"elementor-widget-container\">\n\t\t\t\t\t\t\t\t\t<p><b>\u00bfQU\u00c9 SON LAS COOKIES?<\/b><\/p><p><span style=\"font-weight: 400;\">Este sitio web utiliza cookies y\/o tecnolog\u00edas similares que almacenan y recuperan informaci\u00f3n cuando navega. En general, estas tecnolog\u00edas pueden servir para finalidades muy diversas, como, por ejemplo, reconocerle como usuario, obtener informaci\u00f3n sobre sus h\u00e1bitos de navegaci\u00f3n o personalizar la forma en que se muestra el contenido.<\/span><\/p><p><span style=\"font-weight: 400;\">Existen cookies que son controladas y gestionadas por el propio titular de la Web (son llamadas \u201ccookies propias\u201d) y otras que lo son por terceros (son conocidas como \u201ccookies de terceros\u201d), por ejemplo, porque estos proporcionan una herramienta o una funcionalidad integrada a la web.<\/span><\/p><p><span style=\"font-weight: 400;\">Los usos concretos que hacemos de estas tecnolog\u00edas se describen a continuaci\u00f3n.<\/span><\/p><p><span style=\"font-weight: 400;\"><br \/><\/span><b>\u00bfC\u00d3MO SE UTILIZAN COOKIES?<\/b><\/p><p><span style=\"font-weight: 400;\"><br \/><\/span><span style=\"font-weight: 400;\">Al navegar por este portal web el usuario est\u00e1 aceptando que se puedan instalar \u2018cookies\u2019 en su terminal y que nos permiten conocer la siguiente informaci\u00f3n: <\/span><span style=\"font-weight: 400;\"><br \/><\/span><span style=\"font-weight: 400;\">\u00b7 Informaci\u00f3n estad\u00edstica del uso de la web. <\/span><span style=\"font-weight: 400;\"><br \/><\/span><span style=\"font-weight: 400;\">\u00b7 El \u2018login\u2019 del usuario para mantener la sesi\u00f3n activa en la web. <\/span><span style=\"font-weight: 400;\"><br \/><\/span><span style=\"font-weight: 400;\">\u00b7 El formato de la web preferente en el acceso desde dispositivos m\u00f3viles. <\/span><span style=\"font-weight: 400;\"><br \/><\/span><span style=\"font-weight: 400;\">\u00b7 Las \u00faltimas b\u00fasquedas realizadas en los servicios de la web y datos de personalizaci\u00f3n de estos servicios. <\/span><span style=\"font-weight: 400;\"><br \/><\/span><span style=\"font-weight: 400;\">\u00b7 Informaci\u00f3n sobre los anuncios que se muestran al usuario. <\/span><span style=\"font-weight: 400;\"><br \/><\/span><span style=\"font-weight: 400;\">\u00b7 Informaci\u00f3n de las encuestas en las que ha participado el usuario. <\/span><span style=\"font-weight: 400;\"><br \/><\/span><span style=\"font-weight: 400;\">\u00b7 Datos de la conexi\u00f3n con las redes sociales para los usuarios que acceden con su usuario de Facebook o LinkedIn.\u00a0<\/span><\/p><p><b>TIPOS DE COOKIES UTILIZADAS<\/b><\/p><p><span style=\"font-weight: 400;\">En esta web utilizamos los siguientes tipos de cookies:<\/span><\/p><ol><li><b><\/b><b>Cookies t\u00e9cnicas o indispensables a la prestaci\u00f3n de los servicios:<\/b><span style=\"font-weight: 400;\"> Son aquellas que permiten al usuario la navegaci\u00f3n a trav\u00e9s de una p\u00e1gina web, plataforma o aplicaci\u00f3n y la utilizaci\u00f3n de las diferentes opciones o servicios que en ella existan, incluyendo aquellas que se utilizan para permitir la gesti\u00f3n y operativa de la p\u00e1gina web y habilitar sus funciones y servicios, como, por ejemplo, controlar el tr\u00e1fico y la comunicaci\u00f3n de datos, identificar la sesi\u00f3n, acceder a partes de acceso restringido, recordar los elementos que integran un pedido, realizar el proceso de compra de un pedido, gestionar el pago, controlar el fraude vinculado a la seguridad del servicio, realizar la solicitud de inscripci\u00f3n o participaci\u00f3n en un evento, contar visitas a efectos de la facturaci\u00f3n de licencias del software con el que funciona el servicio (sitio web, plataforma o aplicaci\u00f3n), utilizar elementos de seguridad durante la navegaci\u00f3n, almacenar contenidos para la difusi\u00f3n de v\u00eddeos o sonido, habilitar contenidos din\u00e1micos (por ejemplo, animaci\u00f3n de carga de un texto o imagen), compartir contenidos a trav\u00e9s de redes sociales. Tambi\u00e9n se incluyen en esta categor\u00eda las cookies destinadas a la gesti\u00f3n de nuestros espacios publicitarios en base a criterios t\u00e9cnicos como el contenido editado, la frecuencia en la que se muestran los anuncios o el control del origen del cliente potencial cuando \u00e9ste haya activado un enlace publicitario desde una web adherida a programas de marketing por afiliaci\u00f3n<\/span><b>.<\/b><\/li><\/ol><p><span style=\"font-weight: 400;\">Estas cookies est\u00e1n exceptuadas del cumplimiento de las obligaciones establecidas en el art\u00edculo 22.2 de la LSSI<\/span><\/p><p><span style=\"font-weight: 400;\">Se informa al usuario de que al acceder a contenidos de terceros o de redes sociales que se pueden mostrar en nuestra web, es posible que las entidades responsables de \u00e9stos instalen cookies propias con finalidades que exceden las puramente t\u00e9cnicas. Nosotros no tenemos ning\u00fan control sobre estas Cookies, ni realizamos ning\u00fan tratamiento de los datos que puedan recabar. Puede deshabilitar la instalaci\u00f3n de dichas Cookies mediante la configuraci\u00f3n de su navegador seg\u00fan lo descrito en el apartado \u201c\u00bfC\u00d3MO PUEDO GESTIONAR LAS COOKIES?\u201d. Puede obtener m\u00e1s informaci\u00f3n en las pol\u00edticas de cookies de dichos terceros en los siguientes enlaces:<\/span><\/p><ul><li><span style=\"font-weight: 400;\"> \u00a0 \u00a0FACEBOOK (Meta Platforms Ireland Ltd. con domicilio en 4 Grand Canal Square, Grand Canal Harbour, Dublin 2 Ireland.): https:\/\/www.facebook.com\/policies\/cookies\/)<\/span><\/li><li><span style=\"font-weight: 400;\"> \u00a0 \u00a0LINKEDIN (LinkedIn Ireland Unlimited Company, con domicilio en Wilton Plaza<\/span><span style=\"font-weight: 400;\"><br \/><\/span><span style=\"font-weight: 400;\">Wilton Place, Dublin 2, Irlanda.): <\/span><span style=\"font-weight: 400;\">https:\/\/es.linkedin.com\/legal\/cookie-policy<\/span><\/li><\/ul><p>\u00a0<\/p><ol start=\"2\"><li><b><\/b> <b>Cookies de preferencias o personalizaci\u00f3n:<\/b><\/li><\/ol><p><span style=\"font-weight: 400;\">Utilizamos cookies que permiten recordar informaci\u00f3n para que el usuario acceda al servicio con determinadas caracter\u00edsticas que pueden diferenciar su experiencia de la de otros usuarios, como, por ejemplo, el idioma, el aspecto o contenido del servicio en funci\u00f3n del tipo de navegador a trav\u00e9s del cual accede al servicio o de la regi\u00f3n desde la que accede al servicio, etc.<\/span><\/p><p>\u00a0<\/p><ol start=\"3\"><li><b> Cookies publicitarias\u00a0<\/b><\/li><\/ol><p><span style=\"font-weight: 400;\"><br \/><\/span><span style=\"font-weight: 400;\">Son aqu\u00e9llas que permiten la gesti\u00f3n eficaz de los espacios publicitarios que se han incluido en la p\u00e1gina web o aplicaci\u00f3n desde la que se presta el servicio. Permiten adecuar el contenido de la publicidad para que esta sea relevante para el usuario y para evitar mostrar anuncios que el usuario ya haya visto.<\/span><\/p><ol start=\"4\"><li><b> Cookies de an\u00e1lisis o medici\u00f3n<\/b><\/li><\/ol><p><span style=\"font-weight: 400;\">Utilizamos cookies, propias y de terceros, que permiten cuantificar el n\u00famero de usuarios y as\u00ed realizar la medici\u00f3n y an\u00e1lisis estad\u00edstico de la utilizaci\u00f3n que estos hacen del servicio ofertado. Para ello se analiza su navegaci\u00f3n en nuestra p\u00e1gina web con el fin de mejorar los productos o servicios que le ofrecemos.<\/span><\/p><p>\u00a0<\/p><p><b>TRANSFERENCIAS DE DATOS TERCEROS\u00a0<\/b><\/p><p><span style=\"font-weight: 400;\">En algunas p\u00e1ginas web se pueden instalar \u2018cookies\u2019 de terceros que permiten gestionar y mejorar los servicios ofrecidos. Como, por ejemplo, servicios estad\u00edsticos de Google Analytics.<\/span><\/p><p>\u00a0<\/p><p><b>PERIODO DE CONSERVACI\u00d3N DE LOS DATOS<\/b><\/p><p><span style=\"font-weight: 400;\">Ciertas cookies se cancelan una vez finalizada la navegaci\u00f3n en la web (cookies de sesi\u00f3n) mientras que otras pueden seguir almacenadas en el equipo de los usuarios y ser accedidas por un periodo m\u00e1s largo (cookies persistentes).<\/span><\/p><p>\u00a0<\/p><p><b>TRATAMIENTOS DE DATOS PERSONALES Y DERECHOS DEL INTERESADO<\/b><\/p><p><span style=\"font-weight: 400;\">La instalaci\u00f3n de cookies de terceros puede implicar la recogida de datos personales de navegaci\u00f3n, tales como direcciones IP o identificadores en l\u00ednea por dichas empresas para fines de marketing u otros propios de su responsabilidad. Puede informarse sobre los tratamientos de datos personales que, en su caso, realizan los terceros identificados y sobre el modo de ejercer sus derechos en sus correspondientes pol\u00edticas consultando el apartado \u201cServicios\u201d incluido en el gestor de consentimientos disponible en el icono de la huella ubicado en la esquina inferior izquierda de esta web.<\/span><\/p><p><span style=\"font-weight: 400;\">Respecto a nosotros, la informaci\u00f3n obtenida de las cookies s\u00f3lo podr\u00eda ser asociada a un usuario concreto en caso de que dicho usuario est\u00e9 identificado en la web. De ser as\u00ed, dichos datos ser\u00e1n tratados de conformidad con lo establecido en nuestra pol\u00edtica de privacidad.<\/span><\/p><p><span style=\"font-weight: 400;\">En cualquier momento los usuarios afectados podr\u00e1n ejercitar su derecho a solicitar el acceso, la rectificaci\u00f3n o supresi\u00f3n, la limitaci\u00f3n del tratamiento y la portabilidad de sus datos, as\u00ed como a oponerse a su tratamiento y a presentar una reclamaci\u00f3n ante una autoridad de control. M\u00e1s informaci\u00f3n sobre protecci\u00f3n de datos en nuestra pol\u00edtica de privacidad.<\/span><\/p><p>\u00a0<\/p><p><b>\u00bfC\u00d3MO SE PUEDE GESTIONAR LAS COOKIES?<\/b><\/p><p><span style=\"font-weight: 400;\">Puede gestionar las cookies mediante el panel de configuraci\u00f3n o la configuraci\u00f3n de su navegador<\/span><\/p><p><span style=\"font-weight: 400;\">Panel de configuraci\u00f3n de las cookies<\/span><\/p><p><span style=\"font-weight: 400;\">Gestor de consentimientos disponible en el icono de la huella ubicado en la esquina inferior izquierda de esta web<\/span><\/p><p><span style=\"font-weight: 400;\">Par\u00e1metros del navegador<\/span><\/p><p><span style=\"font-weight: 400;\">Puede usted permitir o bloquear las cookies, as\u00ed como borrar sus datos de navegaci\u00f3n (incluidas las cookies) desde el navegador que usted utiliza. Consulte las opciones e instrucciones que ofrece su navegador para ello. Tenga en cuenta que, si acepta las cookies de terceros, deber\u00e1 eliminarlas desde las opciones del navegador.<\/span><\/p><p><span style=\"font-weight: 400;\">Para inhabilitar el uso de cookies publicitarias de terceros, los usuarios pueden igualmente visitar la p\u00e1gina de inhabilitaci\u00f3n de la Iniciativa publicitaria de la red (NAI, Network Advertising Initiative. P\u00e1gina en ingl\u00e9s: <\/span><span style=\"font-weight: 400;\">http:\/\/www.networkadvertising.org\/managing\/opt_out.asp<\/span><span style=\"font-weight: 400;\">).<\/span><\/p><p><span style=\"font-weight: 400;\">Para controlar los pixeles o c\u00f3digos de seguimiento incluidos en los correos electr\u00f3nicos, puede configurar su cliente de correo electr\u00f3nico para que no descargue contenido remoto o im\u00e1genes de forma autom\u00e1tica.<\/span><\/p><p><span style=\"font-weight: 400;\">En caso de desactivar las cookies, es posible que no pueda hacer uso de todas las funcionalidades de la web.<\/span><\/p>\t\t\t\t\t\t\t\t<\/div>\n\t\t\t\t<\/div>\n\t\t\t\t\t<\/div>\n\t\t\t\t<\/div>\n\t\t\t\t<\/div>","protected":false},"excerpt":{"rendered":"<p>\u00bfQU\u00c9 SON LAS COOKIES? Este sitio web utiliza cookies y\/o tecnolog\u00edas similares que almacenan y recuperan informaci\u00f3n cuando navega. En general, estas tecnolog\u00edas pueden servir para finalidades muy diversas, como, por ejemplo, reconocerle como usuario, obtener informaci\u00f3n sobre sus h\u00e1bitos de navegaci\u00f3n o personalizar la forma en que se muestra el contenido. Existen cookies que [&hellip;]<\/p>","protected":false},"author":1,"featured_media":0,"parent":0,"menu_order":0,"comment_status":"closed","ping_status":"closed","template":"elementor_header_footer","meta":{"inline_featured_image":false,"footnotes":""},"class_list":["post-699","page","type-page","status-publish","hentry"],"yoast_head":"<!-- This site is optimized with the Yoast SEO plugin v24.6 - https:\/\/yoast.com\/wordpress\/plugins\/seo\/ -->\n<title>Politica de Cookies - emlegis.com<\/title>\n<meta name=\"robots\" content=\"index, follow, max-snippet:-1, max-image-preview:large, max-video-preview:-1\" \/>\n<link rel=\"canonical\" href=\"https:\/\/emlegis.com\/en\/cookie-policy\/\" \/>\n<meta property=\"og:locale\" content=\"en_GB\" \/>\n<meta property=\"og:type\" content=\"article\" \/>\n<meta property=\"og:title\" content=\"Politica de Cookies - emlegis.com\" \/>\n<meta property=\"og:description\" content=\"\u00bfQU\u00c9 SON LAS COOKIES? Este sitio web utiliza cookies y\/o tecnolog\u00edas similares que almacenan y recuperan informaci\u00f3n cuando navega. En general, estas tecnolog\u00edas pueden servir para finalidades muy diversas, como, por ejemplo, reconocerle como usuario, obtener informaci\u00f3n sobre sus h\u00e1bitos de navegaci\u00f3n o personalizar la forma en que se muestra el contenido. Existen cookies que [&hellip;]\" \/>\n<meta property=\"og:url\" content=\"https:\/\/emlegis.com\/en\/cookie-policy\/\" \/>\n<meta property=\"og:site_name\" content=\"emlegis.com\" \/>\n<meta property=\"article:modified_time\" content=\"2025-01-31T16:21:25+00:00\" \/>\n<meta name=\"twitter:card\" content=\"summary_large_image\" \/>\n<meta name=\"twitter:label1\" content=\"Estimated reading time\" \/>\n\t<meta name=\"twitter:data1\" content=\"7 minutes\" \/>\n<script type=\"application\/ld+json\" class=\"yoast-schema-graph\">{\"@context\":\"https:\/\/schema.org\",\"@graph\":[{\"@type\":\"WebPage\",\"@id\":\"https:\/\/emlegis.com\/politica-de-cookies\/\",\"url\":\"https:\/\/emlegis.com\/politica-de-cookies\/\",\"name\":\"Politica de Cookies - emlegis.com\",\"isPartOf\":{\"@id\":\"https:\/\/emlegis.com\/#website\"},\"datePublished\":\"2025-01-31T16:19:41+00:00\",\"dateModified\":\"2025-01-31T16:21:25+00:00\",\"breadcrumb\":{\"@id\":\"https:\/\/emlegis.com\/politica-de-cookies\/#breadcrumb\"},\"inLanguage\":\"en-GB\",\"potentialAction\":[{\"@type\":\"ReadAction\",\"target\":[\"https:\/\/emlegis.com\/politica-de-cookies\/\"]}]},{\"@type\":\"BreadcrumbList\",\"@id\":\"https:\/\/emlegis.com\/politica-de-cookies\/#breadcrumb\",\"itemListElement\":[{\"@type\":\"ListItem\",\"position\":1,\"name\":\"Portada\",\"item\":\"https:\/\/emlegis.com\/\"},{\"@type\":\"ListItem\",\"position\":2,\"name\":\"Politica de Cookies\"}]},{\"@type\":\"WebSite\",\"@id\":\"https:\/\/emlegis.com\/#website\",\"url\":\"https:\/\/emlegis.com\/\",\"name\":\"emlegis.com\",\"description\":\"\",\"potentialAction\":[{\"@type\":\"SearchAction\",\"target\":{\"@type\":\"EntryPoint\",\"urlTemplate\":\"https:\/\/emlegis.com\/?s={search_term_string}\"},\"query-input\":{\"@type\":\"PropertyValueSpecification\",\"valueRequired\":true,\"valueName\":\"search_term_string\"}}],\"inLanguage\":\"en-GB\"}]}<\/script>\n<!-- \/ Yoast SEO plugin. -->","yoast_head_json":{"title":"Politica de Cookies - emlegis.com","robots":{"index":"index","follow":"follow","max-snippet":"max-snippet:-1","max-image-preview":"max-image-preview:large","max-video-preview":"max-video-preview:-1"},"canonical":"https:\/\/emlegis.com\/en\/cookie-policy\/","og_locale":"en_GB","og_type":"article","og_title":"Politica de Cookies - emlegis.com","og_description":"\u00bfQU\u00c9 SON LAS COOKIES? Este sitio web utiliza cookies y\/o tecnolog\u00edas similares que almacenan y recuperan informaci\u00f3n cuando navega. En general, estas tecnolog\u00edas pueden servir para finalidades muy diversas, como, por ejemplo, reconocerle como usuario, obtener informaci\u00f3n sobre sus h\u00e1bitos de navegaci\u00f3n o personalizar la forma en que se muestra el contenido. Existen cookies que [&hellip;]","og_url":"https:\/\/emlegis.com\/en\/cookie-policy\/","og_site_name":"emlegis.com","article_modified_time":"2025-01-31T16:21:25+00:00","twitter_card":"summary_large_image","twitter_misc":{"Estimated reading time":"7 minutes"},"schema":{"@context":"https:\/\/schema.org","@graph":[{"@type":"WebPage","@id":"https:\/\/emlegis.com\/politica-de-cookies\/","url":"https:\/\/emlegis.com\/politica-de-cookies\/","name":"Politica de Cookies - emlegis.com","isPartOf":{"@id":"https:\/\/emlegis.com\/#website"},"datePublished":"2025-01-31T16:19:41+00:00","dateModified":"2025-01-31T16:21:25+00:00","breadcrumb":{"@id":"https:\/\/emlegis.com\/politica-de-cookies\/#breadcrumb"},"inLanguage":"en-GB","potentialAction":[{"@type":"ReadAction","target":["https:\/\/emlegis.com\/politica-de-cookies\/"]}]},{"@type":"BreadcrumbList","@id":"https:\/\/emlegis.com\/politica-de-cookies\/#breadcrumb","itemListElement":[{"@type":"ListItem","position":1,"name":"Portada","item":"https:\/\/emlegis.com\/"},{"@type":"ListItem","position":2,"name":"Politica de Cookies"}]},{"@type":"WebSite","@id":"https:\/\/emlegis.com\/#website","url":"https:\/\/emlegis.com\/","name":"emlegis.com","description":"","potentialAction":[{"@type":"SearchAction","target":{"@type":"EntryPoint","urlTemplate":"https:\/\/emlegis.com\/?s={search_term_string}"},"query-input":{"@type":"PropertyValueSpecification","valueRequired":true,"valueName":"search_term_string"}}],"inLanguage":"en-GB"}]}},"_links":{"self":[{"href":"https:\/\/emlegis.com\/en\/wp-json\/wp\/v2\/pages\/699","targetHints":{"allow":["GET"]}}],"collection":[{"href":"https:\/\/emlegis.com\/en\/wp-json\/wp\/v2\/pages"}],"about":[{"href":"https:\/\/emlegis.com\/en\/wp-json\/wp\/v2\/types\/page"}],"author":[{"embeddable":true,"href":"https:\/\/emlegis.com\/en\/wp-json\/wp\/v2\/users\/1"}],"replies":[{"embeddable":true,"href":"https:\/\/emlegis.com\/en\/wp-json\/wp\/v2\/comments?post=699"}],"version-history":[{"count":4,"href":"https:\/\/emlegis.com\/en\/wp-json\/wp\/v2\/pages\/699\/revisions"}],"predecessor-version":[{"id":704,"href":"https:\/\/emlegis.com\/en\/wp-json\/wp\/v2\/pages\/699\/revisions\/704"}],"wp:attachment":[{"href":"https:\/\/emlegis.com\/en\/wp-json\/wp\/v2\/media?parent=699"}],"curies":[{"name":"wp","href":"https:\/\/api.w.org\/{rel}","templated":true}]}}