{"id":688,"date":"2025-01-31T16:16:57","date_gmt":"2025-01-31T16:16:57","guid":{"rendered":"https:\/\/emlegis.com\/?page_id=688"},"modified":"2025-01-31T16:18:50","modified_gmt":"2025-01-31T16:18:50","slug":"legal-notice","status":"publish","type":"page","link":"https:\/\/emlegis.com\/en\/legal-notice\/","title":{"rendered":"Legal Note"},"content":{"rendered":"<div data-elementor-type=\"wp-page\" data-elementor-id=\"688\" class=\"elementor elementor-688\" data-elementor-post-type=\"page\">\n\t\t\t\t<div class=\"elementor-element elementor-element-a2ae200 e-flex e-con-boxed e-con e-parent\" data-id=\"a2ae200\" data-element_type=\"container\">\n\t\t\t\t\t<div class=\"e-con-inner\">\n\t\t\t\t<div class=\"elementor-element elementor-element-09ad399 elementor-widget elementor-widget-text-editor\" data-id=\"09ad399\" data-element_type=\"widget\" data-widget_type=\"text-editor.default\">\n\t\t\t\t<div class=\"elementor-widget-container\">\n\t\t\t\t\t\t\t\t\t<p><b>NOTA LEGAL Y CONDICIONES DE USO DE LA WEB<\/b><\/p><p><span style=\"font-weight: 400;\">El acceso a la web <\/span><span style=\"font-weight: 400;\">www.emlegis.com<\/span><span style=\"font-weight: 400;\"> atribuye la condici\u00f3n de USUARIO e implica la aceptaci\u00f3n plena y sin reserva, desde dicho acceso y\/o uso, de la presente nota legal y de la pol\u00edtica de privacidad en su \u00faltima versi\u00f3n. Por ello, aconsejamos que proceda a la lectura de estos documentos, antes de utilizar las funcionalidades ofrecidas por este sitio Web, as\u00ed como cada vez que acceda a \u00e9l, ya que nos reservamos el derecho de cambiar, modificar, a\u00f1adir o eliminar en cualquier momento parte de estas condiciones.<\/span><\/p><p><span style=\"font-weight: 400;\">El mero acceso a esta Web no supone en ning\u00fan caso la existencia de una relaci\u00f3n comercial entre el usuario y la web.<\/span><\/p><ol><li><b> TITULAR DE LA WEB<\/b><\/li><\/ol><p><span style=\"font-weight: 400;\">A los efectos de lo previsto por el Art. 10 de la Ley 34\/ 2002, de 11 de julio, de Servicios de la Sociedad de la Informaci\u00f3n y de Comercio Electr\u00f3nico, se proporciona la siguiente informaci\u00f3n sobre la titular de esta Web:<\/span><\/p><p><span style=\"font-weight: 400;\">&#8211; <\/span><b>Titular de la Web:<\/b><span style=\"font-weight: 400;\"> EWELINA MAJCHEREK ( EM LEGIS, en adelante )\u00a0<\/span><\/p><p><span style=\"font-weight: 400;\">&#8211; <\/span><b>Domicilio:<\/b><span style=\"font-weight: 400;\"> Carrer Pescadors n\u00famero 9, piso 7, segunda planta; 07-400 Puerto de Alcudia, Mallorca<\/span><\/p><p><span style=\"font-weight: 400;\">&#8211; <\/span><b>N\u00famero de identificaci\u00f3n fiscal:<\/b><span style=\"font-weight: 400;\"> X8962644G<\/span><\/p><p><span style=\"font-weight: 400;\">&#8211; <\/span><b>Correo electr\u00f3nico:<\/b> <span style=\"font-weight: 400;\">abogada@emlegis.com<\/span><\/p><p><span style=\"font-weight: 400;\">&#8211; <\/span><b>Tel\u00e9fono:<\/b> <span style=\"font-weight: 400;\">+ 34 674 811 728<\/span><\/p><p><span style=\"font-weight: 400;\">La abogada Ewelina Majcherek est\u00e1 inscrita en el Ilustre Colegio de Abogados de las Islas Baleares con el n\u00famero 7312 <\/span><span style=\"font-weight: 400;\">y est\u00e1 adherida al c\u00f3digo de conducta propio de la profesi\u00f3n de abogac\u00eda, que puede ser consultado electr\u00f3nicamente en la siguiente URL <\/span><span style=\"font-weight: 400;\">https:\/\/www.abogacia.es\/wp-content\/uploads\/2012\/06\/codigo_deontologico1.pdf<\/span><\/p><ol><li><b> CONDICIONES DE USO<\/b><\/li><li><b> Introducci\u00f3n.<\/b><span style=\"font-weight: 400;\"> EM LEGIS ofrece en esta web informaci\u00f3n acerca de los servicios legales prestados en distintas ramas del derecho pudiendo los usuarios solicitar cita previa para resolver sus consultas. Accediendo y utilizando esta web, usted acuerda obligarse a las condiciones que a continuaci\u00f3n se exponen, por lo que se le recomienda que lea cuidadosamente esta secci\u00f3n antes de iniciar su navegaci\u00f3n.<\/span><\/li><li><b> Obligaciones de los Usuarios.<\/b><span style=\"font-weight: 400;\"> Los Usuarios se comprometen a utilizar esta Web de forma l\u00edcita, de acuerdo con lo dispuesto en las presentes condiciones y de forma que no produzcan un perjuicio en los derechos o intereses de EM LEGIS o de terceros. A t\u00edtulo enunciativo y en ning\u00fan caso limitativo o excluyente, el Usuario se compromete igualmente a:<\/span><\/li><\/ol><ul><li style=\"font-weight: 400;\" aria-level=\"1\"><span style=\"font-weight: 400;\">No incurrir en actividades ilegales o contrarias al orden p\u00fablico o a la buena fe;<\/span><\/li><li style=\"font-weight: 400;\" aria-level=\"1\"><span style=\"font-weight: 400;\">No utilizar los datos publicados en la Web para el env\u00edo de comunicaciones no solicitadas (spam).<\/span><\/li><li style=\"font-weight: 400;\" aria-level=\"1\"><span style=\"font-weight: 400;\">No introducir o difundir en la web informaci\u00f3n o contenidos falsos, enga\u00f1osos, ambiguos o inexactos de forma que induzcan a error a los receptores de la informaci\u00f3n, ni tampoco difundir contenidos de car\u00e1cter racista, xen\u00f3fobo, pornogr\u00e1fico, de apolog\u00eda del terrorismo o atentatorio contra los derechos humanos o de los menores;<\/span><\/li><li style=\"font-weight: 400;\" aria-level=\"1\"><span style=\"font-weight: 400;\">No realizar acciones que supongan o conlleven una violaci\u00f3n de los derechos de propiedad intelectual EM LEGIS o de terceros;<\/span><\/li><li style=\"font-weight: 400;\" aria-level=\"1\"><span style=\"font-weight: 400;\">No provocar da\u00f1os en los sistemas f\u00edsicos y l\u00f3gicos de EM LEGIS, de sus proveedores o de terceras personas;<\/span><\/li><li style=\"font-weight: 400;\" aria-level=\"1\"><span style=\"font-weight: 400;\">No introducir o difundir en la red virus inform\u00e1ticos o utilizar cualesquiera otros sistemas f\u00edsicos o l\u00f3gicos que sean susceptibles de provocar los da\u00f1os anteriormente mencionados.<\/span><\/li><li style=\"font-weight: 400;\" aria-level=\"1\"><span style=\"font-weight: 400;\">No suprimir, alterar, eludir o manipular cualquier dispositivo de protecci\u00f3n o sistema de seguridad que estuviera instalado en las p\u00e1ginas de esta Web.<\/span><\/li><\/ul><p>\u00a0<\/p><ol start=\"3\"><li><b> Exclusi\u00f3n de responsabilidad.<\/b><span style=\"font-weight: 400;\"> Esta Web se proporciona \u201ctal como est\u00e1\u201d y su uso se realiza bajo el propio riesgo del Usuario, por lo que, ni EM LEGIS, ni sus administradores, trabajadores, proveedores o colaboradores ser\u00e1n responsables por los da\u00f1os, de cualquier naturaleza, directos o no, que deriven del uso de la Web, excluyendo expresamente EM LEGIS, en toda la medida prevista por la Ley, cualquier tipo de garant\u00edas, ya sean expresas o impl\u00edcitas.<\/span><\/li><\/ol><p><span style=\"font-weight: 400;\">EM LEGIS no garantiza la disponibilidad y accesibilidad de la Web, si bien realizar\u00e1 todos los esfuerzos que sean razonables en este sentido. En ocasiones, podr\u00e1n producirse interrupciones por el tiempo que resulte necesario para la realizaci\u00f3n de las correspondientes operaciones de mantenimiento.<\/span><\/p><p><span style=\"font-weight: 400;\">EM LEGIS no se responsabiliza de posibles da\u00f1os derivados de interferencias, interrupciones, virus inform\u00e1ticos, aver\u00edas telef\u00f3nicas o desconexiones telef\u00f3nicas motivadas por causas ajenas a la citada entidad; de retrasos o bloqueos en el uso del presente sistema electr\u00f3nico causados por deficiencias o sobrecargas en el centro procesador de datos, de l\u00edneas telef\u00f3nicas, en el sistema de Internet o en otros sistemas el\u00e9ctricos; ni tampoco de cualquier otra alteraci\u00f3n que se pueda producir en el Software o Hardware de los Usuarios. Tampoco garantiza la ausencia de virus, malwares, troyanos u otros elementos que puedan producir alteraciones en el sistema inform\u00e1tico, documentos o ficheros del Usuario, excluyendo cualquier responsabilidad por los da\u00f1os de cualquier clase causados al Usuario por este motivo. De igual manera, EM LEGIS no responder\u00e1 por los da\u00f1os causados por terceras personas mediante intromisiones ileg\u00edtimas fuera de su control.<\/span><\/p><p><span style=\"font-weight: 400;\">Tampoco responder\u00e1 de los da\u00f1os y perjuicios causados por el uso o mala utilizaci\u00f3n de los contenidos de la Web, ni por las consecuencias que pudieran derivarse de los errores, defectos u omisiones en los contenidos que pudieran aparecer en esta Web proporcionados por los propios Usuarios u otros terceros. EM LEGIS no asume obligaci\u00f3n ni responsabilidad alguna respecto de aquellos servicios que no preste directamente.<\/span><\/p><ol start=\"4\"><li><b> Enlaces externos. <\/b><span style=\"font-weight: 400;\">En ning\u00fan caso EM LEGIS asumir\u00e1 responsabilidad alguna por los contenidos de los enlaces pertenecientes a un sitio web ajeno, ni garantizar\u00e1 la disponibilidad t\u00e9cnica, calidad, fiabilidad, exactitud, amplitud, veracidad, validez y legalidad de cualquier material o informaci\u00f3n contenida en ninguno de dichos hiperv\u00ednculos u otros sitios de Internet. Igualmente, la inclusi\u00f3n de estas conexiones externas no implicar\u00e1 ning\u00fan tipo de asociaci\u00f3n, fusi\u00f3n o participaci\u00f3n con las entidades conectadas.<\/span><\/li><\/ol><p>\u00a0<\/p><ol start=\"5\"><li><b> Tratamiento de datos personales.<\/b><span style=\"font-weight: 400;\"> Los Usuarios consienten el tratamiento de sus datos personales con el alcance y en los t\u00e9rminos que se indican en nuestra pol\u00edtica de privacidad, la cual est\u00e1 disponible en la home page de la Web, quedando asimismo dicha pol\u00edtica incorporada a las presentes condiciones por referencia. En dicha pol\u00edtica, los Usuarios encontrar\u00e1n informaci\u00f3n sobre la manera de ejercitar sus derechos de acceso, supresi\u00f3n, limitaci\u00f3n y rectificaci\u00f3n de su informaci\u00f3n personal, as\u00ed como el de oposici\u00f3n a su tratamiento y portabilidad.<\/span><\/li><li><b> Propiedad intelectual y derechos de autor.<\/b><span style=\"font-weight: 400;\"> Sin perjuicio de los contenidos sobre los cuales terceros ostentasen derechos intelectuales, los derechos de propiedad intelectual de la Web, el nombre de dominio, su c\u00f3digo fuente, dise\u00f1o y estructura de navegaci\u00f3n y elementos en ella contenidos (a t\u00edtulo enunciativo, im\u00e1genes, sonido, audio, v\u00eddeo, software, o textos; marcas o logotipos, combinaciones de colores, estructura y dise\u00f1o, etc.) son titularidad de EM LEGIS, a quien corresponde el ejercicio exclusivo de los derechos de explotaci\u00f3n de los mismos en cualquier forma, y, en especial los derechos de reproducci\u00f3n, distribuci\u00f3n, comunicaci\u00f3n p\u00fablica y transformaci\u00f3n, conforme a lo previsto por la vigente Ley de Propiedad Intelectual. Quedan expresamente prohibidas la reproducci\u00f3n, distribuci\u00f3n y la comunicaci\u00f3n p\u00fablica, incluida su modalidad de puesta a disposici\u00f3n, de la totalidad o parte de los contenidos de esta web en cualquier soporte y por cualquier medio t\u00e9cnico, sin la autorizaci\u00f3n de EM LEGIS o, en su caso, de los terceros que ostenten los derechos de propiedad intelectual o de autor sobre los contenidos afectados. No obstante lo anterior, el usuario de la web podr\u00e1 visualizar los elementos de esta Web e incluso imprimirlos, copiarlos y almacenarlos en el disco duro de su ordenador o en cualquier otro soporte f\u00edsico siempre y cuando sea, \u00fanica y exclusivamente, para su uso personal y privado. Aquellas entidades o personas que, previa autorizaci\u00f3n del titular de esta web, pretendan establecer un enlace con ella, deber\u00e1n garantizar que \u00fanicamente permite el acceso a esta Web o servicio pero que no realiza reproducci\u00f3n de sus contenidos y servicios.<\/span><\/li><li><b> Nulidad de las cl\u00e1usulas.<\/b><span style=\"font-weight: 400;\"> En caso de que una cl\u00e1usula de las presentes condiciones de uso fuese declarada nula, s\u00f3lo afectar\u00e1 a dicha disposici\u00f3n o a aquella parte que as\u00ed haya sido declarada, subsistiendo las condiciones en todo lo dem\u00e1s y teni\u00e9ndose tal disposici\u00f3n, o la parte afectada, por no puesta.<\/span><\/li><li><b> Aceptaci\u00f3n.<\/b><span style=\"font-weight: 400;\"> El acceso a la Web y su utilizaci\u00f3n implican necesariamente que todas y cada una de las presentes condiciones de uso son expresamente aceptadas por usted.<\/span><\/li><li><b> Ley y jurisdicci\u00f3n aplicables.\u00a0<\/b><span style=\"font-weight: 400;\">La presente web se regir\u00e1 por la ley espa\u00f1ola con exclusi\u00f3n de sus reglas de conflicto de ley y cualquier controversia que pudiera derivarse de su utilizaci\u00f3n o de los servicios vinculados a la misma se someter\u00e1 a la jurisdicci\u00f3n y competencia de los Juzgados y Tribunales de Palma de Mallorca, renunciando expresamente los usuarios a su fuero propio si lo tuvieran.<\/span><\/li><\/ol>\t\t\t\t\t\t\t\t<\/div>\n\t\t\t\t<\/div>\n\t\t\t\t\t<\/div>\n\t\t\t\t<\/div>\n\t\t\t\t<\/div>","protected":false},"excerpt":{"rendered":"<p>NOTA LEGAL Y CONDICIONES DE USO DE LA WEB El acceso a la web www.emlegis.com atribuye la condici\u00f3n de USUARIO e implica la aceptaci\u00f3n plena y sin reserva, desde dicho acceso y\/o uso, de la presente nota legal y de la pol\u00edtica de privacidad en su \u00faltima versi\u00f3n. Por ello, aconsejamos que proceda a la [&hellip;]<\/p>","protected":false},"author":1,"featured_media":0,"parent":0,"menu_order":0,"comment_status":"closed","ping_status":"closed","template":"elementor_header_footer","meta":{"inline_featured_image":false,"footnotes":""},"class_list":["post-688","page","type-page","status-publish","hentry"],"yoast_head":"<!-- This site is optimized with the Yoast SEO plugin v24.6 - https:\/\/yoast.com\/wordpress\/plugins\/seo\/ -->\n<title>Nota legal - emlegis.com<\/title>\n<meta name=\"robots\" content=\"index, follow, max-snippet:-1, max-image-preview:large, max-video-preview:-1\" \/>\n<link rel=\"canonical\" href=\"https:\/\/emlegis.com\/en\/legal-notice\/\" \/>\n<meta property=\"og:locale\" content=\"en_GB\" \/>\n<meta property=\"og:type\" content=\"article\" \/>\n<meta property=\"og:title\" content=\"Nota legal - emlegis.com\" \/>\n<meta property=\"og:description\" content=\"NOTA LEGAL Y CONDICIONES DE USO DE LA WEB El acceso a la web www.emlegis.com atribuye la condici\u00f3n de USUARIO e implica la aceptaci\u00f3n plena y sin reserva, desde dicho acceso y\/o uso, de la presente nota legal y de la pol\u00edtica de privacidad en su \u00faltima versi\u00f3n. Por ello, aconsejamos que proceda a la [&hellip;]\" \/>\n<meta property=\"og:url\" content=\"https:\/\/emlegis.com\/en\/legal-notice\/\" \/>\n<meta property=\"og:site_name\" content=\"emlegis.com\" \/>\n<meta property=\"article:modified_time\" content=\"2025-01-31T16:18:50+00:00\" \/>\n<meta name=\"twitter:card\" content=\"summary_large_image\" \/>\n<meta name=\"twitter:label1\" content=\"Estimated reading time\" \/>\n\t<meta name=\"twitter:data1\" content=\"8 minutes\" \/>\n<script type=\"application\/ld+json\" class=\"yoast-schema-graph\">{\"@context\":\"https:\/\/schema.org\",\"@graph\":[{\"@type\":\"WebPage\",\"@id\":\"https:\/\/emlegis.com\/nota-legal\/\",\"url\":\"https:\/\/emlegis.com\/nota-legal\/\",\"name\":\"Nota legal - emlegis.com\",\"isPartOf\":{\"@id\":\"https:\/\/emlegis.com\/#website\"},\"datePublished\":\"2025-01-31T16:16:57+00:00\",\"dateModified\":\"2025-01-31T16:18:50+00:00\",\"breadcrumb\":{\"@id\":\"https:\/\/emlegis.com\/nota-legal\/#breadcrumb\"},\"inLanguage\":\"en-GB\",\"potentialAction\":[{\"@type\":\"ReadAction\",\"target\":[\"https:\/\/emlegis.com\/nota-legal\/\"]}]},{\"@type\":\"BreadcrumbList\",\"@id\":\"https:\/\/emlegis.com\/nota-legal\/#breadcrumb\",\"itemListElement\":[{\"@type\":\"ListItem\",\"position\":1,\"name\":\"Portada\",\"item\":\"https:\/\/emlegis.com\/\"},{\"@type\":\"ListItem\",\"position\":2,\"name\":\"Nota legal\"}]},{\"@type\":\"WebSite\",\"@id\":\"https:\/\/emlegis.com\/#website\",\"url\":\"https:\/\/emlegis.com\/\",\"name\":\"emlegis.com\",\"description\":\"\",\"potentialAction\":[{\"@type\":\"SearchAction\",\"target\":{\"@type\":\"EntryPoint\",\"urlTemplate\":\"https:\/\/emlegis.com\/?s={search_term_string}\"},\"query-input\":{\"@type\":\"PropertyValueSpecification\",\"valueRequired\":true,\"valueName\":\"search_term_string\"}}],\"inLanguage\":\"en-GB\"}]}<\/script>\n<!-- \/ Yoast SEO plugin. -->","yoast_head_json":{"title":"Nota legal - emlegis.com","robots":{"index":"index","follow":"follow","max-snippet":"max-snippet:-1","max-image-preview":"max-image-preview:large","max-video-preview":"max-video-preview:-1"},"canonical":"https:\/\/emlegis.com\/en\/legal-notice\/","og_locale":"en_GB","og_type":"article","og_title":"Nota legal - emlegis.com","og_description":"NOTA LEGAL Y CONDICIONES DE USO DE LA WEB El acceso a la web www.emlegis.com atribuye la condici\u00f3n de USUARIO e implica la aceptaci\u00f3n plena y sin reserva, desde dicho acceso y\/o uso, de la presente nota legal y de la pol\u00edtica de privacidad en su \u00faltima versi\u00f3n. Por ello, aconsejamos que proceda a la [&hellip;]","og_url":"https:\/\/emlegis.com\/en\/legal-notice\/","og_site_name":"emlegis.com","article_modified_time":"2025-01-31T16:18:50+00:00","twitter_card":"summary_large_image","twitter_misc":{"Estimated reading time":"8 minutes"},"schema":{"@context":"https:\/\/schema.org","@graph":[{"@type":"WebPage","@id":"https:\/\/emlegis.com\/nota-legal\/","url":"https:\/\/emlegis.com\/nota-legal\/","name":"Nota legal - emlegis.com","isPartOf":{"@id":"https:\/\/emlegis.com\/#website"},"datePublished":"2025-01-31T16:16:57+00:00","dateModified":"2025-01-31T16:18:50+00:00","breadcrumb":{"@id":"https:\/\/emlegis.com\/nota-legal\/#breadcrumb"},"inLanguage":"en-GB","potentialAction":[{"@type":"ReadAction","target":["https:\/\/emlegis.com\/nota-legal\/"]}]},{"@type":"BreadcrumbList","@id":"https:\/\/emlegis.com\/nota-legal\/#breadcrumb","itemListElement":[{"@type":"ListItem","position":1,"name":"Portada","item":"https:\/\/emlegis.com\/"},{"@type":"ListItem","position":2,"name":"Nota legal"}]},{"@type":"WebSite","@id":"https:\/\/emlegis.com\/#website","url":"https:\/\/emlegis.com\/","name":"emlegis.com","description":"","potentialAction":[{"@type":"SearchAction","target":{"@type":"EntryPoint","urlTemplate":"https:\/\/emlegis.com\/?s={search_term_string}"},"query-input":{"@type":"PropertyValueSpecification","valueRequired":true,"valueName":"search_term_string"}}],"inLanguage":"en-GB"}]}},"_links":{"self":[{"href":"https:\/\/emlegis.com\/en\/wp-json\/wp\/v2\/pages\/688","targetHints":{"allow":["GET"]}}],"collection":[{"href":"https:\/\/emlegis.com\/en\/wp-json\/wp\/v2\/pages"}],"about":[{"href":"https:\/\/emlegis.com\/en\/wp-json\/wp\/v2\/types\/page"}],"author":[{"embeddable":true,"href":"https:\/\/emlegis.com\/en\/wp-json\/wp\/v2\/users\/1"}],"replies":[{"embeddable":true,"href":"https:\/\/emlegis.com\/en\/wp-json\/wp\/v2\/comments?post=688"}],"version-history":[{"count":8,"href":"https:\/\/emlegis.com\/en\/wp-json\/wp\/v2\/pages\/688\/revisions"}],"predecessor-version":[{"id":698,"href":"https:\/\/emlegis.com\/en\/wp-json\/wp\/v2\/pages\/688\/revisions\/698"}],"wp:attachment":[{"href":"https:\/\/emlegis.com\/en\/wp-json\/wp\/v2\/media?parent=688"}],"curies":[{"name":"wp","href":"https:\/\/api.w.org\/{rel}","templated":true}]}}