{"id":44,"date":"2025-01-03T12:12:05","date_gmt":"2025-01-03T12:12:05","guid":{"rendered":"https:\/\/emlegis.com\/?page_id=44"},"modified":"2025-02-24T11:47:12","modified_gmt":"2025-02-24T11:47:12","slug":"about-us","status":"publish","type":"page","link":"https:\/\/emlegis.com\/en\/about-us\/","title":{"rendered":"About us"},"content":{"rendered":"<div data-elementor-type=\"wp-page\" data-elementor-id=\"44\" class=\"elementor elementor-44\" data-elementor-post-type=\"page\">\n\t\t\t\t<div class=\"elementor-element elementor-element-07ca58a e-con-full e-flex e-con e-parent\" data-id=\"07ca58a\" data-element_type=\"container\">\n\t\t<div class=\"elementor-element elementor-element-3b93ee2 e-con-full e-flex e-con e-child\" data-id=\"3b93ee2\" data-element_type=\"container\" data-settings=\"{&quot;background_background&quot;:&quot;classic&quot;}\">\n\t\t\t\t<\/div>\n\t\t<div class=\"elementor-element elementor-element-cb6c41e e-con-full elementor-hidden-mobile e-flex e-con e-child\" data-id=\"cb6c41e\" data-element_type=\"container\" data-settings=\"{&quot;background_background&quot;:&quot;classic&quot;}\">\n\t\t\t\t<div class=\"elementor-element elementor-element-89b72d1 elementor-widget elementor-widget-heading\" data-id=\"89b72d1\" data-element_type=\"widget\" data-widget_type=\"heading.default\">\n\t\t\t\t<div class=\"elementor-widget-container\">\n\t\t\t\t\t<h1 class=\"elementor-heading-title elementor-size-default\">About us<\/h1>\t\t\t\t<\/div>\n\t\t\t\t<\/div>\n\t\t\t\t<\/div>\n\t\t\t\t<\/div>\n\t\t<div class=\"elementor-element elementor-element-52a23a9 e-flex e-con-boxed e-con e-parent\" data-id=\"52a23a9\" data-element_type=\"container\" data-settings=\"{&quot;background_background&quot;:&quot;classic&quot;}\">\n\t\t\t\t\t<div class=\"e-con-inner\">\n\t\t\t\t<div class=\"elementor-element elementor-element-6491ba4 elementor-widget elementor-widget-heading\" data-id=\"6491ba4\" data-element_type=\"widget\" data-widget_type=\"heading.default\">\n\t\t\t\t<div class=\"elementor-widget-container\">\n\t\t\t\t\t<h1 class=\"elementor-heading-title elementor-size-default\">About us<\/h1>\t\t\t\t<\/div>\n\t\t\t\t<\/div>\n\t\t\t\t\t<\/div>\n\t\t\t\t<\/div>\n\t\t<div class=\"elementor-element elementor-element-7149cec e-con-full e-flex e-con e-parent\" data-id=\"7149cec\" data-element_type=\"container\" data-settings=\"{&quot;background_background&quot;:&quot;classic&quot;}\">\n\t\t<div class=\"elementor-element elementor-element-44a94ce e-con-full e-flex e-con e-child\" data-id=\"44a94ce\" data-element_type=\"container\">\n\t\t\t\t<div class=\"elementor-element elementor-element-b28768d elementor-widget elementor-widget-text-editor\" data-id=\"b28768d\" data-element_type=\"widget\" data-widget_type=\"text-editor.default\">\n\t\t\t\t<div class=\"elementor-widget-container\">\n\t\t\t\t\t\t\t\t\t<p>EM LEGIS is based in Puerto de Alcudia on Mallorca. Founded by Ewelina Majcherek, an attorney of Polish nationality with academic qualifications from both, Poland and Spain. The combination of her language skills (knowledge of Spanish, Polish and English) with the degrees in law and sociology allows her to approach each case with a holistic perspective, understanding both - the legal aspects and the cultural contexts that may influence her clients' situation.<\/p><p>This approach is essential to understand the challenges our clients face in their legal processes. EM LEGIS is committed to provide a service that is not only based on extensive legal knowledge but also on a deep understanding of social dynamics, thereby ensuring effective advice tailored to individual needs.<\/p><p>We support our clients in the legal processes of buying and selling real estate in Spain, with an emphasis on transactions on Mallorca. We also offer legal advice and representation in litigation within the fields of labor and civil law.<\/p>\t\t\t\t\t\t\t\t<\/div>\n\t\t\t\t<\/div>\n\t\t\t\t<div class=\"elementor-element elementor-element-4329449 elementor-widget elementor-widget-button\" data-id=\"4329449\" data-element_type=\"widget\" data-widget_type=\"button.default\">\n\t\t\t\t<div class=\"elementor-widget-container\">\n\t\t\t\t\t\t\t\t\t<div class=\"elementor-button-wrapper\">\n\t\t\t\t\t<a class=\"elementor-button elementor-button-link elementor-size-sm\" href=\"https:\/\/emlegis.com\/en\/practices\/\">\n\t\t\t\t\t\t<span class=\"elementor-button-content-wrapper\">\n\t\t\t\t\t\t\t\t\t<span class=\"elementor-button-text\">Practices<\/span>\n\t\t\t\t\t<\/span>\n\t\t\t\t\t<\/a>\n\t\t\t\t<\/div>\n\t\t\t\t\t\t\t\t<\/div>\n\t\t\t\t<\/div>\n\t\t\t\t<\/div>\n\t\t<div class=\"elementor-element elementor-element-402b521 e-con-full e-flex e-con e-child\" data-id=\"402b521\" data-element_type=\"container\" data-settings=\"{&quot;background_background&quot;:&quot;classic&quot;}\">\n\t\t\t\t<\/div>\n\t\t\t\t<\/div>\n\t\t<div class=\"elementor-element elementor-element-3082d9e e-flex e-con-boxed e-con e-parent\" data-id=\"3082d9e\" data-element_type=\"container\" data-settings=\"{&quot;background_background&quot;:&quot;classic&quot;}\">\n\t\t\t\t\t<div class=\"e-con-inner\">\n\t\t\t\t<div class=\"elementor-element elementor-element-58ed921 elementor-widget elementor-widget-heading\" data-id=\"58ed921\" data-element_type=\"widget\" data-widget_type=\"heading.default\">\n\t\t\t\t<div class=\"elementor-widget-container\">\n\t\t\t\t\t<h1 class=\"elementor-heading-title elementor-size-default\">About attorney Ewelina Majcherek \n<\/h1>\t\t\t\t<\/div>\n\t\t\t\t<\/div>\n\t\t\t\t\t<\/div>\n\t\t\t\t<\/div>\n\t\t<div class=\"elementor-element elementor-element-87b1fb6 e-con-full e-flex e-con e-parent\" data-id=\"87b1fb6\" data-element_type=\"container\" data-settings=\"{&quot;background_background&quot;:&quot;classic&quot;}\">\n\t\t<div class=\"elementor-element elementor-element-60d464c e-con-full e-flex e-con e-child\" data-id=\"60d464c\" data-element_type=\"container\">\n\t\t\t\t<div class=\"elementor-element elementor-element-18a495c elementor-widget elementor-widget-image\" data-id=\"18a495c\" data-element_type=\"widget\" data-widget_type=\"image.default\">\n\t\t\t\t<div class=\"elementor-widget-container\">\n\t\t\t\t\t\t\t\t\t\t\t\t\t\t\t<img fetchpriority=\"high\" decoding=\"async\" width=\"768\" height=\"1152\" src=\"https:\/\/emlegis.com\/wp-content\/uploads\/2025\/01\/Ewelina--768x1152.jpg\" class=\"attachment-medium_large size-medium_large wp-image-195\" alt=\"\" srcset=\"https:\/\/emlegis.com\/wp-content\/uploads\/2025\/01\/Ewelina--768x1152.jpg 768w, https:\/\/emlegis.com\/wp-content\/uploads\/2025\/01\/Ewelina--200x300.jpg 200w, https:\/\/emlegis.com\/wp-content\/uploads\/2025\/01\/Ewelina--683x1024.jpg 683w, https:\/\/emlegis.com\/wp-content\/uploads\/2025\/01\/Ewelina--1024x1536.jpg 1024w, https:\/\/emlegis.com\/wp-content\/uploads\/2025\/01\/Ewelina--1366x2048.jpg 1366w, https:\/\/emlegis.com\/wp-content\/uploads\/2025\/01\/Ewelina--scaled.jpg 1707w\" sizes=\"(max-width: 768px) 100vw, 768px\" \/>\t\t\t\t\t\t\t\t\t\t\t\t\t\t\t<\/div>\n\t\t\t\t<\/div>\n\t\t<div class=\"elementor-element elementor-element-4bd2def e-grid e-con-full e-con e-child\" data-id=\"4bd2def\" data-element_type=\"container\">\n\t\t\t\t<div class=\"elementor-element elementor-element-c1e8f18 elementor-widget elementor-widget-heading\" data-id=\"c1e8f18\" data-element_type=\"widget\" data-widget_type=\"heading.default\">\n\t\t\t\t<div class=\"elementor-widget-container\">\n\t\t\t\t\t<h3 class=\"elementor-heading-title elementor-size-default\">Navigating the complexities of the law with integrity and experience, we are here to assist you in protecting your interests in the legal process.<\/h3>\t\t\t\t<\/div>\n\t\t\t\t<\/div>\n\t\t\t\t<\/div>\n\t\t\t\t<\/div>\n\t\t<div class=\"elementor-element elementor-element-3843d5b e-con-full e-flex e-con e-child\" data-id=\"3843d5b\" data-element_type=\"container\">\n\t\t\t\t<div class=\"elementor-element elementor-element-e4a9e3c elementor-widget elementor-widget-text-editor\" data-id=\"e4a9e3c\" data-element_type=\"widget\" data-widget_type=\"text-editor.default\">\n\t\t\t\t<div class=\"elementor-widget-container\">\n\t\t\t\t\t\t\t\t\t<p>My name is Ewelina Majcherek, and I am an attorney registered in the Mallorca Bar Council (ICAIB) under the number 7312. I come from Poland, where I graduated in Sociology, with specialization in Sociology of Culture, at the University of Szczecin in Poland in 2010. Simultaneously, I also graduated in law, acquiring my degree in 2011 at the same university.<\/p><p>Immediately after finishing my studies, I was offered the opportunity to work as an academic teacher and sociologist at the University of Szczecin. At that time, I was conducting research, initiated while I was still a student, on the acculturation process of Polish migrants living abroad, including Spain. The profession of sociologist allowed me to deepen my knowledge of cultural and social dynamics in an international setting.<\/p><p>The desire to put theoretical knowledge into practice led me to travel from Poland, first to Greece, and then to Spain, where I have been living on Mallorca since 2014.<\/p><p>A strong connection with the academic world motivated me to study law at the University of the Balearic Islands, graduating in 2023. This is particularly significant in my current profession, as graduating in law, both in Poland and Spain, has allowed me to gain an in-depth understanding of both legal systems. The education in sociology and law gives me the ability to apply my knowledge in practice and offer more comprehensive and specialized advice to my clients.<\/p><p>In 2024 I completed my master\u2019s degree in advocacy and legal representation at the University of the Balearic Islands, with the intention of enriching my professional skills and being able to practice as an attorney in Spain. In the same year I passed the state examination, which allowed me to become a member of the Mallorca Bar Council (ICAIB) as an attorney. In my profession I try to connect my sociological and legal skills with the understanding of cultural diversity and knowledge of languages (fluent Spanish, Polish and English and communicative German).<\/p><p>I consider myself an empathetic, understanding person with listening skills, which allows me to understand social situations and cultural contexts, especially in the international field. My goal is to help people who wish to live in Spain, and need legal support, to adapt to a new reality, providing them with the necessary legal advice to facilitate their integration and success in this new environment.<\/p><p>I am passionate about Property and Labor Law, especially in international contexts, where I can apply my experience and communication skills to offer a comprehensive service tailored to the needs of my clients.<\/p>\t\t\t\t\t\t\t\t<\/div>\n\t\t\t\t<\/div>\n\t\t\t\t<div class=\"elementor-element elementor-element-67a32c6 elementor-view-default elementor-widget elementor-widget-icon\" data-id=\"67a32c6\" data-element_type=\"widget\" data-widget_type=\"icon.default\">\n\t\t\t\t<div class=\"elementor-widget-container\">\n\t\t\t\t\t\t\t<div class=\"elementor-icon-wrapper\">\n\t\t\t<a class=\"elementor-icon\" href=\"https:\/\/www.linkedin.com\/in\/ewelina-majcherek-95525a8a\/\">\n\t\t\t<svg xmlns=\"http:\/\/www.w3.org\/2000\/svg\" id=\"OBJECTS\" viewbox=\"0 0 75.98 75.98\"><defs><style>      .cls-1 {        fill: #fff;        stroke-width: 0px;      }    <\/style><\/defs><path class=\"cls-1\" d=\"m39.47,70.92c-18.16,0-32.94-14.78-32.94-32.94S21.31,5.05,39.47,5.05s32.94,14.78,32.94,32.94-14.78,32.94-32.94,32.94Zm0-64.87c-17.61,0-31.94,14.33-31.94,31.94s14.33,31.94,31.94,31.94,31.94-14.33,31.94-31.94S57.08,6.05,39.47,6.05Z\"><\/path><path class=\"cls-1\" d=\"m54.28,41.19v10.95h-6.35v-10.22c0-2.57-.92-4.32-3.22-4.32-1.75,0-2.8,1.18-3.26,2.32-.17.41-.21.97-.21,1.55v10.66h-6.35s.09-17.3,0-19.09h6.35v2.71s-.03.04-.04.06h.04v-.06c.84-1.3,2.35-3.15,5.72-3.15,4.18,0,7.31,2.73,7.31,8.59h0Zm-26.02-17.35c-2.17,0-3.59,1.43-3.59,3.3s1.38,3.3,3.51,3.3h.04c2.21,0,3.59-1.47,3.59-3.3-.04-1.87-1.38-3.3-3.55-3.3h0Zm-3.22,28.3h6.35v-19.1h-6.35v19.1Z\"><\/path><\/svg>\t\t\t<\/a>\n\t\t<\/div>\n\t\t\t\t\t\t<\/div>\n\t\t\t\t<\/div>\n\t\t\t\t<\/div>\n\t\t\t\t<\/div>\n\t\t<div class=\"elementor-element elementor-element-32a724a e-con-full e-flex e-con e-parent\" data-id=\"32a724a\" data-element_type=\"container\" data-settings=\"{&quot;background_background&quot;:&quot;classic&quot;}\">\n\t\t\t\t<\/div>\n\t\t<div class=\"elementor-element elementor-element-ce7cbaf e-flex e-con-boxed e-con e-parent\" data-id=\"ce7cbaf\" data-element_type=\"container\" data-settings=\"{&quot;background_background&quot;:&quot;classic&quot;}\">\n\t\t\t\t\t<div class=\"e-con-inner\">\n\t\t\t\t<div class=\"elementor-element elementor-element-ad4987d elementor-widget elementor-widget-heading\" data-id=\"ad4987d\" data-element_type=\"widget\" data-widget_type=\"heading.default\">\n\t\t\t\t<div class=\"elementor-widget-container\">\n\t\t\t\t\t<h1 class=\"elementor-heading-title elementor-size-default\">Our Philosophy<\/h1>\t\t\t\t<\/div>\n\t\t\t\t<\/div>\n\t\t\t\t\t<\/div>\n\t\t\t\t<\/div>\n\t\t<div class=\"elementor-element elementor-element-c07fc64 e-con-full e-flex e-con e-parent\" data-id=\"c07fc64\" data-element_type=\"container\" data-settings=\"{&quot;background_background&quot;:&quot;classic&quot;}\">\n\t\t<div class=\"elementor-element elementor-element-5a37dda e-con-full e-flex e-con e-child\" data-id=\"5a37dda\" data-element_type=\"container\">\n\t\t\t\t<div class=\"elementor-element elementor-element-16cc6c7 elementor-widget elementor-widget-heading\" data-id=\"16cc6c7\" data-element_type=\"widget\" data-widget_type=\"heading.default\">\n\t\t\t\t<div class=\"elementor-widget-container\">\n\t\t\t\t\t<h2 class=\"elementor-heading-title elementor-size-default\">Trust<\/h2>\t\t\t\t<\/div>\n\t\t\t\t<\/div>\n\t\t\t\t<div class=\"elementor-element elementor-element-96f6214 elementor-widget elementor-widget-text-editor\" data-id=\"96f6214\" data-element_type=\"widget\" data-widget_type=\"text-editor.default\">\n\t\t\t\t<div class=\"elementor-widget-container\">\n\t\t\t\t\t\t\t\t\t<p>We believe in relations based on transparency and open communication. Our priority is to provide security, understanding and support to our clients, in each step of the legal process, creating an environment where they can express their concerns and receive honest advice, based on legal knowledge.<\/p>\t\t\t\t\t\t\t\t<\/div>\n\t\t\t\t<\/div>\n\t\t\t\t<\/div>\n\t\t<div class=\"elementor-element elementor-element-b2a91d4 e-con-full e-flex e-con e-child\" data-id=\"b2a91d4\" data-element_type=\"container\">\n\t\t\t\t<div class=\"elementor-element elementor-element-6c636cd elementor-widget elementor-widget-heading\" data-id=\"6c636cd\" data-element_type=\"widget\" data-widget_type=\"heading.default\">\n\t\t\t\t<div class=\"elementor-widget-container\">\n\t\t\t\t\t<h2 class=\"elementor-heading-title elementor-size-default\">Cultural and legal understanding<\/h2>\t\t\t\t<\/div>\n\t\t\t\t<\/div>\n\t\t\t\t<div class=\"elementor-element elementor-element-e39002d elementor-widget elementor-widget-text-editor\" data-id=\"e39002d\" data-element_type=\"widget\" data-widget_type=\"text-editor.default\">\n\t\t\t\t<div class=\"elementor-widget-container\">\n\t\t\t\t\t\t\t\t\t<p>Valoramos la diversidad de nuestros clientes internacionales. Estamos formados en conocer no solamente las normas del ordenamiento jur\u00eddico espa\u00f1ol, sino tambi\u00e9n polaco y las normas de derecho internacional p\u00fablico. Esto nos permite ofrecer un asesoramiento que se alinea con las expectativas y necesidades espec\u00edficas de nuestros clientes.<\/p>\t\t\t\t\t\t\t\t<\/div>\n\t\t\t\t<\/div>\n\t\t\t\t<\/div>\n\t\t<div class=\"elementor-element elementor-element-a7c7a09 e-con-full e-flex e-con e-child\" data-id=\"a7c7a09\" data-element_type=\"container\">\n\t\t\t\t<div class=\"elementor-element elementor-element-91e90af elementor-widget elementor-widget-heading\" data-id=\"91e90af\" data-element_type=\"widget\" data-widget_type=\"heading.default\">\n\t\t\t\t<div class=\"elementor-widget-container\">\n\t\t\t\t\t<h2 class=\"elementor-heading-title elementor-size-default\">Inclusion in the Legal Process<\/h2>\t\t\t\t<\/div>\n\t\t\t\t<\/div>\n\t\t\t\t<div class=\"elementor-element elementor-element-72b315a elementor-widget elementor-widget-text-editor\" data-id=\"72b315a\" data-element_type=\"widget\" data-widget_type=\"text-editor.default\">\n\t\t\t\t<div class=\"elementor-widget-container\">\n\t\t\t\t\t\t\t\t\t<p>We believe in the importance of building strong and respectful relationships. We create an environment where every voice is heard, and every situation is valued, ensuring that all our clients feel understood and supported in their legal needs.<\/p>\t\t\t\t\t\t\t\t<\/div>\n\t\t\t\t<\/div>\n\t\t\t\t<\/div>\n\t\t\t\t<\/div>\n\t\t\t\t<\/div>","protected":false},"excerpt":{"rendered":"<p>Qui\u00e9nes Somos Qui\u00e9nes Somos EM LEGIS tiene su sede en el Puerto de Alcudia en Mallorca. Fundado por Ewelina Majcherek una abogada de nacionalidad polaca con la formaci\u00f3n acad\u00e9mica y profesional recibida tanto en Polonia como en Espa\u00f1a. La combinaci\u00f3n de sus habilidades ling\u00fc\u00edsticas (conocimiento de espa\u00f1ol, polaco e ingl\u00e9s) con sus licenciaturas en derecho [&hellip;]<\/p>","protected":false},"author":1,"featured_media":0,"parent":0,"menu_order":0,"comment_status":"closed","ping_status":"closed","template":"elementor_header_footer","meta":{"inline_featured_image":false,"footnotes":""},"class_list":["post-44","page","type-page","status-publish","hentry"],"yoast_head":"<!-- This site is optimized with the Yoast SEO plugin v24.6 - https:\/\/yoast.com\/wordpress\/plugins\/seo\/ -->\n<title>Qui\u00e9nes Somos - emlegis.com<\/title>\n<meta name=\"robots\" content=\"index, follow, max-snippet:-1, max-image-preview:large, max-video-preview:-1\" \/>\n<link rel=\"canonical\" href=\"https:\/\/emlegis.com\/en\/about-us\/\" \/>\n<meta property=\"og:locale\" content=\"en_GB\" \/>\n<meta property=\"og:type\" content=\"article\" \/>\n<meta property=\"og:title\" content=\"Qui\u00e9nes Somos - emlegis.com\" \/>\n<meta property=\"og:description\" content=\"Qui\u00e9nes Somos Qui\u00e9nes Somos EM LEGIS tiene su sede en el Puerto de Alcudia en Mallorca. Fundado por Ewelina Majcherek una abogada de nacionalidad polaca con la formaci\u00f3n acad\u00e9mica y profesional recibida tanto en Polonia como en Espa\u00f1a. La combinaci\u00f3n de sus habilidades ling\u00fc\u00edsticas (conocimiento de espa\u00f1ol, polaco e ingl\u00e9s) con sus licenciaturas en derecho [&hellip;]\" \/>\n<meta property=\"og:url\" content=\"https:\/\/emlegis.com\/en\/about-us\/\" \/>\n<meta property=\"og:site_name\" content=\"emlegis.com\" \/>\n<meta property=\"article:modified_time\" content=\"2025-02-24T11:47:12+00:00\" \/>\n<meta property=\"og:image\" content=\"https:\/\/emlegis.com\/wp-content\/uploads\/2025\/01\/Ewelina--scaled.jpg\" \/>\n\t<meta property=\"og:image:width\" content=\"1707\" \/>\n\t<meta property=\"og:image:height\" content=\"2560\" \/>\n\t<meta property=\"og:image:type\" content=\"image\/jpeg\" \/>\n<meta name=\"twitter:card\" content=\"summary_large_image\" \/>\n<meta name=\"twitter:label1\" content=\"Estimated reading time\" \/>\n\t<meta name=\"twitter:data1\" content=\"4 minutes\" \/>\n<script type=\"application\/ld+json\" class=\"yoast-schema-graph\">{\"@context\":\"https:\/\/schema.org\",\"@graph\":[{\"@type\":\"WebPage\",\"@id\":\"https:\/\/emlegis.com\/quienes-somos\/\",\"url\":\"https:\/\/emlegis.com\/quienes-somos\/\",\"name\":\"Qui\u00e9nes Somos - emlegis.com\",\"isPartOf\":{\"@id\":\"https:\/\/emlegis.com\/#website\"},\"primaryImageOfPage\":{\"@id\":\"https:\/\/emlegis.com\/quienes-somos\/#primaryimage\"},\"image\":{\"@id\":\"https:\/\/emlegis.com\/quienes-somos\/#primaryimage\"},\"thumbnailUrl\":\"https:\/\/emlegis.com\/wp-content\/uploads\/2025\/01\/Ewelina--768x1152.jpg\",\"datePublished\":\"2025-01-03T12:12:05+00:00\",\"dateModified\":\"2025-02-24T11:47:12+00:00\",\"breadcrumb\":{\"@id\":\"https:\/\/emlegis.com\/quienes-somos\/#breadcrumb\"},\"inLanguage\":\"en-GB\",\"potentialAction\":[{\"@type\":\"ReadAction\",\"target\":[\"https:\/\/emlegis.com\/quienes-somos\/\"]}]},{\"@type\":\"ImageObject\",\"inLanguage\":\"en-GB\",\"@id\":\"https:\/\/emlegis.com\/quienes-somos\/#primaryimage\",\"url\":\"https:\/\/emlegis.com\/wp-content\/uploads\/2025\/01\/Ewelina--768x1152.jpg\",\"contentUrl\":\"https:\/\/emlegis.com\/wp-content\/uploads\/2025\/01\/Ewelina--768x1152.jpg\"},{\"@type\":\"BreadcrumbList\",\"@id\":\"https:\/\/emlegis.com\/quienes-somos\/#breadcrumb\",\"itemListElement\":[{\"@type\":\"ListItem\",\"position\":1,\"name\":\"Portada\",\"item\":\"https:\/\/emlegis.com\/\"},{\"@type\":\"ListItem\",\"position\":2,\"name\":\"Qui\u00e9nes Somos\"}]},{\"@type\":\"WebSite\",\"@id\":\"https:\/\/emlegis.com\/#website\",\"url\":\"https:\/\/emlegis.com\/\",\"name\":\"emlegis.com\",\"description\":\"\",\"potentialAction\":[{\"@type\":\"SearchAction\",\"target\":{\"@type\":\"EntryPoint\",\"urlTemplate\":\"https:\/\/emlegis.com\/?s={search_term_string}\"},\"query-input\":{\"@type\":\"PropertyValueSpecification\",\"valueRequired\":true,\"valueName\":\"search_term_string\"}}],\"inLanguage\":\"en-GB\"}]}<\/script>\n<!-- \/ Yoast SEO plugin. -->","yoast_head_json":{"title":"Qui\u00e9nes Somos - emlegis.com","robots":{"index":"index","follow":"follow","max-snippet":"max-snippet:-1","max-image-preview":"max-image-preview:large","max-video-preview":"max-video-preview:-1"},"canonical":"https:\/\/emlegis.com\/en\/about-us\/","og_locale":"en_GB","og_type":"article","og_title":"Qui\u00e9nes Somos - emlegis.com","og_description":"Qui\u00e9nes Somos Qui\u00e9nes Somos EM LEGIS tiene su sede en el Puerto de Alcudia en Mallorca. Fundado por Ewelina Majcherek una abogada de nacionalidad polaca con la formaci\u00f3n acad\u00e9mica y profesional recibida tanto en Polonia como en Espa\u00f1a. La combinaci\u00f3n de sus habilidades ling\u00fc\u00edsticas (conocimiento de espa\u00f1ol, polaco e ingl\u00e9s) con sus licenciaturas en derecho [&hellip;]","og_url":"https:\/\/emlegis.com\/en\/about-us\/","og_site_name":"emlegis.com","article_modified_time":"2025-02-24T11:47:12+00:00","og_image":[{"width":1707,"height":2560,"url":"https:\/\/emlegis.com\/wp-content\/uploads\/2025\/01\/Ewelina--scaled.jpg","type":"image\/jpeg"}],"twitter_card":"summary_large_image","twitter_misc":{"Estimated reading time":"4 minutes"},"schema":{"@context":"https:\/\/schema.org","@graph":[{"@type":"WebPage","@id":"https:\/\/emlegis.com\/quienes-somos\/","url":"https:\/\/emlegis.com\/quienes-somos\/","name":"Qui\u00e9nes Somos - emlegis.com","isPartOf":{"@id":"https:\/\/emlegis.com\/#website"},"primaryImageOfPage":{"@id":"https:\/\/emlegis.com\/quienes-somos\/#primaryimage"},"image":{"@id":"https:\/\/emlegis.com\/quienes-somos\/#primaryimage"},"thumbnailUrl":"https:\/\/emlegis.com\/wp-content\/uploads\/2025\/01\/Ewelina--768x1152.jpg","datePublished":"2025-01-03T12:12:05+00:00","dateModified":"2025-02-24T11:47:12+00:00","breadcrumb":{"@id":"https:\/\/emlegis.com\/quienes-somos\/#breadcrumb"},"inLanguage":"en-GB","potentialAction":[{"@type":"ReadAction","target":["https:\/\/emlegis.com\/quienes-somos\/"]}]},{"@type":"ImageObject","inLanguage":"en-GB","@id":"https:\/\/emlegis.com\/quienes-somos\/#primaryimage","url":"https:\/\/emlegis.com\/wp-content\/uploads\/2025\/01\/Ewelina--768x1152.jpg","contentUrl":"https:\/\/emlegis.com\/wp-content\/uploads\/2025\/01\/Ewelina--768x1152.jpg"},{"@type":"BreadcrumbList","@id":"https:\/\/emlegis.com\/quienes-somos\/#breadcrumb","itemListElement":[{"@type":"ListItem","position":1,"name":"Portada","item":"https:\/\/emlegis.com\/"},{"@type":"ListItem","position":2,"name":"Qui\u00e9nes Somos"}]},{"@type":"WebSite","@id":"https:\/\/emlegis.com\/#website","url":"https:\/\/emlegis.com\/","name":"emlegis.com","description":"","potentialAction":[{"@type":"SearchAction","target":{"@type":"EntryPoint","urlTemplate":"https:\/\/emlegis.com\/?s={search_term_string}"},"query-input":{"@type":"PropertyValueSpecification","valueRequired":true,"valueName":"search_term_string"}}],"inLanguage":"en-GB"}]}},"_links":{"self":[{"href":"https:\/\/emlegis.com\/en\/wp-json\/wp\/v2\/pages\/44","targetHints":{"allow":["GET"]}}],"collection":[{"href":"https:\/\/emlegis.com\/en\/wp-json\/wp\/v2\/pages"}],"about":[{"href":"https:\/\/emlegis.com\/en\/wp-json\/wp\/v2\/types\/page"}],"author":[{"embeddable":true,"href":"https:\/\/emlegis.com\/en\/wp-json\/wp\/v2\/users\/1"}],"replies":[{"embeddable":true,"href":"https:\/\/emlegis.com\/en\/wp-json\/wp\/v2\/comments?post=44"}],"version-history":[{"count":130,"href":"https:\/\/emlegis.com\/en\/wp-json\/wp\/v2\/pages\/44\/revisions"}],"predecessor-version":[{"id":1003,"href":"https:\/\/emlegis.com\/en\/wp-json\/wp\/v2\/pages\/44\/revisions\/1003"}],"wp:attachment":[{"href":"https:\/\/emlegis.com\/en\/wp-json\/wp\/v2\/media?parent=44"}],"curies":[{"name":"wp","href":"https:\/\/api.w.org\/{rel}","templated":true}]}}