{"id":20,"date":"2025-01-03T11:30:14","date_gmt":"2025-01-03T11:30:14","guid":{"rendered":"https:\/\/emlegis.com\/?page_id=20"},"modified":"2025-02-24T09:43:58","modified_gmt":"2025-02-24T09:43:58","slug":"home","status":"publish","type":"page","link":"https:\/\/emlegis.com\/en","title":{"rendered":"Home"},"content":{"rendered":"<div data-elementor-type=\"wp-page\" data-elementor-id=\"20\" class=\"elementor elementor-20\" data-elementor-post-type=\"page\">\n\t\t\t\t<div class=\"elementor-element elementor-element-aec7dde e-con-full e-grid e-con e-parent\" data-id=\"aec7dde\" data-element_type=\"container\" data-settings=\"{&quot;background_background&quot;:&quot;classic&quot;}\">\n\t\t\t\t<div class=\"elementor-element elementor-element-6e6e4be elementor-hidden-mobile elementor-widget elementor-widget-text-editor\" data-id=\"6e6e4be\" data-element_type=\"widget\" data-widget_type=\"text-editor.default\">\n\t\t\t\t<div class=\"elementor-widget-container\">\n\t\t\t\t\t\t\t\t\t<p><strong>Ewelina Majcherek<\/strong> \u2013 Spanish attorney of Polish nationality, with a degree in law and sociology, acquired in Spain and Poland, member of the Mallorca Bar Council (ICAIB) under the number 7312.<\/p>\t\t\t\t\t\t\t\t<\/div>\n\t\t\t\t<\/div>\n\t\t\t\t<div class=\"elementor-element elementor-element-eee63d1 elementor-widget elementor-widget-spacer\" data-id=\"eee63d1\" data-element_type=\"widget\" data-widget_type=\"spacer.default\">\n\t\t\t\t<div class=\"elementor-widget-container\">\n\t\t\t\t\t\t\t<div class=\"elementor-spacer\">\n\t\t\t<div class=\"elementor-spacer-inner\"><\/div>\n\t\t<\/div>\n\t\t\t\t\t\t<\/div>\n\t\t\t\t<\/div>\n\t\t\t\t<div class=\"elementor-element elementor-element-f51a0f0 elementor-align-left elementor-hidden-mobile elementor-widget elementor-widget-button\" data-id=\"f51a0f0\" data-element_type=\"widget\" data-widget_type=\"button.default\">\n\t\t\t\t<div class=\"elementor-widget-container\">\n\t\t\t\t\t\t\t\t\t<div class=\"elementor-button-wrapper\">\n\t\t\t\t\t<a class=\"elementor-button elementor-button-link elementor-size-sm\" href=\"https:\/\/emlegis.com\/en\/contact\/\">\n\t\t\t\t\t\t<span class=\"elementor-button-content-wrapper\">\n\t\t\t\t\t\t\t\t\t<span class=\"elementor-button-text\">Contact<\/span>\n\t\t\t\t\t<\/span>\n\t\t\t\t\t<\/a>\n\t\t\t\t<\/div>\n\t\t\t\t\t\t\t\t<\/div>\n\t\t\t\t<\/div>\n\t\t\t\t<div class=\"elementor-element elementor-element-373e5d8 elementor-widget elementor-widget-spacer\" data-id=\"373e5d8\" data-element_type=\"widget\" data-widget_type=\"spacer.default\">\n\t\t\t\t<div class=\"elementor-widget-container\">\n\t\t\t\t\t\t\t<div class=\"elementor-spacer\">\n\t\t\t<div class=\"elementor-spacer-inner\"><\/div>\n\t\t<\/div>\n\t\t\t\t\t\t<\/div>\n\t\t\t\t<\/div>\n\t\t\t\t<\/div>\n\t\t<div class=\"elementor-element elementor-element-616a274 elementor-hidden-desktop elementor-hidden-tablet e-flex e-con-boxed e-con e-parent\" data-id=\"616a274\" data-element_type=\"container\" data-settings=\"{&quot;background_background&quot;:&quot;classic&quot;}\">\n\t\t\t\t\t<div class=\"e-con-inner\">\n\t\t\t\t<div class=\"elementor-element elementor-element-87d3b4d elementor-widget-mobile__width-inherit elementor-widget elementor-widget-text-editor\" data-id=\"87d3b4d\" data-element_type=\"widget\" data-widget_type=\"text-editor.default\">\n\t\t\t\t<div class=\"elementor-widget-container\">\n\t\t\t\t\t\t\t\t\t<p><strong>Ewelina Majcherek<\/strong> \u2013 Spanish attorney of Polish nationality, with a degree in law and sociology, acquired in Spain and Poland, member of the Mallorca Bar Council (ICAIB) under the number 7312.<\/p>\t\t\t\t\t\t\t\t<\/div>\n\t\t\t\t<\/div>\n\t\t\t\t<div class=\"elementor-element elementor-element-d21eb50 elementor-align-left elementor-mobile-align-left elementor-widget elementor-widget-button\" data-id=\"d21eb50\" data-element_type=\"widget\" data-widget_type=\"button.default\">\n\t\t\t\t<div class=\"elementor-widget-container\">\n\t\t\t\t\t\t\t\t\t<div class=\"elementor-button-wrapper\">\n\t\t\t\t\t<a class=\"elementor-button elementor-button-link elementor-size-sm\" href=\"https:\/\/emlegis.com\/en\/contact\/\">\n\t\t\t\t\t\t<span class=\"elementor-button-content-wrapper\">\n\t\t\t\t\t\t\t\t\t<span class=\"elementor-button-text\">Contact<\/span>\n\t\t\t\t\t<\/span>\n\t\t\t\t\t<\/a>\n\t\t\t\t<\/div>\n\t\t\t\t\t\t\t\t<\/div>\n\t\t\t\t<\/div>\n\t\t\t\t\t<\/div>\n\t\t\t\t<\/div>\n\t\t<div class=\"elementor-element elementor-element-f1782d8 e-flex e-con-boxed e-con e-parent\" data-id=\"f1782d8\" data-element_type=\"container\" data-settings=\"{&quot;background_background&quot;:&quot;classic&quot;}\">\n\t\t\t\t\t<div class=\"e-con-inner\">\n\t\t\t\t<div class=\"elementor-element elementor-element-0ff4853 elementor-widget elementor-widget-heading\" data-id=\"0ff4853\" data-element_type=\"widget\" data-widget_type=\"heading.default\">\n\t\t\t\t<div class=\"elementor-widget-container\">\n\t\t\t\t\t<h1 class=\"elementor-heading-title elementor-size-default\">About us<\/h1>\t\t\t\t<\/div>\n\t\t\t\t<\/div>\n\t\t\t\t\t<\/div>\n\t\t\t\t<\/div>\n\t\t<div class=\"elementor-element elementor-element-9abb078 e-con-full e-flex e-con e-parent\" data-id=\"9abb078\" data-element_type=\"container\" data-settings=\"{&quot;background_background&quot;:&quot;classic&quot;}\">\n\t\t<div class=\"elementor-element elementor-element-1a6567e e-con-full e-flex e-con e-child\" data-id=\"1a6567e\" data-element_type=\"container\" data-settings=\"{&quot;background_background&quot;:&quot;classic&quot;}\">\n\t\t\t\t<\/div>\n\t\t<div class=\"elementor-element elementor-element-032e7d0 e-con-full e-flex e-con e-child\" data-id=\"032e7d0\" data-element_type=\"container\">\n\t\t\t\t<div class=\"elementor-element elementor-element-7e4c16a elementor-widget elementor-widget-text-editor\" data-id=\"7e4c16a\" data-element_type=\"widget\" data-widget_type=\"text-editor.default\">\n\t\t\t\t<div class=\"elementor-widget-container\">\n\t\t\t\t\t\t\t\t\t<p>EM LEGIS tiene su sede en el Puerto de Alcudia en Mallorca. Fundado por Ewelina Majcherek, una abogada de nacionalidad polaca con la formaci\u00f3n acad\u00e9mica y profesional recibida tanto en Polonia como en Espa\u00f1a. La combinaci\u00f3n de sus habilidades ling\u00fc\u00edsticas (conocimiento de espa\u00f1ol, polaco e ingl\u00e9s) con sus licenciaturas en derecho y sociolog\u00eda le permite abordar cada caso con una perspectiva integral, entendiendo tanto los aspectos legales como los contextos culturales que pueden influir en la situaci\u00f3n de sus clientes.<\/p>\n<p>This approach is essential to understand the challenges our clients face in their legal processes. EM LEGIS is committed to provide a service that is not only based on extensive legal knowledge but also on a deep understanding of social dynamics, thereby ensuring effective advice tailored to individual needs.<\/p>\n<p>We support our clients in the legal processes of buying and selling real estate in Spain, with an emphasis on transactions on Mallorca. We also offer legal advice and representation in litigation within the fields of labor and civil law.<\/p>\t\t\t\t\t\t\t\t<\/div>\n\t\t\t\t<\/div>\n\t\t\t\t<div class=\"elementor-element elementor-element-c3e084c elementor-mobile-align-center elementor-widget elementor-widget-button\" data-id=\"c3e084c\" data-element_type=\"widget\" data-widget_type=\"button.default\">\n\t\t\t\t<div class=\"elementor-widget-container\">\n\t\t\t\t\t\t\t\t\t<div class=\"elementor-button-wrapper\">\n\t\t\t\t\t<a class=\"elementor-button elementor-button-link elementor-size-sm\" href=\"https:\/\/emlegis.com\/en\/about-us\/\">\n\t\t\t\t\t\t<span class=\"elementor-button-content-wrapper\">\n\t\t\t\t\t\t\t\t\t<span class=\"elementor-button-text\">Read more<\/span>\n\t\t\t\t\t<\/span>\n\t\t\t\t\t<\/a>\n\t\t\t\t<\/div>\n\t\t\t\t\t\t\t\t<\/div>\n\t\t\t\t<\/div>\n\t\t\t\t<\/div>\n\t\t\t\t<\/div>\n\t\t<div class=\"elementor-element elementor-element-ed24c0b e-flex e-con-boxed e-con e-parent\" data-id=\"ed24c0b\" data-element_type=\"container\" data-settings=\"{&quot;background_background&quot;:&quot;classic&quot;}\">\n\t\t\t\t\t<div class=\"e-con-inner\">\n\t\t\t\t<div class=\"elementor-element elementor-element-3152aa4 elementor-widget elementor-widget-heading\" data-id=\"3152aa4\" data-element_type=\"widget\" data-widget_type=\"heading.default\">\n\t\t\t\t<div class=\"elementor-widget-container\">\n\t\t\t\t\t<h1 class=\"elementor-heading-title elementor-size-default\">Practices<\/h1>\t\t\t\t<\/div>\n\t\t\t\t<\/div>\n\t\t\t\t\t<\/div>\n\t\t\t\t<\/div>\n\t\t<div class=\"elementor-element elementor-element-26c58dd e-con-full e-flex e-con e-parent\" data-id=\"26c58dd\" data-element_type=\"container\" data-settings=\"{&quot;background_background&quot;:&quot;classic&quot;}\">\n\t\t<div class=\"elementor-element elementor-element-555af7e e-con-full e-flex e-con e-child\" data-id=\"555af7e\" data-element_type=\"container\">\n\t\t\t\t<div class=\"elementor-element elementor-element-a54ea23 elementor-widget elementor-widget-text-editor\" data-id=\"a54ea23\" data-element_type=\"widget\" data-widget_type=\"text-editor.default\">\n\t\t\t\t<div class=\"elementor-widget-container\">\n\t\t\t\t\t\t\t\t\t<p>We provide a wide range of legal services, specialized to meet the expectations\nof our clients. We mainly focus on property law, but we also act in the field of labor and\ncivil law. Our mission is to provide a personalized service, with an ethical and\nprofessional approach.<\/p>\t\t\t\t\t\t\t\t<\/div>\n\t\t\t\t<\/div>\n\t\t\t\t<div class=\"elementor-element elementor-element-3147865 elementor-align-left elementor-widget elementor-widget-button\" data-id=\"3147865\" data-element_type=\"widget\" data-widget_type=\"button.default\">\n\t\t\t\t<div class=\"elementor-widget-container\">\n\t\t\t\t\t\t\t\t\t<div class=\"elementor-button-wrapper\">\n\t\t\t\t\t<a class=\"elementor-button elementor-button-link elementor-size-sm\" href=\"https:\/\/emlegis.com\/en\/about-us\/\">\n\t\t\t\t\t\t<span class=\"elementor-button-content-wrapper\">\n\t\t\t\t\t\t\t\t\t<span class=\"elementor-button-text\">Read more<\/span>\n\t\t\t\t\t<\/span>\n\t\t\t\t\t<\/a>\n\t\t\t\t<\/div>\n\t\t\t\t\t\t\t\t<\/div>\n\t\t\t\t<\/div>\n\t\t\t\t<\/div>\n\t\t<div class=\"elementor-element elementor-element-18b82f8 e-grid e-con-full e-con e-child\" data-id=\"18b82f8\" data-element_type=\"container\">\n\t\t\t\t<div class=\"elementor-element elementor-element-7a414ae elementor-widget elementor-widget-heading\" data-id=\"7a414ae\" data-element_type=\"widget\" data-widget_type=\"heading.default\">\n\t\t\t\t<div class=\"elementor-widget-container\">\n\t\t\t\t\t<h2 class=\"elementor-heading-title elementor-size-default\">PROPERTY LAW<\/h2>\t\t\t\t<\/div>\n\t\t\t\t<\/div>\n\t\t\t\t<div class=\"elementor-element elementor-element-e3bc5d0 elementor-widget elementor-widget-heading\" data-id=\"e3bc5d0\" data-element_type=\"widget\" data-widget_type=\"heading.default\">\n\t\t\t\t<div class=\"elementor-widget-container\">\n\t\t\t\t\t<h2 class=\"elementor-heading-title elementor-size-default\">LABOR LAW<\/h2>\t\t\t\t<\/div>\n\t\t\t\t<\/div>\n\t\t\t\t<div class=\"elementor-element elementor-element-b3e98dc elementor-widget elementor-widget-heading\" data-id=\"b3e98dc\" data-element_type=\"widget\" data-widget_type=\"heading.default\">\n\t\t\t\t<div class=\"elementor-widget-container\">\n\t\t\t\t\t<h2 class=\"elementor-heading-title elementor-size-default\">CIVIL LAW<\/h2>\t\t\t\t<\/div>\n\t\t\t\t<\/div>\n\t\t\t\t<div class=\"elementor-element elementor-element-198be45 elementor-widget elementor-widget-heading\" data-id=\"198be45\" data-element_type=\"widget\" data-widget_type=\"heading.default\">\n\t\t\t\t<div class=\"elementor-widget-container\">\n\t\t\t\t\t<h2 class=\"elementor-heading-title elementor-size-default\">LANGUAGE SKILLS<\/h2>\t\t\t\t<\/div>\n\t\t\t\t<\/div>\n\t\t\t\t<div class=\"elementor-element elementor-element-95a3483 elementor-widget elementor-widget-heading\" data-id=\"95a3483\" data-element_type=\"widget\" data-widget_type=\"heading.default\">\n\t\t\t\t<div class=\"elementor-widget-container\">\n\t\t\t\t\t<h2 class=\"elementor-heading-title elementor-size-default\">CONSULTATIONS<\/h2>\t\t\t\t<\/div>\n\t\t\t\t<\/div>\n\t\t\t\t<\/div>\n\t\t\t\t<\/div>\n\t\t<div class=\"elementor-element elementor-element-b2395f4 e-con-full e-flex e-con e-parent\" data-id=\"b2395f4\" data-element_type=\"container\" data-settings=\"{&quot;background_background&quot;:&quot;classic&quot;}\">\n\t\t<div class=\"elementor-element elementor-element-7b96377 e-con-full e-flex e-con e-child\" data-id=\"7b96377\" data-element_type=\"container\" data-settings=\"{&quot;background_background&quot;:&quot;slideshow&quot;,&quot;background_slideshow_gallery&quot;:[],&quot;background_slideshow_loop&quot;:&quot;yes&quot;,&quot;background_slideshow_slide_duration&quot;:5000,&quot;background_slideshow_slide_transition&quot;:&quot;fade&quot;,&quot;background_slideshow_transition_duration&quot;:500}\">\n\t\t\t\t<div class=\"elementor-element elementor-element-f3504dd elementor-widget elementor-widget-heading\" data-id=\"f3504dd\" data-element_type=\"widget\" data-widget_type=\"heading.default\">\n\t\t\t\t<div class=\"elementor-widget-container\">\n\t\t\t\t\t<h2 class=\"elementor-heading-title elementor-size-default\">With a passion for justice and a commitment to your success, we stand by your side,\noffering expert legal advice tailored to your specific circumstances.<\/h2>\t\t\t\t<\/div>\n\t\t\t\t<\/div>\n\t\t\t\t<\/div>\n\t\t<div class=\"elementor-element elementor-element-aca6e4c e-flex e-con-boxed e-con e-child\" data-id=\"aca6e4c\" data-element_type=\"container\" data-settings=\"{&quot;background_background&quot;:&quot;classic&quot;}\">\n\t\t\t\t\t<div class=\"e-con-inner\">\n\t\t\t\t<div class=\"elementor-element elementor-element-c8676d5 elementor-widget elementor-widget-spacer\" data-id=\"c8676d5\" data-element_type=\"widget\" data-widget_type=\"spacer.default\">\n\t\t\t\t<div class=\"elementor-widget-container\">\n\t\t\t\t\t\t\t<div class=\"elementor-spacer\">\n\t\t\t<div class=\"elementor-spacer-inner\"><\/div>\n\t\t<\/div>\n\t\t\t\t\t\t<\/div>\n\t\t\t\t<\/div>\n\t\t\t\t\t<\/div>\n\t\t\t\t<\/div>\n\t\t\t\t<\/div>\n\t\t\t\t<\/div>","protected":false},"excerpt":{"rendered":"<p>Ewelina Majcherek &#8211; Abogada polaca con la formaci\u00f3n jur\u00eddica y sociol\u00f3gica recibida en Espa\u00f1a y Polonia, colegiada en el Ilustre Colegio de Abogados de las Islas Baleares (ICAIB) con el n\u00famero 7312 Contacto Ewelina Majcherek &#8211; Abogada polaca con la formaci\u00f3n jur\u00eddica y sociol\u00f3gica recibida en Espa\u00f1a y Polonia, colegiada en el Ilustre Colegio de [&hellip;]<\/p>","protected":false},"author":1,"featured_media":0,"parent":0,"menu_order":0,"comment_status":"closed","ping_status":"closed","template":"elementor_header_footer","meta":{"inline_featured_image":false,"footnotes":""},"class_list":["post-20","page","type-page","status-publish","hentry"],"yoast_head":"<!-- This site is optimized with the Yoast SEO plugin v24.6 - https:\/\/yoast.com\/wordpress\/plugins\/seo\/ -->\n<title>Home - emlegis.com<\/title>\n<meta name=\"robots\" content=\"index, follow, max-snippet:-1, max-image-preview:large, max-video-preview:-1\" \/>\n<link rel=\"canonical\" href=\"https:\/\/emlegis.com\/en\" \/>\n<meta property=\"og:locale\" content=\"en_GB\" \/>\n<meta property=\"og:type\" content=\"article\" \/>\n<meta property=\"og:title\" content=\"Home - emlegis.com\" \/>\n<meta property=\"og:description\" content=\"Ewelina Majcherek &#8211; Abogada polaca con la formaci\u00f3n jur\u00eddica y sociol\u00f3gica recibida en Espa\u00f1a y Polonia, colegiada en el Ilustre Colegio de Abogados de las Islas Baleares (ICAIB) con el n\u00famero 7312 Contacto Ewelina Majcherek &#8211; Abogada polaca con la formaci\u00f3n jur\u00eddica y sociol\u00f3gica recibida en Espa\u00f1a y Polonia, colegiada en el Ilustre Colegio de [&hellip;]\" \/>\n<meta property=\"og:url\" content=\"https:\/\/emlegis.com\/en\" \/>\n<meta property=\"og:site_name\" content=\"emlegis.com\" \/>\n<meta property=\"article:modified_time\" content=\"2025-02-24T09:43:58+00:00\" \/>\n<meta name=\"twitter:card\" content=\"summary_large_image\" \/>\n<meta name=\"twitter:label1\" content=\"Estimated reading time\" \/>\n\t<meta name=\"twitter:data1\" content=\"2 minutes\" \/>\n<script type=\"application\/ld+json\" class=\"yoast-schema-graph\">{\"@context\":\"https:\/\/schema.org\",\"@graph\":[{\"@type\":\"WebPage\",\"@id\":\"https:\/\/emlegis.com\/\",\"url\":\"https:\/\/emlegis.com\/\",\"name\":\"Home - emlegis.com\",\"isPartOf\":{\"@id\":\"https:\/\/emlegis.com\/#website\"},\"datePublished\":\"2025-01-03T11:30:14+00:00\",\"dateModified\":\"2025-02-24T09:43:58+00:00\",\"breadcrumb\":{\"@id\":\"https:\/\/emlegis.com\/#breadcrumb\"},\"inLanguage\":\"en-GB\",\"potentialAction\":[{\"@type\":\"ReadAction\",\"target\":[\"https:\/\/emlegis.com\/\"]}]},{\"@type\":\"BreadcrumbList\",\"@id\":\"https:\/\/emlegis.com\/#breadcrumb\",\"itemListElement\":[{\"@type\":\"ListItem\",\"position\":1,\"name\":\"Portada\",\"item\":\"https:\/\/emlegis.com\/\"},{\"@type\":\"ListItem\",\"position\":2,\"name\":\"Home\"}]},{\"@type\":\"WebSite\",\"@id\":\"https:\/\/emlegis.com\/#website\",\"url\":\"https:\/\/emlegis.com\/\",\"name\":\"emlegis.com\",\"description\":\"\",\"potentialAction\":[{\"@type\":\"SearchAction\",\"target\":{\"@type\":\"EntryPoint\",\"urlTemplate\":\"https:\/\/emlegis.com\/?s={search_term_string}\"},\"query-input\":{\"@type\":\"PropertyValueSpecification\",\"valueRequired\":true,\"valueName\":\"search_term_string\"}}],\"inLanguage\":\"en-GB\"}]}<\/script>\n<!-- \/ Yoast SEO plugin. -->","yoast_head_json":{"title":"Home - emlegis.com","robots":{"index":"index","follow":"follow","max-snippet":"max-snippet:-1","max-image-preview":"max-image-preview:large","max-video-preview":"max-video-preview:-1"},"canonical":"https:\/\/emlegis.com\/en","og_locale":"en_GB","og_type":"article","og_title":"Home - emlegis.com","og_description":"Ewelina Majcherek &#8211; Abogada polaca con la formaci\u00f3n jur\u00eddica y sociol\u00f3gica recibida en Espa\u00f1a y Polonia, colegiada en el Ilustre Colegio de Abogados de las Islas Baleares (ICAIB) con el n\u00famero 7312 Contacto Ewelina Majcherek &#8211; Abogada polaca con la formaci\u00f3n jur\u00eddica y sociol\u00f3gica recibida en Espa\u00f1a y Polonia, colegiada en el Ilustre Colegio de [&hellip;]","og_url":"https:\/\/emlegis.com\/en","og_site_name":"emlegis.com","article_modified_time":"2025-02-24T09:43:58+00:00","twitter_card":"summary_large_image","twitter_misc":{"Estimated reading time":"2 minutes"},"schema":{"@context":"https:\/\/schema.org","@graph":[{"@type":"WebPage","@id":"https:\/\/emlegis.com\/","url":"https:\/\/emlegis.com\/","name":"Home - emlegis.com","isPartOf":{"@id":"https:\/\/emlegis.com\/#website"},"datePublished":"2025-01-03T11:30:14+00:00","dateModified":"2025-02-24T09:43:58+00:00","breadcrumb":{"@id":"https:\/\/emlegis.com\/#breadcrumb"},"inLanguage":"en-GB","potentialAction":[{"@type":"ReadAction","target":["https:\/\/emlegis.com\/"]}]},{"@type":"BreadcrumbList","@id":"https:\/\/emlegis.com\/#breadcrumb","itemListElement":[{"@type":"ListItem","position":1,"name":"Portada","item":"https:\/\/emlegis.com\/"},{"@type":"ListItem","position":2,"name":"Home"}]},{"@type":"WebSite","@id":"https:\/\/emlegis.com\/#website","url":"https:\/\/emlegis.com\/","name":"emlegis.com","description":"","potentialAction":[{"@type":"SearchAction","target":{"@type":"EntryPoint","urlTemplate":"https:\/\/emlegis.com\/?s={search_term_string}"},"query-input":{"@type":"PropertyValueSpecification","valueRequired":true,"valueName":"search_term_string"}}],"inLanguage":"en-GB"}]}},"_links":{"self":[{"href":"https:\/\/emlegis.com\/en\/wp-json\/wp\/v2\/pages\/20","targetHints":{"allow":["GET"]}}],"collection":[{"href":"https:\/\/emlegis.com\/en\/wp-json\/wp\/v2\/pages"}],"about":[{"href":"https:\/\/emlegis.com\/en\/wp-json\/wp\/v2\/types\/page"}],"author":[{"embeddable":true,"href":"https:\/\/emlegis.com\/en\/wp-json\/wp\/v2\/users\/1"}],"replies":[{"embeddable":true,"href":"https:\/\/emlegis.com\/en\/wp-json\/wp\/v2\/comments?post=20"}],"version-history":[{"count":283,"href":"https:\/\/emlegis.com\/en\/wp-json\/wp\/v2\/pages\/20\/revisions"}],"predecessor-version":[{"id":985,"href":"https:\/\/emlegis.com\/en\/wp-json\/wp\/v2\/pages\/20\/revisions\/985"}],"wp:attachment":[{"href":"https:\/\/emlegis.com\/en\/wp-json\/wp\/v2\/media?parent=20"}],"curies":[{"name":"wp","href":"https:\/\/api.w.org\/{rel}","templated":true}]}}